{"id":29192,"date":"2025-10-14T17:02:50","date_gmt":"2025-10-14T14:02:50","guid":{"rendered":"https:\/\/toolhouse.fi\/?post_type=product&#038;p=29192"},"modified":"2025-12-10T21:09:58","modified_gmt":"2025-12-10T19:09:58","slug":"pk-4500a-400v","status":"publish","type":"product","link":"https:\/\/toolhouse.fi\/fi\/tuote\/pk-4500a-400v\/","title":{"rendered":"PK-4500A 400V"},"content":{"rendered":"<table style=\"height: 485px;\" border=\"0\" width=\"436\" cellspacing=\"0\" cellpadding=\"2\">\n<tbody>\n<tr>\n<td width=\"322\"><span style=\"color: #282828;\"><b>Nostokyky :<\/b><\/span><\/td>\n<td width=\"93\"><span style=\"color: #282828;\">4500 kg<\/span><\/td>\n<\/tr>\n<tr>\n<td bgcolor=\"#f1f1f1\" width=\"322\"><span style=\"color: #282828;\"><b>Nostokorkeus:<\/b><\/span><\/td>\n<td bgcolor=\"#f1f1f1\" width=\"93\"><span style=\"color: #282828;\">100 \u20131900mm<\/span><\/td>\n<\/tr>\n<tr>\n<td width=\"322\"><span style=\"color: #282828;\"><b>Automaattinen turvalukitus 24v:<\/b><\/span><\/td>\n<td width=\"93\"><span style=\"color: #282828;\">Kyll\u00e4<\/span><\/td>\n<\/tr>\n<tr>\n<td bgcolor=\"#f1f1f1\" width=\"322\"><span style=\"color: #282828;\"><b>K\u00e4ytt\u00f6 :<\/b><\/span><\/td>\n<td bgcolor=\"#f1f1f1\" width=\"93\"><span style=\"color: #282828;\">s\u00e4hk\u00f6hydraulinen<\/span><\/td>\n<\/tr>\n<tr>\n<td width=\"322\"><span style=\"color: #282828;\"><b>Nostoaika :<\/b><\/span><\/td>\n<td width=\"93\"><span style=\"color: #282828;\">30 sek<\/span><\/td>\n<\/tr>\n<tr>\n<td bgcolor=\"#f1f1f1\" width=\"322\"><span style=\"color: #282828;\"><b>230V pistorasia :<\/b><\/span><\/td>\n<td bgcolor=\"#f1f1f1\" width=\"93\"><span style=\"color: #282828;\">Kyll\u00e4<\/span><\/td>\n<\/tr>\n<tr>\n<td width=\"322\"><span style=\"color: #282828;\"><b><strong>Pilarien sis\u00e4leveys<\/strong>:<\/b><\/span><\/p>\n<p><span style=\"color: #282828;\"><strong>L\u00e4piajoleveys:<\/strong><\/span><\/td>\n<td width=\"93\"><span style=\"color: #282828;\">2800 mm<\/span><\/p>\n<p><span style=\"color: #282828;\">2550 mm<\/span><\/td>\n<\/tr>\n<tr>\n<td bgcolor=\"#f1f1f1\" width=\"322\"><span style=\"color: #282828;\"><b>Korkeus :<\/b><\/span><\/td>\n<td bgcolor=\"#f1f1f1\" width=\"93\"><span style=\"color: #282828;\">2800 mm<\/span><\/td>\n<\/tr>\n<tr>\n<td width=\"322\"><span style=\"color: #282828;\"><b>Ulkoleveys :<\/b><\/span><\/p>\n<p><span style=\"color: #282828;\"><strong>Paino:<\/strong><\/span><\/td>\n<td width=\"93\"><span style=\"color: #282828;\">3300 mm<\/span><\/p>\n<p><span style=\"color: #282828;\">680kg<\/span><\/td>\n<\/tr>\n<tr>\n<td bgcolor=\"#f1f1f1\" width=\"322\"><span style=\"color: #282828;\"><b>J\u00e4nnite :<\/b><\/span><\/td>\n<td bgcolor=\"#f1f1f1\" width=\"93\"><span style=\"color: #282828;\">400V<\/span><\/td>\n<\/tr>\n<tr>\n<td width=\"322\"><span style=\"color: #282828;\"><b>Takuu :<\/b><\/span><\/td>\n<td width=\"93\"><span style=\"color: #282828;\">12 kuukautta<\/span><\/td>\n<\/tr>\n<tr>\n<td bgcolor=\"#f1f1f1\" width=\"322\"><span style=\"color: #282828;\"><b>Ce h<\/b><strong>yv\u00e4ksytty :<\/strong><\/span><\/td>\n<td bgcolor=\"#f1f1f1\" width=\"93\"><span style=\"color: #282828;\">Kyll\u00e4<\/span><\/td>\n<\/tr>\n<tr>\n<td width=\"322\"><\/td>\n<td width=\"93\"><\/td>\n<\/tr>\n<tr>\n<td bgcolor=\"#f1f1f1\" width=\"322\"><span style=\"color: #282828;\"><strong>Moottorin teho:<\/strong><\/span><\/td>\n<td bgcolor=\"#f1f1f1\" width=\"93\"><span style=\"color: #282828;\">2,2kw<\/span><\/td>\n<\/tr>\n<tr>\n<td width=\"322\"><span style=\"color: #282828;\"><strong>Ohjausj\u00e4nnite:<\/strong><\/span><\/p>\n<p>&nbsp;<\/p>\n<p><span style=\"color: #282828;\"><strong>Malli<\/strong><\/span><\/td>\n<td width=\"93\"><span style=\"color: #282828;\">24 v<\/span><\/p>\n<p>&nbsp;<\/p>\n<p><span style=\"color: #282828;\">Pk-4500A<\/span><\/td>\n<\/tr>\n<\/tbody>\n<\/table>\n<div class=\"ts-lookup-pivot\">\n<ul>\n<li>Takuu 1 vuosi.<\/li>\n<li>Kaikki varaosat saatavilla!<\/li>\n<li>Kaikki nostimet toimitetaan ilman hydrauli\u00f6ljyj\u00e4.<\/li>\n<\/ul>\n<\/div>\n<p>&nbsp;<\/p>\n","protected":false},"excerpt":{"rendered":"<ul>\n<li tabindex=\"0\" role=\"label\">Hydraulinen 2-pilarinostin.<\/li>\n<li tabindex=\"0\" role=\"label\">400V<\/li>\n<li tabindex=\"0\" role=\"label\">Nostokyky 4500kg.<\/li>\n<li tabindex=\"0\" role=\"label\">Pitk\u00e4t symmetriset 3-osaiset nostovarret<\/li>\n<li tabindex=\"0\" role=\"label\">Nostokorkeus 100 \u2013 1900 mm.<\/li>\n<li tabindex=\"0\" role=\"label\">Automaattiset 24V turvalukot.<\/li>\n<li tabindex=\"0\" role=\"label\">Korkeus 2800mm<\/li>\n<li tabindex=\"0\" role=\"label\">230V pistorasia<\/li>\n<\/ul>\n<p>&nbsp;<\/p>\n<p><strong>PK-4500A<\/strong><\/p>\n<p>PK-4500A:ssa on suuri 4500 kg:n nostokyky sek\u00e4 pitk\u00e4t 3-osaiset nostovarret, mik\u00e4 tekee siit\u00e4 sopivan sek\u00e4 pienille ett\u00e4 suuremmille ajoneuvoille.<\/p>\n<p>Nostimessa on korkea rakennuslaatu, ja se on sek\u00e4 turvallinen ett\u00e4 kest\u00e4v\u00e4. Nostotyynyt on valmistettu \u00f6ljynkest\u00e4v\u00e4st\u00e4 kumista, ja lis\u00e4varusteina on saatavilla korokepaloja eri pituuksilla.<\/p>\n<p>&nbsp;<\/p>\n<p><strong>Korkea turvallisuus<\/strong><\/p>\n<div class=\"ts-lookup-pivot\">\n<div id=\"Lookup\" class=\"ts-pivot-lookup-component\">\n<div class=\"ms-Grid ts-grid\">\n<div class=\"ms-Grid-row\">\n<div class=\"ts-textfield-container \" lang=\"fi\">\n<div class=\"ts-alignment-view-container\">\n<p>PK-4500A:ss\u00e4 lukitusj\u00e4rjestelm\u00e4 aktivoituu automaattisesti, kun autoa nostetaan.<\/p>\n<p>Lis\u00e4ksi nostoprosessi pys\u00e4htyy, kun auto saavuttaa maksimikorkeuden, se takaa t\u00e4ydellisen turvallisuuden k\u00e4ytett\u00e4ess\u00e4.<\/p>\n<p>Vakiovarusteena ovien kolhusuojat.<\/p>\n<p>Nostimessa on h\u00e4t\u00e4pys\u00e4ytys.<\/p>\n<\/div>\n<\/div>\n<\/div>\n<div class=\"ms-Grid-row\">\n<div class=\"ts-textfield-container \" lang=\"fi\">\n<div class=\"ts-alignment-view-container\">\n<p>&nbsp;<\/p>\n<\/div>\n<\/div>\n<\/div>\n<p><img alt=\"\" fetchpriority=\"high\" decoding=\"async\" class=\"alignright wp-image-8853 size-medium\" src=\"https:\/\/toolhouse.fi\/wp-content\/uploads\/2022\/02\/4T-2-pilari-2-1-300x225.jpg\" alt=\"\" width=\"300\" height=\"225\" srcset=\"https:\/\/toolhouse.fi\/wp-content\/uploads\/2022\/02\/4T-2-pilari-2-1-300x225.jpg 300w, https:\/\/toolhouse.fi\/wp-content\/uploads\/2022\/02\/4T-2-pilari-2-1-510x383.jpg 510w, https:\/\/toolhouse.fi\/wp-content\/uploads\/2022\/02\/4T-2-pilari-2-1-768x576.jpg 768w, https:\/\/toolhouse.fi\/wp-content\/uploads\/2022\/02\/4T-2-pilari-2-1-400x300.jpg 400w, https:\/\/toolhouse.fi\/wp-content\/uploads\/2022\/02\/4T-2-pilari-2-1-700x525.jpg 700w, https:\/\/toolhouse.fi\/wp-content\/uploads\/2022\/02\/4T-2-pilari-2-1.jpg 1000w\" sizes=\"(max-width: 300px) 100vw, 300px\" \/><\/p>\n<\/div>\n<\/div>\n<p><strong>Automaattinen<\/strong><\/p>\n<p>Automaattisen nostimen etuna on vaivaton nosto- ja laskuprosessin hallinta.<\/p>\n<p>Ohjauspaneelin painikkeet ohjaavat kaikkea tarvitsematta vapauttaa lukkoa manuaalisesti jokaisessa pylv\u00e4\u00e4ss\u00e4.<\/p>\n<p>T\u00e4ss\u00e4 mallissa molemmissa pilareissa on 24v s\u00e4hk\u00f6magneetit, jotka poistavat lukitukset k\u00e4yt\u00f6st\u00e4 automaattisesti, kun ohjauspaneelin laskupainiketta painetaan.<\/p>\n<p>&nbsp;<\/p>\n<p class=\"product-title product_title entry-title\">\n<p>&nbsp;<\/p>\n<\/div>\n<p>&nbsp;<\/p>\n","protected":false},"featured_media":29210,"template":"","meta":{"_acf_changed":false,"_seopress_robots_primary_cat":"none","_seopress_titles_title":"","_seopress_titles_desc":"","_seopress_robots_index":""},"product_cat":[285,455,37],"product_tag":[],"class_list":{"0":"post-29192","1":"product","2":"type-product","3":"status-publish","4":"has-post-thumbnail","6":"product_cat-2-pilarinostimet","7":"product_cat-ajoneuvonostimet","8":"product_cat-autonostimet","9":"product_shipping_class-l-220-l-220r-fi","11":"first","12":"outofstock","13":"taxable","14":"shipping-taxable","15":"purchasable","16":"product-type-simple","swatches":"rey-swatches","show_selected":""},"acf":[],"_links":{"self":[{"href":"https:\/\/toolhouse.fi\/fi\/wp-json\/wp\/v2\/product\/29192","targetHints":{"allow":["GET"]}}],"collection":[{"href":"https:\/\/toolhouse.fi\/fi\/wp-json\/wp\/v2\/product"}],"about":[{"href":"https:\/\/toolhouse.fi\/fi\/wp-json\/wp\/v2\/types\/product"}],"version-history":[{"count":3,"href":"https:\/\/toolhouse.fi\/fi\/wp-json\/wp\/v2\/product\/29192\/revisions"}],"predecessor-version":[{"id":29203,"href":"https:\/\/toolhouse.fi\/fi\/wp-json\/wp\/v2\/product\/29192\/revisions\/29203"}],"wp:featuredmedia":[{"embeddable":true,"href":"https:\/\/toolhouse.fi\/fi\/wp-json\/wp\/v2\/media\/29210"}],"wp:attachment":[{"href":"https:\/\/toolhouse.fi\/fi\/wp-json\/wp\/v2\/media?parent=29192"}],"wp:term":[{"taxonomy":"product_cat","embeddable":true,"href":"https:\/\/toolhouse.fi\/fi\/wp-json\/wp\/v2\/product_cat?post=29192"},{"taxonomy":"product_tag","embeddable":true,"href":"https:\/\/toolhouse.fi\/fi\/wp-json\/wp\/v2\/product_tag?post=29192"}],"curies":[{"name":"wp","href":"https:\/\/api.w.org\/{rel}","templated":true}]}}