{"id":2921,"date":"2021-03-20T09:20:51","date_gmt":"2021-03-20T07:20:51","guid":{"rendered":"https:\/\/toolhouse.fi\/produkt\/rema-tip-top-up-6-ulkorengaspaikka-43x43mm\/"},"modified":"2025-06-23T23:02:23","modified_gmt":"2025-06-23T20:02:23","slug":"rema-tip-top-up-6-ulkorengaspaikka-43x43mm","status":"publish","type":"product","link":"https:\/\/toolhouse.fi\/fi\/tuote\/rema-tip-top-up-6-ulkorengaspaikka-43x43mm\/","title":{"rendered":"Rema Tip Top UP 6 ulkorengaspaikka 43x43mm 50kpl"},"content":{"rendered":"","protected":false},"excerpt":{"rendered":"<p class=\"heading col-md-12\">Universal patch UP 6 ulkorenkaan naulanreik\u00e4paikka<\/p>\n<p class=\"heading col-md-12\">K\u00e4ytet\u00e4\u00e4n Rema Tip Top Special Cement BL:in kanssa.<\/p>\n<div><\/div>\n<div>43x43mm<\/div>\n<div>Pakkauskoko: 50 kpl<\/div>\n","protected":false},"featured_media":7390,"template":"","meta":{"_acf_changed":false,"_seopress_robots_primary_cat":"","_seopress_titles_title":"","_seopress_titles_desc":"","_seopress_robots_index":""},"product_cat":[162],"product_tag":[],"class_list":{"0":"post-2921","1":"product","2":"type-product","3":"status-publish","4":"has-post-thumbnail","6":"product_cat-renkaan-paikkaus","7":"product_shipping_class-tillbehor-490e","9":"first","10":"instock","11":"taxable","12":"shipping-taxable","13":"purchasable","14":"product-type-simple","swatches":"rey-swatches","show_selected":""},"acf":[],"_links":{"self":[{"href":"https:\/\/toolhouse.fi\/fi\/wp-json\/wp\/v2\/product\/2921","targetHints":{"allow":["GET"]}}],"collection":[{"href":"https:\/\/toolhouse.fi\/fi\/wp-json\/wp\/v2\/product"}],"about":[{"href":"https:\/\/toolhouse.fi\/fi\/wp-json\/wp\/v2\/types\/product"}],"version-history":[{"count":0,"href":"https:\/\/toolhouse.fi\/fi\/wp-json\/wp\/v2\/product\/2921\/revisions"}],"wp:featuredmedia":[{"embeddable":true,"href":"https:\/\/toolhouse.fi\/fi\/wp-json\/wp\/v2\/media\/7390"}],"wp:attachment":[{"href":"https:\/\/toolhouse.fi\/fi\/wp-json\/wp\/v2\/media?parent=2921"}],"wp:term":[{"taxonomy":"product_cat","embeddable":true,"href":"https:\/\/toolhouse.fi\/fi\/wp-json\/wp\/v2\/product_cat?post=2921"},{"taxonomy":"product_tag","embeddable":true,"href":"https:\/\/toolhouse.fi\/fi\/wp-json\/wp\/v2\/product_tag?post=2921"}],"curies":[{"name":"wp","href":"https:\/\/api.w.org\/{rel}","templated":true}]}}