{"id":2923,"date":"2021-03-20T09:24:39","date_gmt":"2021-03-20T07:24:39","guid":{"rendered":"https:\/\/toolhouse.fi\/produkt\/rema-tip-top-up-10-ulkorengaspaikka-63x63mm\/"},"modified":"2022-08-20T16:28:18","modified_gmt":"2022-08-20T13:28:18","slug":"rema-tip-top-up-10-ulkorengaspaikka-63x63mm","status":"publish","type":"product","link":"https:\/\/toolhouse.fi\/fi\/tuote\/rema-tip-top-up-10-ulkorengaspaikka-63x63mm\/","title":{"rendered":"Rema Tip Top UP 10 ulkorengaspaikka 63x63mm 50st"},"content":{"rendered":"","protected":false},"excerpt":{"rendered":"<p class=\"heading col-md-12\">Universal patch UP 10 ulkorenkaan naulanreik\u00e4paikka<\/p>\n<p class=\"heading col-md-12\">K\u00e4ytet\u00e4\u00e4n Rema Tip Top Special Cement BL:in kanssa.<\/p>\n<div><\/div>\n<div>63x63mm<\/div>\n<div>Pakkauskoko: 50 kpl<\/div>\n","protected":false},"featured_media":7394,"template":"","meta":{"_acf_changed":false,"_seopress_robots_primary_cat":"","_seopress_titles_title":"","_seopress_titles_desc":"","_seopress_robots_index":""},"product_cat":[39,162],"product_tag":[],"class_list":{"0":"post-2923","1":"product","2":"type-product","3":"status-publish","4":"has-post-thumbnail","6":"product_cat-rengastyo","7":"product_cat-renkaan-paikkaus","8":"product_shipping_class-tillbehor-490e","10":"first","11":"instock","12":"taxable","13":"shipping-taxable","14":"purchasable","15":"product-type-simple","swatches":"rey-swatches","show_selected":""},"acf":[],"_links":{"self":[{"href":"https:\/\/toolhouse.fi\/fi\/wp-json\/wp\/v2\/product\/2923","targetHints":{"allow":["GET"]}}],"collection":[{"href":"https:\/\/toolhouse.fi\/fi\/wp-json\/wp\/v2\/product"}],"about":[{"href":"https:\/\/toolhouse.fi\/fi\/wp-json\/wp\/v2\/types\/product"}],"version-history":[{"count":0,"href":"https:\/\/toolhouse.fi\/fi\/wp-json\/wp\/v2\/product\/2923\/revisions"}],"wp:featuredmedia":[{"embeddable":true,"href":"https:\/\/toolhouse.fi\/fi\/wp-json\/wp\/v2\/media\/7394"}],"wp:attachment":[{"href":"https:\/\/toolhouse.fi\/fi\/wp-json\/wp\/v2\/media?parent=2923"}],"wp:term":[{"taxonomy":"product_cat","embeddable":true,"href":"https:\/\/toolhouse.fi\/fi\/wp-json\/wp\/v2\/product_cat?post=2923"},{"taxonomy":"product_tag","embeddable":true,"href":"https:\/\/toolhouse.fi\/fi\/wp-json\/wp\/v2\/product_tag?post=2923"}],"curies":[{"name":"wp","href":"https:\/\/api.w.org\/{rel}","templated":true}]}}