{"id":29288,"date":"2025-10-22T10:50:21","date_gmt":"2025-10-22T07:50:21","guid":{"rendered":"https:\/\/toolhouse.fi\/?post_type=product&#038;p=29288"},"modified":"2025-10-22T10:53:23","modified_gmt":"2025-10-22T07:53:23","slug":"tasausvaijeri-pari-redats-l-230","status":"publish","type":"product","link":"https:\/\/toolhouse.fi\/fi\/tuote\/tasausvaijeri-pari-redats-l-230\/","title":{"rendered":"Tasausvaijeri pari Redats L-230"},"content":{"rendered":"","protected":false},"excerpt":{"rendered":"<p>Tasausvaijerit Redats L-230<\/p>\n<ul>\n<li>Pakkaus sis\u00e4lt\u00e4\u00e4 2 kpl vaijerit<\/li>\n<\/ul>\n","protected":false},"featured_media":18977,"template":"","meta":{"_acf_changed":false,"_seopress_robots_primary_cat":"none","_seopress_titles_title":"","_seopress_titles_desc":"","_seopress_robots_index":""},"product_cat":[455,290],"product_tag":[],"class_list":{"0":"post-29288","1":"product","2":"type-product","3":"status-publish","4":"has-post-thumbnail","6":"product_cat-ajoneuvonostimet","7":"product_cat-varaosat-ja-tarvikkeet","8":"product_shipping_class-tillbehor-790e","10":"first","11":"instock","12":"taxable","13":"shipping-taxable","14":"purchasable","15":"product-type-simple","swatches":"rey-swatches","show_selected":""},"acf":[],"_links":{"self":[{"href":"https:\/\/toolhouse.fi\/fi\/wp-json\/wp\/v2\/product\/29288","targetHints":{"allow":["GET"]}}],"collection":[{"href":"https:\/\/toolhouse.fi\/fi\/wp-json\/wp\/v2\/product"}],"about":[{"href":"https:\/\/toolhouse.fi\/fi\/wp-json\/wp\/v2\/types\/product"}],"version-history":[{"count":1,"href":"https:\/\/toolhouse.fi\/fi\/wp-json\/wp\/v2\/product\/29288\/revisions"}],"predecessor-version":[{"id":29291,"href":"https:\/\/toolhouse.fi\/fi\/wp-json\/wp\/v2\/product\/29288\/revisions\/29291"}],"wp:featuredmedia":[{"embeddable":true,"href":"https:\/\/toolhouse.fi\/fi\/wp-json\/wp\/v2\/media\/18977"}],"wp:attachment":[{"href":"https:\/\/toolhouse.fi\/fi\/wp-json\/wp\/v2\/media?parent=29288"}],"wp:term":[{"taxonomy":"product_cat","embeddable":true,"href":"https:\/\/toolhouse.fi\/fi\/wp-json\/wp\/v2\/product_cat?post=29288"},{"taxonomy":"product_tag","embeddable":true,"href":"https:\/\/toolhouse.fi\/fi\/wp-json\/wp\/v2\/product_tag?post=29288"}],"curies":[{"name":"wp","href":"https:\/\/api.w.org\/{rel}","templated":true}]}}