{"id":29333,"date":"2025-10-27T12:04:13","date_gmt":"2025-10-27T10:04:13","guid":{"rendered":"https:\/\/toolhouse.fi\/?post_type=product&#038;p=29333"},"modified":"2026-02-10T10:16:33","modified_gmt":"2026-02-10T08:16:33","slug":"mk-100-10-24%e2%80%b3","status":"publish","type":"product","link":"https:\/\/toolhouse.fi\/fi\/tuote\/mk-100-10-24%e2%80%b3\/","title":{"rendered":"MK-100 10-24\u2033"},"content":{"rendered":"<table border=\"0\" width=\"587\" cellspacing=\"0\" cellpadding=\"1\">\n<tbody>\n<tr>\n<td width=\"260\"><span lang=\"fi-FI\">Tyyppi:<\/span><\/td>\n<td width=\"324\"><span lang=\"fi-FI\">Puoliautomaattinen<\/span><\/td>\n<\/tr>\n<tr>\n<td bgcolor=\"#f1f1f1\" width=\"260\"><span lang=\"fi-FI\">J\u00e4nnite:<\/span><\/td>\n<td bgcolor=\"#f1f1f1\" width=\"324\"><span lang=\"fi-FI\">230V 50Hz<\/span><\/td>\n<\/tr>\n<tr>\n<td width=\"260\"><span lang=\"fi-FI\">Py\u00f6rimisnopeus:<\/span><\/td>\n<td width=\"324\"><span lang=\"fi-FI\">6 rpm<\/span><\/td>\n<\/tr>\n<tr>\n<td bgcolor=\"#f1f1f1\" width=\"260\"><span lang=\"fi-FI\">Puristuspaine:<\/span><\/td>\n<td bgcolor=\"#f1f1f1\" width=\"324\"><span lang=\"fi-FI\">2600 kg<\/span><\/td>\n<\/tr>\n<tr>\n<td width=\"260\"><span lang=\"fi-FI\">Py\u00f6r\u00e4n maksimihalkaisija:<\/span><\/td>\n<td width=\"324\"><span lang=\"fi-FI\">960 mm<\/span><\/td>\n<\/tr>\n<tr>\n<td bgcolor=\"#f1f1f1\" width=\"260\"><span lang=\"fi-FI\">Py\u00f6r\u00e4n maksimileveys:<\/span><\/td>\n<td bgcolor=\"#f1f1f1\" width=\"324\"><span lang=\"fi-FI\">334 mm<\/span><\/td>\n<\/tr>\n<tr>\n<td width=\"260\"><span lang=\"fi-FI\">Vanteen koko (sis\u00e4):<\/span><\/td>\n<td width=\"324\"><span lang=\"fi-FI\">12\u2033 \u2013 24\u2033<\/span><\/td>\n<\/tr>\n<tr>\n<td bgcolor=\"#f1f1f1\" width=\"260\"><span lang=\"fi-FI\">Vanteen koko (ulko):<\/span><\/td>\n<td bgcolor=\"#f1f1f1\" width=\"324\"><span lang=\"fi-FI\">10\u2033 \u2013 21\u2033<\/span><\/td>\n<\/tr>\n<tr>\n<td width=\"260\"><span lang=\"fi-FI\">Ilmanpaine:<\/span><\/td>\n<td width=\"324\"><span lang=\"fi-FI\">8 \u2013 10 Bar<\/span><\/td>\n<\/tr>\n<tr>\n<td bgcolor=\"#f1f1f1\" width=\"260\"><span lang=\"fi-FI\">Melutaso:<\/span><\/td>\n<td bgcolor=\"#f1f1f1\" width=\"324\"><span lang=\"fi-FI\">&lt;75 dB<\/span><\/td>\n<\/tr>\n<tr>\n<td width=\"260\"><span lang=\"fi-FI\">Teho:<\/span><\/td>\n<td width=\"324\"><span lang=\"fi-FI\">1,1 kW<\/span><\/td>\n<\/tr>\n<tr>\n<td bgcolor=\"#f1f1f1\" width=\"260\"><span lang=\"fi-FI\">P\u00f6yd\u00e4n suurin v\u00e4\u00e4nt\u00f6momentti:<\/span><\/td>\n<td bgcolor=\"#f1f1f1\" width=\"324\"><span lang=\"fi-FI\">1240 Nm<\/span><\/td>\n<\/tr>\n<tr>\n<td width=\"260\"><span lang=\"fi-FI\">Mitat (K x S x L)\u00a0:<\/span><\/td>\n<td width=\"324\">175 x 100 x 85 cm<\/td>\n<\/tr>\n<tr>\n<td bgcolor=\"#f1f1f1\" width=\"260\"><span lang=\"fi-FI\">Vakiovarusteet:<\/span><\/td>\n<td bgcolor=\"#f1f1f1\" width=\"324\">\n<p class=\"product-title\">Paineens\u00e4\u00e4din vedenerottimella ja \u00f6ljystimell\u00e4<\/p>\n<p>Renkaant\u00e4ytt\u00f6laite digitaalinen<\/p>\n<p><span lang=\"fi-FI\">Muovisuojukset asennusp\u00e4\u00e4h\u00e4n<\/span><\/p>\n<p>Muovisuojat k\u00e4p\u00e4liin<\/p>\n<p>Palteenirroittajan muovisuoja<\/p>\n<p>Rengasrauta rft 50cm<\/p>\n<p>Rengasrasvasuti<\/p>\n<p>Rengasrasva 1kg<\/td>\n<\/tr>\n<tr>\n<td width=\"260\"><span lang=\"fi-FI\">Takuu:<\/span>&nbsp;<\/p>\n<p>Ce-hyv\u00e4ksytty:<\/td>\n<td width=\"324\"><span lang=\"fi-FI\">12 kuukautta<\/span>&nbsp;<\/p>\n<p>Kyll\u00e4<\/td>\n<\/tr>\n<tr>\n<td bgcolor=\"#f1f1f1\" width=\"260\"><span lang=\"fi-FI\">Paino:<\/span><\/td>\n<td bgcolor=\"#f1f1f1\" width=\"324\"><span lang=\"fi-FI\">n. 200 kg<\/span><\/td>\n<\/tr>\n<\/tbody>\n<\/table>\n","protected":false},"excerpt":{"rendered":"<h3 data-start=\"83\" data-end=\"138\"><strong data-start=\"87\" data-end=\"138\">MK-100 \u2013\u00a0 tehokas rengasasennuskone<\/strong><\/h3>\n<ul>\n<li data-start=\"140\" data-end=\"374\">Vanteen koko (sis\u00e4): 12&#8243;\u201324&#8243;<\/li>\n<li data-start=\"140\" data-end=\"374\">Vanteen koko (ulko): 10&#8243;\u201321&#8243;<\/li>\n<li data-start=\"140\" data-end=\"374\">Renkaan enimm\u00e4ishalkaisija: 960 mm<\/li>\n<li data-start=\"140\" data-end=\"374\">Renkaan enimm\u00e4isleveys: 334 mm<\/li>\n<li data-start=\"140\" data-end=\"374\">Puristusvoima: 2600 kg<\/li>\n<li data-start=\"140\" data-end=\"374\">Virtal\u00e4hde: 230 V<\/li>\n<li data-start=\"140\" data-end=\"374\">Paino: 200 kg<\/li>\n<\/ul>\n<p data-start=\"376\" data-end=\"650\">MK-100 on vankka ja luotettava rengaskone, joka erottuu korkealla suorituskyvyll\u00e4\u00e4n, vakaudellaan ja toimintavarmuudellaan.<br data-start=\"506\" data-end=\"509\" \/>Sen tukeva rakenne ja korkealaatuiset komponentit takaavat pitk\u00e4n k\u00e4ytt\u00f6i\u00e4n ja h\u00e4iri\u00f6tt\u00f6m\u00e4n toiminnan my\u00f6s vaativassa ja jatkuvassa k\u00e4yt\u00f6ss\u00e4.<\/p>\n<p data-start=\"652\" data-end=\"814\">Koneessa on 1,1 kW:n py\u00f6ritysmoottori sek\u00e4 tehokas 2600 kg:n palteenirrottaja, mik\u00e4 tekee siit\u00e4 erinomaisen valinnan my\u00f6s j\u00e4ykempien renkaiden asentamiseen.<\/p>\n<p data-start=\"816\" data-end=\"933\">Suuri ja vakaa asennusp\u00f6yt\u00e4 yhdess\u00e4 v\u00e4\u00e4nt\u00f6j\u00e4yk\u00e4n pylv\u00e4\u00e4n kanssa takaavat korkean tarkkuuden renkaiden asennuksessa.<\/p>\n<p data-start=\"935\" data-end=\"1029\">Kone on CE-hyv\u00e4ksytty ja toimitetaan 12 kuukauden takuulla. Kaikki varaosat ovat saatavilla.<\/p>\n","protected":false},"featured_media":29342,"template":"","meta":{"_acf_changed":false,"_seopress_robots_primary_cat":"","_seopress_titles_title":"","_seopress_titles_desc":"","_seopress_robots_index":""},"product_cat":[188,39,566],"product_tag":[],"class_list":{"0":"post-29333","1":"product","2":"type-product","3":"status-publish","4":"has-post-thumbnail","6":"product_cat-rengaskoneet","7":"product_cat-rengastyo","8":"product_cat-renkaan-asennuskoneet","10":"first","11":"outofstock","12":"sale","13":"taxable","14":"shipping-taxable","15":"purchasable","16":"product-type-simple","swatches":"rey-swatches","show_selected":""},"acf":[],"_links":{"self":[{"href":"https:\/\/toolhouse.fi\/fi\/wp-json\/wp\/v2\/product\/29333","targetHints":{"allow":["GET"]}}],"collection":[{"href":"https:\/\/toolhouse.fi\/fi\/wp-json\/wp\/v2\/product"}],"about":[{"href":"https:\/\/toolhouse.fi\/fi\/wp-json\/wp\/v2\/types\/product"}],"version-history":[{"count":1,"href":"https:\/\/toolhouse.fi\/fi\/wp-json\/wp\/v2\/product\/29333\/revisions"}],"predecessor-version":[{"id":29336,"href":"https:\/\/toolhouse.fi\/fi\/wp-json\/wp\/v2\/product\/29333\/revisions\/29336"}],"wp:featuredmedia":[{"embeddable":true,"href":"https:\/\/toolhouse.fi\/fi\/wp-json\/wp\/v2\/media\/29342"}],"wp:attachment":[{"href":"https:\/\/toolhouse.fi\/fi\/wp-json\/wp\/v2\/media?parent=29333"}],"wp:term":[{"taxonomy":"product_cat","embeddable":true,"href":"https:\/\/toolhouse.fi\/fi\/wp-json\/wp\/v2\/product_cat?post=29333"},{"taxonomy":"product_tag","embeddable":true,"href":"https:\/\/toolhouse.fi\/fi\/wp-json\/wp\/v2\/product_tag?post=29333"}],"curies":[{"name":"wp","href":"https:\/\/api.w.org\/{rel}","templated":true}]}}