{"id":29387,"date":"2025-10-31T14:27:23","date_gmt":"2025-10-31T12:27:23","guid":{"rendered":"https:\/\/toolhouse.fi\/?post_type=product&#038;p=29387"},"modified":"2025-10-31T14:58:56","modified_gmt":"2025-10-31T12:58:56","slug":"wk-500-laser","status":"publish","type":"product","link":"https:\/\/toolhouse.fi\/fi\/tuote\/wk-500-laser\/","title":{"rendered":"WK-500 Laser"},"content":{"rendered":"<table class=\"n54117_dictionary\">\n<tbody>\n<tr>\n<td class=\"n54117_item_a1\"><span style=\"color: #333333; font-size: 100%;\">Malli:<\/span><\/td>\n<td class=\"n54117_item_b1\">\n<div><span style=\"color: #333333; font-size: 100%;\">WK-500 Laser<\/span><\/div>\n<\/td>\n<\/tr>\n<tr>\n<td class=\"n54117_item_a2\"><span style=\"color: #333333; font-size: 100%;\">Tyyppi<span class=\"n67256colon\">:<\/span><\/span><\/td>\n<td class=\"n54117_item_b2\">\n<div class=\"n54117_item_b_sub\"><span style=\"color: #333333; font-size: 100%;\">Puoliautomaattinen<\/span><\/div>\n<\/td>\n<\/tr>\n<tr>\n<td class=\"n54117_item_a1\"><span style=\"color: #333333;\"><span style=\"font-size: 100%;\"><span class=\"n67256colon\">Mitat suojakuvun kansa <\/span><\/span><span style=\"font-size: 100%;\"><span class=\"n67256colon\">LxPxK:<\/span><\/span><\/span><\/p>\n<p><span style=\"color: #333333; font-size: 100%;\">Paino:<\/span><\/td>\n<td class=\"n54117_item_b1\">\n<div class=\"n54117_item_b_sub\"><span style=\"color: #333333;\">1250x850x1550mm<\/span><\/div>\n<div><\/div>\n<div class=\"n54117_item_b_sub\"><span style=\"color: #333333; font-size: 100%;\">85kg<\/span><\/div>\n<\/td>\n<\/tr>\n<tr>\n<td class=\"n54117_item_a2\"><span class=\"n67256colon\" style=\"color: #333333; font-size: 100%;\">Mittausaika:<\/span><\/td>\n<td class=\"n54117_item_b2\">\n<div class=\"n54117_item_b_sub\"><span style=\"color: #333333; font-size: 100%;\">8 sekuntia<\/span><\/div>\n<\/td>\n<\/tr>\n<tr>\n<td class=\"n54117_item_a1\"><span class=\"n67256colon\" style=\"color: #333333; font-size: 100%;\">Melutaso:<\/span><\/td>\n<td class=\"n54117_item_b1\">\n<div class=\"n54117_item_b_sub\"><span style=\"color: #333333; font-size: 100%;\">&gt; 70 dB<\/span><\/div>\n<\/td>\n<\/tr>\n<tr>\n<td class=\"n54117_item_a2\"><span style=\"color: #333333; font-size: 100%;\">Akselin halk:<\/span><\/td>\n<td class=\"n54117_item_b2\">\n<div class=\"n54117_item_b_sub\"><span style=\"color: #333333; font-size: 100%;\">40mm\u00a0 x 3mm kierre<\/span><\/div>\n<\/td>\n<\/tr>\n<tr>\n<td class=\"n54117_item_a1\"><span style=\"color: #333333; font-size: 100%;\">Tasapainotusohjelmat:<\/span><\/td>\n<td class=\"n54117_item_b1\">\n<div class=\"n54117_item_b_sub\"><span style=\"color: #333333; font-size: 100%;\">Alu1, Alu2, Alu3,\u00a0 dynaaminen, \u00a0staattinen<\/span><\/div>\n<\/td>\n<\/tr>\n<tr>\n<td class=\"n54117_item_a2\"><span style=\"color: #333333;\">Renkaan enimm\u00e4ispaino:<\/span><\/td>\n<td class=\"n54117_item_b2\">\n<div class=\"n54117_item_b_sub\"><span style=\"color: #333333; font-size: 100%;\">70 kg<\/span><\/div>\n<\/td>\n<\/tr>\n<tr>\n<td class=\"n54117_item_a1\"><span class=\"n67256colon\" style=\"color: #333333; font-size: 100%;\">Py\u00f6rimisnopeus:<\/span><\/td>\n<td class=\"n54117_item_b1\">\n<div class=\"n54117_item_b_sub\"><span style=\"color: #333333; font-size: 100%;\">210 rpm<\/span><\/div>\n<\/td>\n<\/tr>\n<tr>\n<td class=\"n54117_item_a2\"><span class=\"n67256colon\" style=\"color: #333333; font-size: 100%;\">Tarkkuus:<\/span><\/td>\n<td class=\"n54117_item_b2\">\n<div class=\"n54117_item_b_sub\"><span style=\"color: #333333; font-size: 100%;\">1g<\/span><\/div>\n<\/td>\n<\/tr>\n<tr>\n<td class=\"n54117_item_a1\"><span style=\"color: #333333; font-size: 100%;\">Vanteen halkaisija:<\/span><\/p>\n<p><span style=\"color: #333333; font-size: 100%;\">Vanteen leveys:<\/span><\/td>\n<td class=\"n54117_item_b1\">\n<div class=\"n54117_item_b_sub\"><span style=\"color: #333333; font-size: 100%;\">10 \u201c- 24\u201d<\/span><\/div>\n<div><span style=\"color: #333333; font-size: 100%;\">1,5&#8243; &#8211; 16&#8243;<\/span><\/div>\n<\/td>\n<\/tr>\n<tr>\n<td class=\"n54117_item_a2\"><span class=\"n67256colon\" style=\"color: #333333; font-size: 100%;\">Painon asettaminen:<\/span><\/td>\n<td class=\"n54117_item_b2\">\n<div class=\"n54117_item_b_sub\"><span style=\"color: #333333; font-size: 100%;\">Led n\u00e4ytt\u00f6, laser<\/span><\/div>\n<\/td>\n<\/tr>\n<tr>\n<td class=\"n54117_item_a1\"><span class=\"n67256colon\" style=\"color: #333333; font-size: 100%;\">Toiminnot:<\/span><\/td>\n<td class=\"n54117_item_b1\">\n<div class=\"n54117_item_b_sub\"><span style=\"color: #333333; font-size: 100%;\">Auto kalibrointi. Optimointi, Auto-diagnoosi,\u00a0<\/span><\/div>\n<\/td>\n<\/tr>\n<tr>\n<td class=\"n54117_item_a2\"><\/td>\n<td class=\"n54117_item_b2\">\n<div class=\"n54117_item_b_sub\"><\/div>\n<\/td>\n<\/tr>\n<tr>\n<td class=\"n54117_item_a1\"><span style=\"color: #333333; font-size: 100%;\">J\u00e4nnite<span class=\"n67256colon\">:<\/span><\/span><\/td>\n<td class=\"n54117_item_b1\">\n<div class=\"n54117_item_b_sub\"><span style=\"color: #333333; font-size: 100%;\">230V 50Hz<\/span><\/div>\n<\/td>\n<\/tr>\n<tr>\n<td class=\"n54117_item_a2\"><span style=\"color: #333333; font-size: 100%;\">Takuu<span class=\"n67256colon\">:<\/span><\/span><\/td>\n<td class=\"n54117_item_b2\">\n<div class=\"n54117_item_b_sub\"><span style=\"color: #333333; font-size: 100%;\">12 kuukautta<\/span><\/div>\n<\/td>\n<\/tr>\n<tr>\n<td class=\"n54117_item_a1\"><span class=\"n67256colon\" style=\"color: #333333; font-size: 100%;\">Ce-hyv\u00e4ksytty:<\/span><\/td>\n<td class=\"n54117_item_b1\">\n<div class=\"n54117_item_b_sub\"><span style=\"color: #333333; font-size: 100%;\">Kyll\u00e4<\/span><\/div>\n<\/td>\n<\/tr>\n<\/tbody>\n<\/table>\n<p>&nbsp;<\/p>\n","protected":false},"excerpt":{"rendered":"<p><strong>WK-500 Laser<\/strong><\/p>\n<ul>\n<li><strong>Laser<\/strong>: Nopea ja tarkka painojen sijoittelu laserosoittimen avulla.<\/li>\n<li><strong>LED-valaistus<\/strong>: Helpottaa painojen sijoittamista ja syttyy automaattisesti yhdess\u00e4 laserosoittimen kanssa.<\/li>\n<li><strong>5 tasapainotusohjelmaa<\/strong>: Kolme ohjelmaa alumiinivanteille, normaali- ja staattinen tasapainotustila.<\/li>\n<li><strong>Optimointi ja tarkkuus<\/strong>: Suuren ep\u00e4tasapainon sattuessa OPT-toiminto auttaa py\u00f6ritt\u00e4m\u00e4\u00e4n rengasta vanteella ep\u00e4tasapainon minimoimiseksi.<\/li>\n<\/ul>\n<hr \/>\n<h3><strong>WK-500 Laserin edut<\/strong><\/h3>\n<p><strong>Rakenne ja vakaus<\/strong><br \/>\nWK-500 Laser on huippulaadukas tasapainotuskone, joka on valmistettu parhaista komponenteista. Vakaa runko ja suuri pohjalevy tekev\u00e4t siit\u00e4 erinomaisen my\u00f6s suurten ja raskaiden renkaiden tasapainotukseen. Tukevat rakenteet takaavat korkean tarkkuuden.<\/p>\n<p><strong>Helppok\u00e4ytt\u00f6isyys<\/strong><br \/>\nSelke\u00e4 ohjauspaneeli ja n\u00e4yt\u00f6t tekev\u00e4t ty\u00f6skentelyst\u00e4 nopeaa ja vaivatonta.<\/p>\n<p><strong>Automaattinen kalibrointi ja diagnostiikka<\/strong><br \/>\nLaite tarjoaa ongelmattoman tasapainotuksen automaattisella kalibroinnilla, itsediagnostiikalla ja OPT-toiminnolla ep\u00e4tasapainon v\u00e4hent\u00e4miseksi.<\/p>\n<p><strong>Monipuolisuus<\/strong><br \/>\nWK-500 sopii henkil\u00f6autojen, pakettiautojen ja moottoripy\u00f6rien renkaiden tasapainotukseen (Mp-adapteri saatavilla lis\u00e4varusteena). Mittausaika on vain 8 sekuntia. Laite k\u00e4ynnistyy automaattisesti, kun suojakupu lasketaan alas, ja pys\u00e4htyy s\u00e4hk\u00f6mekaanisen jarrun avulla mittauksen p\u00e4\u00e4tytty\u00e4.<\/p>\n<h3><\/h3>\n<h3><strong>Toimitussis\u00e4lt\u00f6<\/strong><\/h3>\n<p>WK-500 Laserin mukana toimitetaan:<\/p>\n<ul>\n<li>Suomenkielinen k\u00e4ytt\u00f6ohje<\/li>\n<li>Painopihdit<\/li>\n<li>Vannemitta vanteen leveyden mittaamiseen<\/li>\n<li>Pikakiinnitysmutteri<\/li>\n<li>4 adapteria (kartiot)<\/li>\n<li>Kalibrointipaino<\/li>\n<\/ul>\n<div class=\"woocommerce-product-details__short-description\">\n<p data-start=\"935\" data-end=\"1029\">Kone on CE-hyv\u00e4ksytty ja toimitetaan 12 kuukauden takuulla. Kaikki varaosat ovat saatavilla.<\/p>\n<\/div>\n","protected":false},"featured_media":29391,"template":"","meta":{"_acf_changed":false,"_seopress_robots_primary_cat":"none","_seopress_titles_title":"","_seopress_titles_desc":"","_seopress_robots_index":""},"product_cat":[187,622],"product_tag":[],"class_list":{"0":"post-29387","1":"product","2":"type-product","3":"status-publish","4":"has-post-thumbnail","6":"product_cat-tasapainotuskoneet","7":"product_cat-tasapainotuskoneet-kevyt-kalusto","8":"product_shipping_class-l-220-l-220r-fi","10":"first","11":"outofstock","12":"taxable","13":"shipping-taxable","14":"purchasable","15":"product-type-simple","swatches":"rey-swatches","show_selected":""},"acf":[],"_links":{"self":[{"href":"https:\/\/toolhouse.fi\/fi\/wp-json\/wp\/v2\/product\/29387","targetHints":{"allow":["GET"]}}],"collection":[{"href":"https:\/\/toolhouse.fi\/fi\/wp-json\/wp\/v2\/product"}],"about":[{"href":"https:\/\/toolhouse.fi\/fi\/wp-json\/wp\/v2\/types\/product"}],"version-history":[{"count":1,"href":"https:\/\/toolhouse.fi\/fi\/wp-json\/wp\/v2\/product\/29387\/revisions"}],"predecessor-version":[{"id":29393,"href":"https:\/\/toolhouse.fi\/fi\/wp-json\/wp\/v2\/product\/29387\/revisions\/29393"}],"wp:featuredmedia":[{"embeddable":true,"href":"https:\/\/toolhouse.fi\/fi\/wp-json\/wp\/v2\/media\/29391"}],"wp:attachment":[{"href":"https:\/\/toolhouse.fi\/fi\/wp-json\/wp\/v2\/media?parent=29387"}],"wp:term":[{"taxonomy":"product_cat","embeddable":true,"href":"https:\/\/toolhouse.fi\/fi\/wp-json\/wp\/v2\/product_cat?post=29387"},{"taxonomy":"product_tag","embeddable":true,"href":"https:\/\/toolhouse.fi\/fi\/wp-json\/wp\/v2\/product_tag?post=29387"}],"curies":[{"name":"wp","href":"https:\/\/api.w.org\/{rel}","templated":true}]}}