{"id":29494,"date":"2025-11-11T12:45:42","date_gmt":"2025-11-11T10:45:42","guid":{"rendered":"https:\/\/toolhouse.fi\/?post_type=product&#038;p=29494"},"modified":"2026-04-17T17:33:38","modified_gmt":"2026-04-17T14:33:38","slug":"asennuspaan-muovisuojus-mk-atc","status":"publish","type":"product","link":"https:\/\/toolhouse.fi\/fi\/tuote\/asennuspaan-muovisuojus-mk-atc\/","title":{"rendered":"Asennusp\u00e4\u00e4n muovisuojus MK \/ ATC"},"content":{"rendered":"","protected":false},"excerpt":{"rendered":"<p>Muovisuojat est\u00e4m\u00e4\u00e4n vanteen naarmuuntumista.<br \/>\nSarja sis\u00e4lt\u00e4\u00e4 suuren ja pienen muovisuojan.<\/p>\n<p>Sopii:<\/p>\n<ul>\n<li>MK-100<\/li>\n<li>MK-250E 3R<\/li>\n<li>ATC-21<\/li>\n<li>ATC-26<\/li>\n<\/ul>\n","protected":false},"featured_media":29497,"template":"","meta":{"_acf_changed":false,"_seopress_robots_primary_cat":"none","_seopress_titles_title":"","_seopress_titles_desc":"","_seopress_robots_index":""},"product_cat":[475,39],"product_tag":[],"class_list":{"0":"post-29494","1":"product","2":"type-product","3":"status-publish","4":"has-post-thumbnail","6":"product_cat-lisavarusteet-ja-varaosat","7":"product_cat-rengastyo","9":"first","10":"instock","11":"taxable","12":"shipping-taxable","13":"purchasable","14":"product-type-simple","swatches":"rey-swatches","show_selected":""},"acf":[],"_links":{"self":[{"href":"https:\/\/toolhouse.fi\/fi\/wp-json\/wp\/v2\/product\/29494","targetHints":{"allow":["GET"]}}],"collection":[{"href":"https:\/\/toolhouse.fi\/fi\/wp-json\/wp\/v2\/product"}],"about":[{"href":"https:\/\/toolhouse.fi\/fi\/wp-json\/wp\/v2\/types\/product"}],"version-history":[{"count":0,"href":"https:\/\/toolhouse.fi\/fi\/wp-json\/wp\/v2\/product\/29494\/revisions"}],"wp:featuredmedia":[{"embeddable":true,"href":"https:\/\/toolhouse.fi\/fi\/wp-json\/wp\/v2\/media\/29497"}],"wp:attachment":[{"href":"https:\/\/toolhouse.fi\/fi\/wp-json\/wp\/v2\/media?parent=29494"}],"wp:term":[{"taxonomy":"product_cat","embeddable":true,"href":"https:\/\/toolhouse.fi\/fi\/wp-json\/wp\/v2\/product_cat?post=29494"},{"taxonomy":"product_tag","embeddable":true,"href":"https:\/\/toolhouse.fi\/fi\/wp-json\/wp\/v2\/product_tag?post=29494"}],"curies":[{"name":"wp","href":"https:\/\/api.w.org\/{rel}","templated":true}]}}