{"id":29520,"date":"2025-11-11T14:38:25","date_gmt":"2025-11-11T12:38:25","guid":{"rendered":"https:\/\/toolhouse.fi\/?post_type=product&#038;p=29520"},"modified":"2025-11-12T16:59:40","modified_gmt":"2025-11-12T14:59:40","slug":"muovisuojasarja-rengaskoneen-kapaliin-mk-atc","status":"publish","type":"product","link":"https:\/\/toolhouse.fi\/fi\/tuote\/muovisuojasarja-rengaskoneen-kapaliin-mk-atc\/","title":{"rendered":"Muovisuojasarja rengaskoneen k\u00e4p\u00e4liin MK \/ ATC"},"content":{"rendered":"","protected":false},"excerpt":{"rendered":"<p>Muovisuojat rengaskoneen k\u00e4p\u00e4liin<\/p>\n<ul>\n<li>Sarja, sis\u00e4lt\u00e4\u00e4 nelj\u00e4 kappaletta<\/li>\n<li>Pitk\u00e4 malli<\/li>\n<\/ul>\n<p>Sopii:<\/p>\n<ul>\n<li>MK-100<\/li>\n<li>MK-250E 3R<\/li>\n<li>ATC-21<\/li>\n<li>ATC-26<\/li>\n<\/ul>\n","protected":false},"featured_media":23638,"template":"","meta":{"_acf_changed":false,"_seopress_robots_primary_cat":"none","_seopress_titles_title":"","_seopress_titles_desc":"","_seopress_robots_index":""},"product_cat":[475,39],"product_tag":[],"class_list":{"0":"post-29520","1":"product","2":"type-product","3":"status-publish","4":"has-post-thumbnail","6":"product_cat-lisavarusteet-ja-varaosat","7":"product_cat-rengastyo","9":"first","10":"instock","11":"taxable","12":"shipping-taxable","13":"purchasable","14":"product-type-simple","swatches":"rey-swatches","show_selected":""},"acf":[],"_links":{"self":[{"href":"https:\/\/toolhouse.fi\/fi\/wp-json\/wp\/v2\/product\/29520","targetHints":{"allow":["GET"]}}],"collection":[{"href":"https:\/\/toolhouse.fi\/fi\/wp-json\/wp\/v2\/product"}],"about":[{"href":"https:\/\/toolhouse.fi\/fi\/wp-json\/wp\/v2\/types\/product"}],"version-history":[{"count":0,"href":"https:\/\/toolhouse.fi\/fi\/wp-json\/wp\/v2\/product\/29520\/revisions"}],"wp:featuredmedia":[{"embeddable":true,"href":"https:\/\/toolhouse.fi\/fi\/wp-json\/wp\/v2\/media\/23638"}],"wp:attachment":[{"href":"https:\/\/toolhouse.fi\/fi\/wp-json\/wp\/v2\/media?parent=29520"}],"wp:term":[{"taxonomy":"product_cat","embeddable":true,"href":"https:\/\/toolhouse.fi\/fi\/wp-json\/wp\/v2\/product_cat?post=29520"},{"taxonomy":"product_tag","embeddable":true,"href":"https:\/\/toolhouse.fi\/fi\/wp-json\/wp\/v2\/product_tag?post=29520"}],"curies":[{"name":"wp","href":"https:\/\/api.w.org\/{rel}","templated":true}]}}