{"id":29577,"date":"2025-11-12T15:05:46","date_gmt":"2025-11-12T13:05:46","guid":{"rendered":"https:\/\/toolhouse.fi\/?post_type=product&#038;p=29577"},"modified":"2025-11-28T15:29:52","modified_gmt":"2025-11-28T13:29:52","slug":"geko-kompressori-200l-490l-3kw-400v","status":"publish","type":"product","link":"https:\/\/toolhouse.fi\/fi\/tuote\/geko-kompressori-200l-490l-3kw-400v\/","title":{"rendered":"Geko kompressori 200L\/490L\/3KW\/400V"},"content":{"rendered":"<table>\n<tbody>\n<tr>\n<td><strong><span class=\"\">Valmistaja<\/span><\/strong><\/td>\n<td><strong>Geko<\/strong><\/td>\n<\/tr>\n<tr>\n<td><strong>Malli<\/strong><\/td>\n<td><strong>Type 3kW 200L<\/strong><\/td>\n<\/tr>\n<tr>\n<td><strong>Imutuotto (L\/Min)<\/strong><\/td>\n<td><strong>490<\/strong><\/td>\n<\/tr>\n<tr>\n<td><strong>Painetuotto (L\/Min)<\/strong><\/td>\n<td><\/td>\n<\/tr>\n<tr>\n<td><strong>Paine (bar)<\/strong><\/td>\n<td><strong>8<\/strong><\/td>\n<\/tr>\n<tr>\n<td><strong>Teho (kW\/HP)<\/strong><\/td>\n<td><strong>3,0 \/ 4,0<\/strong><\/td>\n<\/tr>\n<tr>\n<td><strong>S\u00e4ili\u00f6n Tilavuus (L)<\/strong><\/td>\n<td><strong>200<\/strong><\/td>\n<\/tr>\n<tr>\n<td><strong>Sylinteri m\u00e4\u00e4r\u00e4<\/strong><\/td>\n<td><strong>3 kpl<\/strong><\/td>\n<\/tr>\n<tr>\n<td><\/td>\n<td><\/td>\n<\/tr>\n<tr>\n<td><strong>Leveys (mm)<\/strong><\/td>\n<td><strong>430<\/strong><\/td>\n<\/tr>\n<tr>\n<td><strong>Korkeus (mm)<\/strong><\/td>\n<td><strong>910<\/strong><\/td>\n<\/tr>\n<tr>\n<td><strong>Pituus (mm)<\/strong><\/td>\n<td><strong>1280<\/strong><\/td>\n<\/tr>\n<\/tbody>\n<\/table>\n<table>\n<tbody>\n<tr>\n<td><strong>Paino (kg<\/strong><strong>)<\/strong><\/p>\n<p><strong>Melutaso (dB)\u00a0 \u00a0 \u00a0 \u00a0 \u00a0 \u00a0 \u00a0 \u00a0 \u00a0 \u00a0 \u00a0<\/strong><\/td>\n<td><strong>120\u00a0 \u00a0\u00a0<\/strong><\/p>\n<p><strong>92\u00a0 \u00a0 \u00a0 \u00a0 \u00a0 \u00a0 \u00a0 \u00a0 \u00a0 \u00a0 \u00a0 \u00a0 \u00a0 \u00a0 \u00a0 .<\/strong><\/td>\n<\/tr>\n<tr>\n<td><strong>J\u00e4nnite (V)<\/strong><\/td>\n<td><strong>400<\/strong><\/td>\n<\/tr>\n<tr>\n<td><\/td>\n<td><\/td>\n<\/tr>\n<tr>\n<td><strong>CE-hyv\u00e4ksytty<\/strong><\/td>\n<td><strong>Kyll\u00e4<\/strong><\/td>\n<\/tr>\n<tr>\n<td><strong>Takuu<\/strong><\/td>\n<td><strong>1 vuosi<\/strong><\/td>\n<\/tr>\n<\/tbody>\n<\/table>\n","protected":false},"excerpt":{"rendered":"<p>&nbsp;<\/p>\n<p><span style=\"color: #333333;\"><strong>Geko Type 3 kW \/ 200 L<\/strong> on luotettava ja monipuoliseen k\u00e4ytt\u00f6\u00f6n soveltuva kompressori. Siin\u00e4 on tehokas 4 hv \/ 3,0 kW, 400 V moottori ja 200 litran s\u00e4ili\u00f6.<\/span><\/p>\n<p>&nbsp;<\/p>\n<p>Kompressori on varustettu 4 suurella py\u00f6r\u00e4ll\u00e4, mik\u00e4 est\u00e4\u00e4 sen tahattoman kaatumisen kuljetuksen aikana ja helpottaa my\u00f6s liikuttamista.<\/p>\n<p>Kiilahihnaveto ja 3-sylinterinen, \u00f6ljyvoideltu lohko varmistavat tehokkaan suorituskyvyn.<\/p>\n<p>Kompressorissa on painekytkin, painemittari, paineens\u00e4\u00e4din, 2x pikaliittimet ja moottorisuoja. Virtajohto ja 16A 3-vaihe pistotulppa ovat valmiiksi asennettuja.<\/p>\n<p>&nbsp;<\/p>\n<p>&nbsp;<\/p>\n","protected":false},"featured_media":29588,"template":"","meta":{"_acf_changed":false,"_seopress_robots_primary_cat":"none","_seopress_titles_title":"","_seopress_titles_desc":"","_seopress_robots_index":""},"product_cat":[217,322],"product_tag":[],"class_list":{"0":"post-29577","1":"product","2":"type-product","3":"status-publish","4":"has-post-thumbnail","6":"product_cat-kompressori-ja-paineilma","7":"product_cat-kompressorit","8":"product_shipping_class-frakt69e-fi","10":"first","11":"instock","12":"taxable","13":"shipping-taxable","14":"purchasable","15":"product-type-simple","swatches":"rey-swatches","show_selected":""},"acf":[],"_links":{"self":[{"href":"https:\/\/toolhouse.fi\/fi\/wp-json\/wp\/v2\/product\/29577","targetHints":{"allow":["GET"]}}],"collection":[{"href":"https:\/\/toolhouse.fi\/fi\/wp-json\/wp\/v2\/product"}],"about":[{"href":"https:\/\/toolhouse.fi\/fi\/wp-json\/wp\/v2\/types\/product"}],"version-history":[{"count":5,"href":"https:\/\/toolhouse.fi\/fi\/wp-json\/wp\/v2\/product\/29577\/revisions"}],"predecessor-version":[{"id":30113,"href":"https:\/\/toolhouse.fi\/fi\/wp-json\/wp\/v2\/product\/29577\/revisions\/30113"}],"wp:featuredmedia":[{"embeddable":true,"href":"https:\/\/toolhouse.fi\/fi\/wp-json\/wp\/v2\/media\/29588"}],"wp:attachment":[{"href":"https:\/\/toolhouse.fi\/fi\/wp-json\/wp\/v2\/media?parent=29577"}],"wp:term":[{"taxonomy":"product_cat","embeddable":true,"href":"https:\/\/toolhouse.fi\/fi\/wp-json\/wp\/v2\/product_cat?post=29577"},{"taxonomy":"product_tag","embeddable":true,"href":"https:\/\/toolhouse.fi\/fi\/wp-json\/wp\/v2\/product_tag?post=29577"}],"curies":[{"name":"wp","href":"https:\/\/api.w.org\/{rel}","templated":true}]}}