{"id":29658,"date":"2025-11-19T11:37:29","date_gmt":"2025-11-19T09:37:29","guid":{"rendered":"https:\/\/toolhouse.fi\/?post_type=product&#038;p=29658"},"modified":"2026-03-08T10:47:12","modified_gmt":"2026-03-08T08:47:12","slug":"torx-avainsarja-t-kahvalla-t9-t50-10-os","status":"publish","type":"product","link":"https:\/\/toolhouse.fi\/fi\/tuote\/torx-avainsarja-t-kahvalla-t9-t50-10-os\/","title":{"rendered":"Torx-avainsarja T-kahvalla T9-T50 10-os."},"content":{"rendered":"<p data-start=\"0\" data-end=\"69\">K\u00e4tev\u00e4t torx-avaimet ergonomisella T-kahvalla yleisimmiss\u00e4 kooissa.<\/p>\n<ul>\n<li data-start=\"58\" data-end=\"192\">Osien m\u00e4\u00e4r\u00e4: 10<\/li>\n<li data-start=\"58\" data-end=\"192\">Koot: T9, T10, T15, T20, T25, T27, T30, T40, T45, T50<\/li>\n<li data-start=\"58\" data-end=\"192\">Metallinen s\u00e4ilytysteline.<\/li>\n<li data-start=\"58\" data-end=\"192\">Pituudet: 143 \/ 210 \/ 276 mm<\/li>\n<li data-start=\"58\" data-end=\"192\">Paino: 1,3 kg<\/li>\n<li data-start=\"58\" data-end=\"192\">Valmistaja: Geko<\/li>\n<\/ul>\n","protected":false},"excerpt":{"rendered":"<p>K\u00e4tev\u00e4t torx-avaimet ergonomisella T-kahvalla yleisimmiss\u00e4 kooissa. Osien m\u00e4\u00e4r\u00e4: 10 Koot: T9, T10, T15, T20, T25, T27, T30, T40, T45, T50 Metallinen s\u00e4ilytysteline. Pituudet: 143 \/ 210 \/ 276 mm Paino: 1,3 kg Valmistaja: Geko<\/p>\n","protected":false},"featured_media":29664,"template":"","meta":{"_acf_changed":false,"_seopress_robots_primary_cat":"none","_seopress_titles_title":"","_seopress_titles_desc":"","_seopress_robots_index":""},"product_cat":[487,488,337,40],"product_tag":[],"class_list":{"0":"post-29658","1":"product","2":"type-product","3":"status-publish","4":"has-post-thumbnail","6":"product_cat-hylsytyokalut-vaantotyokalut","7":"product_cat-kasityokalut","8":"product_cat-tyokalut","9":"product_cat-korjaamolaitteet","11":"first","12":"instock","13":"taxable","14":"shipping-taxable","15":"purchasable","16":"product-type-simple","swatches":"rey-swatches","show_selected":""},"acf":[],"_links":{"self":[{"href":"https:\/\/toolhouse.fi\/fi\/wp-json\/wp\/v2\/product\/29658","targetHints":{"allow":["GET"]}}],"collection":[{"href":"https:\/\/toolhouse.fi\/fi\/wp-json\/wp\/v2\/product"}],"about":[{"href":"https:\/\/toolhouse.fi\/fi\/wp-json\/wp\/v2\/types\/product"}],"version-history":[{"count":2,"href":"https:\/\/toolhouse.fi\/fi\/wp-json\/wp\/v2\/product\/29658\/revisions"}],"predecessor-version":[{"id":29795,"href":"https:\/\/toolhouse.fi\/fi\/wp-json\/wp\/v2\/product\/29658\/revisions\/29795"}],"wp:featuredmedia":[{"embeddable":true,"href":"https:\/\/toolhouse.fi\/fi\/wp-json\/wp\/v2\/media\/29664"}],"wp:attachment":[{"href":"https:\/\/toolhouse.fi\/fi\/wp-json\/wp\/v2\/media?parent=29658"}],"wp:term":[{"taxonomy":"product_cat","embeddable":true,"href":"https:\/\/toolhouse.fi\/fi\/wp-json\/wp\/v2\/product_cat?post=29658"},{"taxonomy":"product_tag","embeddable":true,"href":"https:\/\/toolhouse.fi\/fi\/wp-json\/wp\/v2\/product_tag?post=29658"}],"curies":[{"name":"wp","href":"https:\/\/api.w.org\/{rel}","templated":true}]}}