{"id":29669,"date":"2025-11-13T12:38:25","date_gmt":"2025-11-13T10:38:25","guid":{"rendered":"https:\/\/toolhouse.fi\/?post_type=product&#038;p=29669"},"modified":"2025-11-19T15:30:34","modified_gmt":"2025-11-19T13:30:34","slug":"geko-akkulaturi-apukaynnistin-130a-12-24v","status":"publish","type":"product","link":"https:\/\/toolhouse.fi\/fi\/tuote\/geko-akkulaturi-apukaynnistin-130a-12-24v\/","title":{"rendered":"Geko akkulaturi\/apuk\u00e4ynnistin 130A 12\/24V"},"content":{"rendered":"<ul>\n<li>Valmistaja: Geko<\/li>\n<li>Malli: CB-50<\/li>\n<li>J\u00e4nitte: 230V<\/li>\n<li>12\/24 V lyijyakuille,(20-380Ah)<\/li>\n<li>Latausvirta: 24V\/30A<\/li>\n<li>Latausvirta: 12V\/20A<\/li>\n<li>K\u00e4ynnistysvirta max: 130 A<\/li>\n<li>Ylilatautumis- ja oikosulkusuoja<\/li>\n<li>Lcd ampeerimittari<\/li>\n<li>Kaapelien pituus: 1300 mm<\/li>\n<li>Virtajohdon pituus: 1200 mm<\/li>\n<li>Suojausluokka: IP 23<\/li>\n<li>Mitat: 274x225x197 mm<\/li>\n<li>Paino. 7,4 kg<\/li>\n<li>Ce-hyv\u00e4ksytty<\/li>\n<li>Takuu 12 kuukautta<\/li>\n<\/ul>\n","protected":false},"excerpt":{"rendered":"<p><strong>Geko CB-50<\/strong><\/p>\n<p data-start=\"0\" data-end=\"99\">Helppok\u00e4ytt\u00f6inen 12 \/ 24 V akkulaturi, jossa 130 A starttiboost-toiminto.<\/p>\n<p data-start=\"101\" data-end=\"189\">CB-50 tarjoaa jopa 30 A lataustehoa, pitk\u00e4t kaapelit ja selke\u00e4n LCD-amppeerimittarin.<\/p>\n<article class=\"text-token-text-primary w-full focus:outline-none [--shadow-height:45px] has-data-writing-block:pointer-events-none has-data-writing-block:-mt-(--shadow-height) has-data-writing-block:pt-(--shadow-height) [&amp;:has([data-writing-block])&gt;*]:pointer-events-auto [content-visibility:auto] supports-[content-visibility:auto]:[contain-intrinsic-size:auto_100lvh] scroll-mt-[calc(var(--header-height)+min(200px,max(70px,20svh)))]\" dir=\"auto\" tabindex=\"-1\" data-turn-id=\"request-WEB:0831df9c-cb27-4876-a22a-376bb93023ba-19\" data-testid=\"conversation-turn-34\" data-scroll-anchor=\"true\" data-turn=\"assistant\">\n<div class=\"text-base my-auto mx-auto pb-10 [--thread-content-margin:--spacing(4)] thread-sm:[--thread-content-margin:--spacing(6)] thread-lg:[--thread-content-margin:--spacing(16)] px-(--thread-content-margin)\">\n<div class=\"[--thread-content-max-width:40rem] thread-lg:[--thread-content-max-width:48rem] mx-auto max-w-(--thread-content-max-width) flex-1 group\/turn-messages focus-visible:outline-hidden relative flex w-full min-w-0 flex-col agent-turn\" tabindex=\"-1\">\n<div class=\"flex max-w-full flex-col grow\">\n<div class=\"min-h-8 text-message relative flex w-full flex-col items-end gap-2 text-start break-words whitespace-normal [.text-message+&amp;]:mt-1\" dir=\"auto\" data-message-author-role=\"assistant\" data-message-id=\"f7e019dc-9cc8-4ef1-ba39-7b389c2cb8b2\" data-message-model-slug=\"gpt-5\">\n<div class=\"flex w-full flex-col gap-1 empty:hidden first:pt-[1px]\">\n<div class=\"markdown prose dark:prose-invert w-full break-words light markdown-new-styling\">\n<p data-start=\"0\" data-end=\"88\" data-is-last-node=\"\" data-is-only-node=\"\">Laturissa on kest\u00e4v\u00e4 metallirunko, ja sit\u00e4 on helppo siirt\u00e4\u00e4 tukevan kantokahvan avulla.<\/p>\n<\/div>\n<\/div>\n<\/div>\n<\/div>\n<div class=\"z-0 flex min-h-[46px] justify-start\"><\/div>\n<div class=\"mt-3 w-full empty:hidden\">\n<div class=\"text-center\"><\/div>\n<\/div>\n<\/div>\n<\/div>\n<\/article>\n<div class=\"pointer-events-none h-px w-px\" aria-hidden=\"true\" data-edge=\"true\"><\/div>\n<p>&nbsp;<\/p>\n<p>&nbsp;<\/p>\n<p>&nbsp;<\/p>\n<p>&nbsp;<\/p>\n","protected":false},"featured_media":29679,"template":"","meta":{"_acf_changed":false,"_seopress_robots_primary_cat":"none","_seopress_titles_title":"","_seopress_titles_desc":"","_seopress_robots_index":""},"product_cat":[343,40],"product_tag":[],"class_list":{"0":"post-29669","1":"product","2":"type-product","3":"status-publish","4":"has-post-thumbnail","6":"product_cat-akkulaturit","7":"product_cat-korjaamolaitteet","8":"product_shipping_class-frakt-1590-fi","10":"first","11":"instock","12":"taxable","13":"shipping-taxable","14":"purchasable","15":"product-type-simple","swatches":"rey-swatches","show_selected":""},"acf":[],"_links":{"self":[{"href":"https:\/\/toolhouse.fi\/fi\/wp-json\/wp\/v2\/product\/29669","targetHints":{"allow":["GET"]}}],"collection":[{"href":"https:\/\/toolhouse.fi\/fi\/wp-json\/wp\/v2\/product"}],"about":[{"href":"https:\/\/toolhouse.fi\/fi\/wp-json\/wp\/v2\/types\/product"}],"version-history":[{"count":3,"href":"https:\/\/toolhouse.fi\/fi\/wp-json\/wp\/v2\/product\/29669\/revisions"}],"predecessor-version":[{"id":29798,"href":"https:\/\/toolhouse.fi\/fi\/wp-json\/wp\/v2\/product\/29669\/revisions\/29798"}],"wp:featuredmedia":[{"embeddable":true,"href":"https:\/\/toolhouse.fi\/fi\/wp-json\/wp\/v2\/media\/29679"}],"wp:attachment":[{"href":"https:\/\/toolhouse.fi\/fi\/wp-json\/wp\/v2\/media?parent=29669"}],"wp:term":[{"taxonomy":"product_cat","embeddable":true,"href":"https:\/\/toolhouse.fi\/fi\/wp-json\/wp\/v2\/product_cat?post=29669"},{"taxonomy":"product_tag","embeddable":true,"href":"https:\/\/toolhouse.fi\/fi\/wp-json\/wp\/v2\/product_tag?post=29669"}],"curies":[{"name":"wp","href":"https:\/\/api.w.org\/{rel}","templated":true}]}}