{"id":29703,"date":"2025-11-13T16:19:17","date_gmt":"2025-11-13T14:19:17","guid":{"rendered":"https:\/\/toolhouse.fi\/?post_type=product&#038;p=29703"},"modified":"2025-11-13T16:27:34","modified_gmt":"2025-11-13T14:27:34","slug":"rekyyliton-vasara-1350g","status":"publish","type":"product","link":"https:\/\/toolhouse.fi\/fi\/tuote\/rekyyliton-vasara-1350g\/","title":{"rendered":"Rekyylit\u00f6n vasara 1350g"},"content":{"rendered":"<p>Geko massavasarassa on ter\u00e4skuulilla t\u00e4ytetty ly\u00f6ntip\u00e4\u00e4, kumipinnoite ei j\u00e4t\u00e4 j\u00e4lki\u00e4 iskupintaan.<\/p>\n<ul>\n<li>Paino: 1350g<\/li>\n<li>Pituus: 360 mm<\/li>\n<li>Ly\u00f6ntip\u00e4\u00e4n halkaisija: 60 mm<\/li>\n<li>Ly\u00f6ntip\u00e4\u00e4n pituus: 122 mm<\/li>\n<\/ul>\n","protected":false},"excerpt":{"rendered":"<p>Geko massavasarassa on ter\u00e4skuulilla t\u00e4ytetty ly\u00f6ntip\u00e4\u00e4, kumipinnoite ei j\u00e4t\u00e4 j\u00e4lki\u00e4 iskupintaan. Paino: 1350g Pituus: 360 mm Ly\u00f6ntip\u00e4\u00e4n halkaisija: 60 mm Ly\u00f6ntip\u00e4\u00e4n pituus: 122 mm<\/p>\n","protected":false},"featured_media":29705,"template":"","meta":{"_acf_changed":false,"_seopress_robots_primary_cat":"none","_seopress_titles_title":"","_seopress_titles_desc":"","_seopress_robots_index":""},"product_cat":[488,337,40],"product_tag":[],"class_list":{"0":"post-29703","1":"product","2":"type-product","3":"status-publish","4":"has-post-thumbnail","6":"product_cat-kasityokalut","7":"product_cat-tyokalut","8":"product_cat-korjaamolaitteet","9":"product_shipping_class-tillbehor-790e","11":"first","12":"instock","13":"taxable","14":"shipping-taxable","15":"purchasable","16":"product-type-simple","swatches":"rey-swatches","show_selected":""},"acf":[],"_links":{"self":[{"href":"https:\/\/toolhouse.fi\/fi\/wp-json\/wp\/v2\/product\/29703","targetHints":{"allow":["GET"]}}],"collection":[{"href":"https:\/\/toolhouse.fi\/fi\/wp-json\/wp\/v2\/product"}],"about":[{"href":"https:\/\/toolhouse.fi\/fi\/wp-json\/wp\/v2\/types\/product"}],"version-history":[{"count":1,"href":"https:\/\/toolhouse.fi\/fi\/wp-json\/wp\/v2\/product\/29703\/revisions"}],"predecessor-version":[{"id":29709,"href":"https:\/\/toolhouse.fi\/fi\/wp-json\/wp\/v2\/product\/29703\/revisions\/29709"}],"wp:featuredmedia":[{"embeddable":true,"href":"https:\/\/toolhouse.fi\/fi\/wp-json\/wp\/v2\/media\/29705"}],"wp:attachment":[{"href":"https:\/\/toolhouse.fi\/fi\/wp-json\/wp\/v2\/media?parent=29703"}],"wp:term":[{"taxonomy":"product_cat","embeddable":true,"href":"https:\/\/toolhouse.fi\/fi\/wp-json\/wp\/v2\/product_cat?post=29703"},{"taxonomy":"product_tag","embeddable":true,"href":"https:\/\/toolhouse.fi\/fi\/wp-json\/wp\/v2\/product_tag?post=29703"}],"curies":[{"name":"wp","href":"https:\/\/api.w.org\/{rel}","templated":true}]}}