{"id":29846,"date":"2025-11-21T15:01:53","date_gmt":"2025-11-21T13:01:53","guid":{"rendered":"https:\/\/toolhouse.fi\/?post_type=product&#038;p=29846"},"modified":"2025-11-21T15:24:27","modified_gmt":"2025-11-21T13:24:27","slug":"geko-akkulaturi-apukaynnistin-12-24v-550a","status":"publish","type":"product","link":"https:\/\/toolhouse.fi\/fi\/tuote\/geko-akkulaturi-apukaynnistin-12-24v-550a\/","title":{"rendered":"Geko akkulaturi\/apuk\u00e4ynnistin 12\/24V 550A"},"content":{"rendered":"<ul>\n<li>Valmistaja Geko<\/li>\n<li>Malli \u00a0C630A<\/li>\n<li>J\u00e4nitte 230V<\/li>\n<li>12\/24 V lyijyakuille,(20 &#8211; 1550 Ah)<\/li>\n<li>Pikalataustoiminto ajastimella.<\/li>\n<li>Latausvirta 24V\/90A<\/li>\n<li>Latausvirta 12V\/60A<\/li>\n<li>K\u00e4ynnistysvirta 12V max. 360 A<\/li>\n<li>K\u00e4ynnistysvirta 24V max. 550 A<\/li>\n<li>Virrankulutus 2 kW (lataus) \/ 12 kW (k\u00e4ynnistys)<\/li>\n<li>Ylilatautumis- ja oikosulkusuoja<\/li>\n<li>Lcd ampeerimittari<\/li>\n<li>Sulake 150 A<\/li>\n<li>Kaapelien pituus 1600 mm<\/li>\n<li>Virtajohdon pituus 2000 mm<\/li>\n<li>Suojausluokka IP 20 C<\/li>\n<li>Mitat P 270 x L 340 x K 700 mm<\/li>\n<li>Paino 20 kg<\/li>\n<li>Ce-hyv\u00e4ksytty<\/li>\n<li>Takuu 12 kuukautta<\/li>\n<\/ul>\n","protected":false},"excerpt":{"rendered":"<p><strong>Geko C630A<\/strong><\/p>\n<p>&nbsp;<\/p>\n<p>J\u00e4re\u00e4 apuk\u00e4ynnistin\/akkulaturi, apuk\u00e4ynnistyksell\u00e4\u00a0 360A \/ 12V ja 550A \/ 24V.<\/p>\n<p>Class 630:ssa on s\u00e4\u00e4dett\u00e4v\u00e4 latausteho 20-90A, pitk\u00e4t kaapelit ja selke\u00e4 LCD-ampeerimittari.<\/p>\n<p>Laturi on vankka ja kest\u00e4v\u00e4 metallirungolla, helppo siirt\u00e4\u00e4 isolla kahvoilla ja py\u00f6rill\u00e4.<\/p>\n<p>&nbsp;<\/p>\n","protected":false},"featured_media":29850,"template":"","meta":{"_acf_changed":false,"_seopress_robots_primary_cat":"none","_seopress_titles_title":"","_seopress_titles_desc":"","_seopress_robots_index":""},"product_cat":[343,40],"product_tag":[],"class_list":{"0":"post-29846","1":"product","2":"type-product","3":"status-publish","4":"has-post-thumbnail","6":"product_cat-akkulaturit","7":"product_cat-korjaamolaitteet","8":"product_shipping_class-frakt-1590-fi","10":"first","11":"instock","12":"taxable","13":"shipping-taxable","14":"purchasable","15":"product-type-simple","swatches":"rey-swatches","show_selected":""},"acf":[],"_links":{"self":[{"href":"https:\/\/toolhouse.fi\/fi\/wp-json\/wp\/v2\/product\/29846","targetHints":{"allow":["GET"]}}],"collection":[{"href":"https:\/\/toolhouse.fi\/fi\/wp-json\/wp\/v2\/product"}],"about":[{"href":"https:\/\/toolhouse.fi\/fi\/wp-json\/wp\/v2\/types\/product"}],"version-history":[{"count":1,"href":"https:\/\/toolhouse.fi\/fi\/wp-json\/wp\/v2\/product\/29846\/revisions"}],"predecessor-version":[{"id":29848,"href":"https:\/\/toolhouse.fi\/fi\/wp-json\/wp\/v2\/product\/29846\/revisions\/29848"}],"wp:featuredmedia":[{"embeddable":true,"href":"https:\/\/toolhouse.fi\/fi\/wp-json\/wp\/v2\/media\/29850"}],"wp:attachment":[{"href":"https:\/\/toolhouse.fi\/fi\/wp-json\/wp\/v2\/media?parent=29846"}],"wp:term":[{"taxonomy":"product_cat","embeddable":true,"href":"https:\/\/toolhouse.fi\/fi\/wp-json\/wp\/v2\/product_cat?post=29846"},{"taxonomy":"product_tag","embeddable":true,"href":"https:\/\/toolhouse.fi\/fi\/wp-json\/wp\/v2\/product_tag?post=29846"}],"curies":[{"name":"wp","href":"https:\/\/api.w.org\/{rel}","templated":true}]}}