{"id":29920,"date":"2025-11-24T17:13:41","date_gmt":"2025-11-24T15:13:41","guid":{"rendered":"https:\/\/toolhouse.fi\/?post_type=product&#038;p=29920"},"modified":"2026-01-19T21:22:21","modified_gmt":"2026-01-19T19:22:21","slug":"hiekkapuhalluskaappi-geko-90-l","status":"publish","type":"product","link":"https:\/\/toolhouse.fi\/fi\/tuote\/hiekkapuhalluskaappi-geko-90-l\/","title":{"rendered":"Hiekkapuhalluskaappi Geko 90 l"},"content":{"rendered":"","protected":false},"excerpt":{"rendered":"<p data-start=\"78\" data-end=\"164\"><strong data-start=\"78\" data-end=\"111\">Geko 90 litran hiekkapuhalluskaappi <\/strong>sopii erinomaisesti\u00a0pienten osien hiekkapuhallukseen.<\/p>\n<p data-start=\"166\" data-end=\"381\">Kaapissa on avattava kansi, puhalluspistooli, nelj\u00e4 keraamista suutinta, integroidut ty\u00f6skentelyk\u00e4sineet, ty\u00f6valaistus sek\u00e4 suuri tarkistusikkuna. Mukana toimitetaan my\u00f6s nelj\u00e4 suojakalvoa ikkunalle.<\/p>\n<p data-start=\"383\" data-end=\"652\">Kompakti ulkomuoto yhdistyy tilavaan ty\u00f6skentelyalueeseen, mik\u00e4 tekee ty\u00f6skentelyst\u00e4 helppoa ja miellytt\u00e4v\u00e4\u00e4. Tiivistenauhat kaapin kaikissa liitoksissa takaavat p\u00f6lytt\u00f6m\u00e4n k\u00e4yt\u00f6n, ja k\u00e4tev\u00e4 tyhjennysaukko mahdollistaa puhallusmateriaalin nopean ja vaivattoman vaihdon.<\/p>\n<hr data-start=\"654\" data-end=\"657\" \/>\n<h3 data-start=\"659\" data-end=\"688\"><strong data-start=\"663\" data-end=\"688\">Tuotteen ominaisuudet<\/strong><\/h3>\n<ul>\n<li data-start=\"691\" data-end=\"751\">Puhalluspistooli, ja 4 erikokoista keraamista suutinta (4, 5, 6, 7 mm)<\/li>\n<li data-start=\"754\" data-end=\"812\">Suuri avattava tarkistusikkuna jossa vaihdettava suojakalvo<\/li>\n<li data-start=\"815\" data-end=\"849\">Ty\u00f6valaistus \u2013 12 V loistelamppu<\/li>\n<li data-start=\"852\" data-end=\"893\">Tiivistys kaapin kaikkien osien v\u00e4lill\u00e4<\/li>\n<li data-start=\"896\" data-end=\"949\">Tyhjennysaukko puhallusmateriaalin nopeaan vaihtoon<\/li>\n<li data-start=\"952\" data-end=\"978\">Integroidut kumik\u00e4sineet<\/li>\n<li data-start=\"981\" data-end=\"1008\">Vakaa ja kompakti rakenne<\/li>\n<li data-start=\"1011\" data-end=\"1036\">Liukumattomat kumijalat<\/li>\n<\/ul>\n<hr data-start=\"1038\" data-end=\"1041\" \/>\n<h3 data-start=\"1043\" data-end=\"1066\"><strong data-start=\"1047\" data-end=\"1066\">Tekniset tiedot<\/strong><\/h3>\n<ul>\n<li data-start=\"1069\" data-end=\"1085\">J\u00e4nnite: 230 V<\/li>\n<li data-start=\"1088\" data-end=\"1116\">Kaapin tilavuus: 90 litraa<\/li>\n<li data-start=\"1119\" data-end=\"1151\">Suuttimien koot: 4, 5, 6, 7 mm<\/li>\n<li data-start=\"1154\" data-end=\"1176\">K\u00e4ytt\u00f6paine: 5\u20137 bar<\/li>\n<li data-start=\"1179\" data-end=\"1208\">Ilmankulutus: 140\u2013560 l\/min<\/li>\n<li data-start=\"1211\" data-end=\"1231\">Ilmaliit\u00e4nt\u00e4: 1\/4\u2033<\/li>\n<li>Sopii puhallusmateriaaleille: kvartsihiekka, lasikuulat, alumiinioksidi, piikarbidi<\/li>\n<li data-start=\"1234\" data-end=\"1262\">Ikkunan koko: 485 \u00d7 390 mm<\/li>\n<li data-start=\"1265\" data-end=\"1285\">Sis\u00e4leveys: 580 mm<\/li>\n<li data-start=\"1288\" data-end=\"1308\">Sis\u00e4syvyys: 485 mm<\/li>\n<li data-start=\"1311\" data-end=\"1339\">Sis\u00e4korkeus takana: 355 mm<\/li>\n<li data-start=\"1342\" data-end=\"1370\">Sis\u00e4korkeus edess\u00e4: 305 mm<\/li>\n<li data-start=\"1373\" data-end=\"1397\">Kokonaisleveys: 630 mm<\/li>\n<li data-start=\"1400\" data-end=\"1425\">Kokonaiskorkeus: 500 mm<\/li>\n<li data-start=\"1428\" data-end=\"1453\">Kokonais syvyys: 495 mm<\/li>\n<\/ul>\n<hr data-start=\"1455\" data-end=\"1458\" \/>\n<h3 data-start=\"1460\" data-end=\"1483\"><strong data-start=\"1464\" data-end=\"1483\">Toimitussis\u00e4lt\u00f6<\/strong><\/h3>\n<ul>\n<li data-start=\"1486\" data-end=\"1504\">Puhalluspistooli<\/li>\n<li data-start=\"1507\" data-end=\"1537\">Puhallusmateriaalin imuletku<\/li>\n<li data-start=\"1540\" data-end=\"1563\">Ilmaletku liittimell\u00e4<\/li>\n<li data-start=\"1566\" data-end=\"1605\">4 keraamista suutinta (4, 5, 6, 7 mm)<\/li>\n<li data-start=\"1608\" data-end=\"1645\">12 V valaistus 230 V virtal\u00e4hteell\u00e4<\/li>\n<li data-start=\"1648\" data-end=\"1672\">4 suojakalvoa ikkunaan<\/li>\n<li data-start=\"1675\" data-end=\"1723\">2 suurta kaappiin integroitua lateksik\u00e4sinett\u00e4<\/li>\n<li data-start=\"1726\" data-end=\"1755\">Teflon-teippi tiivistykseen<\/li>\n<li data-start=\"1726\" data-end=\"1755\"><span style=\"color: #484f56; font-size: 1.125rem;\">Kaappi toimitetaan osina.<\/span><\/li>\n<\/ul>\n","protected":false},"featured_media":29936,"template":"","meta":{"_acf_changed":false,"_seopress_robots_primary_cat":"none","_seopress_titles_title":"","_seopress_titles_desc":"","_seopress_robots_index":""},"product_cat":[771,217],"product_tag":[],"class_list":{"0":"post-29920","1":"product","2":"type-product","3":"status-publish","4":"has-post-thumbnail","6":"product_cat-hiekkapuhallus","7":"product_cat-kompressori-ja-paineilma","9":"first","10":"instock","11":"taxable","12":"shipping-taxable","13":"purchasable","14":"product-type-simple","swatches":"rey-swatches","show_selected":""},"acf":[],"_links":{"self":[{"href":"https:\/\/toolhouse.fi\/fi\/wp-json\/wp\/v2\/product\/29920","targetHints":{"allow":["GET"]}}],"collection":[{"href":"https:\/\/toolhouse.fi\/fi\/wp-json\/wp\/v2\/product"}],"about":[{"href":"https:\/\/toolhouse.fi\/fi\/wp-json\/wp\/v2\/types\/product"}],"version-history":[{"count":0,"href":"https:\/\/toolhouse.fi\/fi\/wp-json\/wp\/v2\/product\/29920\/revisions"}],"wp:featuredmedia":[{"embeddable":true,"href":"https:\/\/toolhouse.fi\/fi\/wp-json\/wp\/v2\/media\/29936"}],"wp:attachment":[{"href":"https:\/\/toolhouse.fi\/fi\/wp-json\/wp\/v2\/media?parent=29920"}],"wp:term":[{"taxonomy":"product_cat","embeddable":true,"href":"https:\/\/toolhouse.fi\/fi\/wp-json\/wp\/v2\/product_cat?post=29920"},{"taxonomy":"product_tag","embeddable":true,"href":"https:\/\/toolhouse.fi\/fi\/wp-json\/wp\/v2\/product_tag?post=29920"}],"curies":[{"name":"wp","href":"https:\/\/api.w.org\/{rel}","templated":true}]}}