{"id":29948,"date":"2025-11-25T11:25:18","date_gmt":"2025-11-25T09:25:18","guid":{"rendered":"https:\/\/toolhouse.fi\/?post_type=product&#038;p=29948"},"modified":"2025-11-25T11:28:42","modified_gmt":"2025-11-25T09:28:42","slug":"hiekkapuhalluskaapin-hanskat","status":"publish","type":"product","link":"https:\/\/toolhouse.fi\/fi\/tuote\/hiekkapuhalluskaapin-hanskat\/","title":{"rendered":"Hiekkapuhalluskaapin hanskat"},"content":{"rendered":"","protected":false},"excerpt":{"rendered":"<p data-start=\"13\" data-end=\"76\">Kest\u00e4v\u00e4t k\u00e4sineet, jotka sopivat Geko-hiekkapuhalluskaappeihin.<\/p>\n<p data-start=\"78\" data-end=\"111\">Sopii seuraaviin malleihin:<\/p>\n<ul>\n<li data-start=\"114\" data-end=\"154\"><a href=\"https:\/\/toolhouse.fi\/fi\/tuote\/hiekkapuhalluskaappi-geko-220-l\/\">Geko 220 litran puhalluskaappi: T02022<\/a><\/li>\n<li data-start=\"157\" data-end=\"194\"><a href=\"https:\/\/toolhouse.fi\/fi\/tuote\/hiekkapuhalluskaappi-geko-90-l\/\">Geko 90 litran puhalluskaappi: T02021<\/a><\/li>\n<\/ul>\n","protected":false},"featured_media":29946,"template":"","meta":{"_acf_changed":false,"_seopress_robots_primary_cat":"","_seopress_titles_title":"","_seopress_titles_desc":"","_seopress_robots_index":""},"product_cat":[771,217],"product_tag":[],"class_list":{"0":"post-29948","1":"product","2":"type-product","3":"status-publish","4":"has-post-thumbnail","6":"product_cat-hiekkapuhallus","7":"product_cat-kompressori-ja-paineilma","9":"first","10":"instock","11":"taxable","12":"shipping-taxable","13":"purchasable","14":"product-type-simple","swatches":"rey-swatches","show_selected":""},"acf":[],"_links":{"self":[{"href":"https:\/\/toolhouse.fi\/fi\/wp-json\/wp\/v2\/product\/29948","targetHints":{"allow":["GET"]}}],"collection":[{"href":"https:\/\/toolhouse.fi\/fi\/wp-json\/wp\/v2\/product"}],"about":[{"href":"https:\/\/toolhouse.fi\/fi\/wp-json\/wp\/v2\/types\/product"}],"version-history":[{"count":1,"href":"https:\/\/toolhouse.fi\/fi\/wp-json\/wp\/v2\/product\/29948\/revisions"}],"predecessor-version":[{"id":29951,"href":"https:\/\/toolhouse.fi\/fi\/wp-json\/wp\/v2\/product\/29948\/revisions\/29951"}],"wp:featuredmedia":[{"embeddable":true,"href":"https:\/\/toolhouse.fi\/fi\/wp-json\/wp\/v2\/media\/29946"}],"wp:attachment":[{"href":"https:\/\/toolhouse.fi\/fi\/wp-json\/wp\/v2\/media?parent=29948"}],"wp:term":[{"taxonomy":"product_cat","embeddable":true,"href":"https:\/\/toolhouse.fi\/fi\/wp-json\/wp\/v2\/product_cat?post=29948"},{"taxonomy":"product_tag","embeddable":true,"href":"https:\/\/toolhouse.fi\/fi\/wp-json\/wp\/v2\/product_tag?post=29948"}],"curies":[{"name":"wp","href":"https:\/\/api.w.org\/{rel}","templated":true}]}}