{"id":29978,"date":"2025-11-25T14:59:14","date_gmt":"2025-11-25T12:59:14","guid":{"rendered":"https:\/\/toolhouse.fi\/?post_type=product&#038;p=29978"},"modified":"2025-11-25T15:18:40","modified_gmt":"2025-11-25T13:18:40","slug":"oljynvalutusastia-10-l","status":"publish","type":"product","link":"https:\/\/toolhouse.fi\/fi\/tuote\/oljynvalutusastia-10-l\/","title":{"rendered":"\u00d6ljynvalutusastia 10 l"},"content":{"rendered":"","protected":false},"excerpt":{"rendered":"<p data-start=\"11\" data-end=\"203\">Kevyt ja k\u00e4tev\u00e4 valutuss\u00e4ili\u00f6 k\u00e4ytettyjen nesteiden ja \u00f6ljyjen ker\u00e4\u00e4miseen ja tyhjent\u00e4miseen. S\u00e4ili\u00f6ss\u00e4 on kolme muotoiltua kahvaa \u2013 kaksi edess\u00e4 ja yksi takana \u2013 joten sit\u00e4 on helppo k\u00e4sitell\u00e4 sek\u00e4 tyhj\u00e4n\u00e4 ett\u00e4 t\u00e4yten\u00e4.<\/p>\n<p data-start=\"205\" data-end=\"232\">\n<p data-start=\"205\" data-end=\"232\"><strong data-start=\"205\" data-end=\"230\">Tuotteen ominaisuudet<\/strong><\/p>\n<ul>\n<li data-start=\"235\" data-end=\"269\">Kolme k\u00e4yt\u00e4nn\u00f6llist\u00e4 kantokahvaa<\/li>\n<li data-start=\"272\" data-end=\"318\">Matalaprofiilinen malli \u2013 korkeus vain 11 cm<\/li>\n<li data-start=\"321\" data-end=\"342\">Tilavuus: 10 litraa<\/li>\n<li data-start=\"345\" data-end=\"376\">Varatulppa ja tiiviste mukana<\/li>\n<li data-start=\"379\" data-end=\"434\">K\u00e4tev\u00e4 s\u00e4ilytyspaikka sek\u00e4 tulpalle ett\u00e4 varatulpalle<\/li>\n<li data-start=\"437\" data-end=\"464\">Kevyt ja helppok\u00e4ytt\u00f6inen<\/li>\n<li data-start=\"467\" data-end=\"523\">Valmistettu kest\u00e4v\u00e4st\u00e4 ja lujasta polypropeenista (PP)<\/li>\n<li data-start=\"526\" data-end=\"561\">Mitat (P\u00d7L\u00d7K): 585 \u00d7 323 \u00d7 110 mm<\/li>\n<li data-start=\"564\" data-end=\"580\">Valmistaja: Geko<\/li>\n<\/ul>\n","protected":false},"featured_media":29973,"template":"","meta":{"_acf_changed":false,"_seopress_robots_primary_cat":"","_seopress_titles_title":"","_seopress_titles_desc":"","_seopress_robots_index":""},"product_cat":[339,341,40],"product_tag":[],"class_list":{"0":"post-29978","1":"product","2":"type-product","3":"status-publish","4":"has-post-thumbnail","6":"product_cat-autotyokalut","7":"product_cat-oljynvaihto","8":"product_cat-korjaamolaitteet","10":"first","11":"instock","12":"taxable","13":"shipping-taxable","14":"purchasable","15":"product-type-simple","swatches":"rey-swatches","show_selected":""},"acf":[],"_links":{"self":[{"href":"https:\/\/toolhouse.fi\/fi\/wp-json\/wp\/v2\/product\/29978","targetHints":{"allow":["GET"]}}],"collection":[{"href":"https:\/\/toolhouse.fi\/fi\/wp-json\/wp\/v2\/product"}],"about":[{"href":"https:\/\/toolhouse.fi\/fi\/wp-json\/wp\/v2\/types\/product"}],"version-history":[{"count":1,"href":"https:\/\/toolhouse.fi\/fi\/wp-json\/wp\/v2\/product\/29978\/revisions"}],"predecessor-version":[{"id":29981,"href":"https:\/\/toolhouse.fi\/fi\/wp-json\/wp\/v2\/product\/29978\/revisions\/29981"}],"wp:featuredmedia":[{"embeddable":true,"href":"https:\/\/toolhouse.fi\/fi\/wp-json\/wp\/v2\/media\/29973"}],"wp:attachment":[{"href":"https:\/\/toolhouse.fi\/fi\/wp-json\/wp\/v2\/media?parent=29978"}],"wp:term":[{"taxonomy":"product_cat","embeddable":true,"href":"https:\/\/toolhouse.fi\/fi\/wp-json\/wp\/v2\/product_cat?post=29978"},{"taxonomy":"product_tag","embeddable":true,"href":"https:\/\/toolhouse.fi\/fi\/wp-json\/wp\/v2\/product_tag?post=29978"}],"curies":[{"name":"wp","href":"https:\/\/api.w.org\/{rel}","templated":true}]}}