{"id":30011,"date":"2025-11-26T14:55:37","date_gmt":"2025-11-26T12:55:37","guid":{"rendered":"https:\/\/toolhouse.fi\/?post_type=product&#038;p=30011"},"modified":"2026-02-03T05:30:58","modified_gmt":"2026-02-03T03:30:58","slug":"pikaistukka-b22-5-20mm","status":"publish","type":"product","link":"https:\/\/toolhouse.fi\/fi\/tuote\/pikaistukka-b22-5-20mm\/","title":{"rendered":"Pikaistukka B22 5-20mm"},"content":{"rendered":"","protected":false},"excerpt":{"rendered":"<p data-start=\"41\" data-end=\"87\"><strong data-start=\"41\" data-end=\"85\">Pikakiristysistukka B22, 5\u201320 mm<\/strong><\/p>\n<ul>\n<li data-start=\"91\" data-end=\"118\">Aukeama: 5\u201320 mm<\/li>\n<li data-start=\"121\" data-end=\"137\">Kiinnitys: B22<\/li>\n<li data-start=\"140\" data-end=\"192\">Kovametallivahvisteiset leuat<\/li>\n<li data-start=\"289\" data-end=\"352\">Karhennettu ulkopinta mahdollistaa nopean ja pit\u00e4v\u00e4n kiristyksen<\/li>\n<li data-start=\"355\" data-end=\"433\">\u201cClick\u201d-lukitus est\u00e4\u00e4 istukan aukeamisen k\u00e4yt\u00f6n aikana<\/li>\n<li data-start=\"435\" data-end=\"513\">Pituus: 125 mm<\/li>\n<li data-start=\"435\" data-end=\"513\">Halkaisija: 54 mm<\/li>\n<li data-start=\"435\" data-end=\"513\">Paino: 1480 g<\/li>\n<li data-start=\"435\" data-end=\"513\">Valmistaja: Geko<\/li>\n<\/ul>\n","protected":false},"featured_media":30016,"template":"","meta":{"_acf_changed":false,"_seopress_robots_primary_cat":"","_seopress_titles_title":"","_seopress_titles_desc":"","_seopress_robots_index":""},"product_cat":[262,472,473],"product_tag":[],"class_list":{"0":"post-30011","1":"product","2":"type-product","3":"status-publish","4":"has-post-thumbnail","6":"product_cat-hitsaus-metallityo","7":"product_cat-metallityo","8":"product_cat-metallityon-tarvikkeet","10":"first","11":"instock","12":"taxable","13":"shipping-taxable","14":"purchasable","15":"product-type-simple","swatches":"rey-swatches","show_selected":""},"acf":[],"_links":{"self":[{"href":"https:\/\/toolhouse.fi\/fi\/wp-json\/wp\/v2\/product\/30011","targetHints":{"allow":["GET"]}}],"collection":[{"href":"https:\/\/toolhouse.fi\/fi\/wp-json\/wp\/v2\/product"}],"about":[{"href":"https:\/\/toolhouse.fi\/fi\/wp-json\/wp\/v2\/types\/product"}],"version-history":[{"count":1,"href":"https:\/\/toolhouse.fi\/fi\/wp-json\/wp\/v2\/product\/30011\/revisions"}],"predecessor-version":[{"id":30014,"href":"https:\/\/toolhouse.fi\/fi\/wp-json\/wp\/v2\/product\/30011\/revisions\/30014"}],"wp:featuredmedia":[{"embeddable":true,"href":"https:\/\/toolhouse.fi\/fi\/wp-json\/wp\/v2\/media\/30016"}],"wp:attachment":[{"href":"https:\/\/toolhouse.fi\/fi\/wp-json\/wp\/v2\/media?parent=30011"}],"wp:term":[{"taxonomy":"product_cat","embeddable":true,"href":"https:\/\/toolhouse.fi\/fi\/wp-json\/wp\/v2\/product_cat?post=30011"},{"taxonomy":"product_tag","embeddable":true,"href":"https:\/\/toolhouse.fi\/fi\/wp-json\/wp\/v2\/product_tag?post=30011"}],"curies":[{"name":"wp","href":"https:\/\/api.w.org\/{rel}","templated":true}]}}