{"id":30023,"date":"2025-11-26T15:22:07","date_gmt":"2025-11-26T13:22:07","guid":{"rendered":"https:\/\/toolhouse.fi\/?post_type=product&#038;p=30023"},"modified":"2025-11-30T20:42:00","modified_gmt":"2025-11-30T18:42:00","slug":"pikaistukka-b18-1-16mm","status":"publish","type":"product","link":"https:\/\/toolhouse.fi\/fi\/tuote\/pikaistukka-b18-1-16mm\/","title":{"rendered":"Pikaistukka B18 1-16mm"},"content":{"rendered":"","protected":false},"excerpt":{"rendered":"<p data-start=\"41\" data-end=\"87\"><strong data-start=\"41\" data-end=\"85\">Pikakiristysistukka B18, 1-16 mm<\/strong><\/p>\n<ul>\n<li data-start=\"91\" data-end=\"118\">Aukeama: 1-16 mm<\/li>\n<li data-start=\"121\" data-end=\"137\">Kiinnitys: B18<\/li>\n<li data-start=\"140\" data-end=\"192\">Kovametallivahvisteiset leuat<\/li>\n<li data-start=\"289\" data-end=\"352\">Karhennettu ulkopinta mahdollistaa nopean ja pit\u00e4v\u00e4n kiristyksen<\/li>\n<li data-start=\"355\" data-end=\"433\">\u201cClick\u201d-lukitus est\u00e4\u00e4 istukan aukeamisen k\u00e4yt\u00f6n aikana<\/li>\n<li data-start=\"435\" data-end=\"513\">Pituus: 113 mm<\/li>\n<li data-start=\"435\" data-end=\"513\">Halkaisija: 50 mm<\/li>\n<li data-start=\"435\" data-end=\"513\">Paino: 1010 g<\/li>\n<li data-start=\"435\" data-end=\"513\">Valmistaja: Geko<\/li>\n<\/ul>\n","protected":false},"featured_media":30028,"template":"","meta":{"_acf_changed":false,"_seopress_robots_primary_cat":"none","_seopress_titles_title":"","_seopress_titles_desc":"","_seopress_robots_index":""},"product_cat":[262,472,473],"product_tag":[],"class_list":{"0":"post-30023","1":"product","2":"type-product","3":"status-publish","4":"has-post-thumbnail","6":"product_cat-hitsaus-metallityo","7":"product_cat-metallityo","8":"product_cat-metallityon-tarvikkeet","10":"first","11":"instock","12":"taxable","13":"shipping-taxable","14":"purchasable","15":"product-type-simple","swatches":"rey-swatches","show_selected":""},"acf":[],"_links":{"self":[{"href":"https:\/\/toolhouse.fi\/fi\/wp-json\/wp\/v2\/product\/30023","targetHints":{"allow":["GET"]}}],"collection":[{"href":"https:\/\/toolhouse.fi\/fi\/wp-json\/wp\/v2\/product"}],"about":[{"href":"https:\/\/toolhouse.fi\/fi\/wp-json\/wp\/v2\/types\/product"}],"version-history":[{"count":2,"href":"https:\/\/toolhouse.fi\/fi\/wp-json\/wp\/v2\/product\/30023\/revisions"}],"predecessor-version":[{"id":30026,"href":"https:\/\/toolhouse.fi\/fi\/wp-json\/wp\/v2\/product\/30023\/revisions\/30026"}],"wp:featuredmedia":[{"embeddable":true,"href":"https:\/\/toolhouse.fi\/fi\/wp-json\/wp\/v2\/media\/30028"}],"wp:attachment":[{"href":"https:\/\/toolhouse.fi\/fi\/wp-json\/wp\/v2\/media?parent=30023"}],"wp:term":[{"taxonomy":"product_cat","embeddable":true,"href":"https:\/\/toolhouse.fi\/fi\/wp-json\/wp\/v2\/product_cat?post=30023"},{"taxonomy":"product_tag","embeddable":true,"href":"https:\/\/toolhouse.fi\/fi\/wp-json\/wp\/v2\/product_tag?post=30023"}],"curies":[{"name":"wp","href":"https:\/\/api.w.org\/{rel}","templated":true}]}}