{"id":30100,"date":"2025-11-27T19:07:49","date_gmt":"2025-11-27T17:07:49","guid":{"rendered":"https:\/\/toolhouse.fi\/?post_type=product&#038;p=30100"},"modified":"2025-11-27T19:13:58","modified_gmt":"2025-11-27T17:13:58","slug":"paineilman-jakoventtiili-4-suuntainen","status":"publish","type":"product","link":"https:\/\/toolhouse.fi\/fi\/tuote\/paineilman-jakoventtiili-4-suuntainen\/","title":{"rendered":"Paineilman jakoventtiili, 4-suuntainen"},"content":{"rendered":"","protected":false},"excerpt":{"rendered":"<p data-start=\"57\" data-end=\"131\"><strong data-start=\"57\" data-end=\"129\">Tvardy jakoventtiili 4-liit\u00e4nn\u00e4ll\u00e4\u00a0<\/strong><\/p>\n<p data-start=\"133\" data-end=\"351\">Tvardyn laadukas paineilman jakoventtiili on valmistettu messingist\u00e4 ja alumiinista, ja se tarjoaa nelj\u00e4 ilmal\u00e4ht\u00f6\u00e4. Helppo ja nopea liit\u00e4nt\u00e4 standardityypin 26 liittimill\u00e4 takaa turvallisen ja luotettavan k\u00e4yt\u00f6n.<\/p>\n<ul>\n<li data-start=\"355\" data-end=\"376\">Liit\u00e4nn\u00e4t: 1\/4\u2033<\/li>\n<li data-start=\"408\" data-end=\"435\">Ty\u00f6paine: jopa 12 bar<\/li>\n<li data-start=\"438\" data-end=\"475\">Materiaali: Messinki + alumiini<\/li>\n<\/ul>\n","protected":false},"featured_media":30096,"template":"","meta":{"_acf_changed":false,"_seopress_robots_primary_cat":"none","_seopress_titles_title":"","_seopress_titles_desc":"","_seopress_robots_index":""},"product_cat":[217,331],"product_tag":[],"class_list":{"0":"post-30100","1":"product","2":"type-product","3":"status-publish","4":"has-post-thumbnail","6":"product_cat-kompressori-ja-paineilma","7":"product_cat-muut-paineilmalaitteet","9":"first","10":"instock","11":"taxable","12":"shipping-taxable","13":"purchasable","14":"product-type-simple","swatches":"rey-swatches","show_selected":""},"acf":[],"_links":{"self":[{"href":"https:\/\/toolhouse.fi\/fi\/wp-json\/wp\/v2\/product\/30100","targetHints":{"allow":["GET"]}}],"collection":[{"href":"https:\/\/toolhouse.fi\/fi\/wp-json\/wp\/v2\/product"}],"about":[{"href":"https:\/\/toolhouse.fi\/fi\/wp-json\/wp\/v2\/types\/product"}],"version-history":[{"count":2,"href":"https:\/\/toolhouse.fi\/fi\/wp-json\/wp\/v2\/product\/30100\/revisions"}],"predecessor-version":[{"id":30104,"href":"https:\/\/toolhouse.fi\/fi\/wp-json\/wp\/v2\/product\/30100\/revisions\/30104"}],"wp:featuredmedia":[{"embeddable":true,"href":"https:\/\/toolhouse.fi\/fi\/wp-json\/wp\/v2\/media\/30096"}],"wp:attachment":[{"href":"https:\/\/toolhouse.fi\/fi\/wp-json\/wp\/v2\/media?parent=30100"}],"wp:term":[{"taxonomy":"product_cat","embeddable":true,"href":"https:\/\/toolhouse.fi\/fi\/wp-json\/wp\/v2\/product_cat?post=30100"},{"taxonomy":"product_tag","embeddable":true,"href":"https:\/\/toolhouse.fi\/fi\/wp-json\/wp\/v2\/product_tag?post=30100"}],"curies":[{"name":"wp","href":"https:\/\/api.w.org\/{rel}","templated":true}]}}