{"id":30197,"date":"2025-12-09T11:41:44","date_gmt":"2025-12-09T09:41:44","guid":{"rendered":"https:\/\/toolhouse.fi\/?post_type=product&#038;p=30197"},"modified":"2026-02-23T10:09:16","modified_gmt":"2026-02-23T08:09:16","slug":"px-3500wne-sahkolukoilla","status":"publish","type":"product","link":"https:\/\/toolhouse.fi\/fi\/tuote\/px-3500wne-sahkolukoilla\/","title":{"rendered":"PX-3500WNe s\u00e4hk\u00f6lukoilla"},"content":{"rendered":"<table width=\"667\">\n<tbody>\n<tr>\n<td width=\"346\"><span style=\"color: #282828;\">Malli<\/span><\/td>\n<td colspan=\"2\" width=\"321\"><span style=\"color: #282828;\">Px-3500wne<\/span><\/td>\n<\/tr>\n<tr>\n<td width=\"346\"><span style=\"color: #282828;\">Nostokyky<\/span><\/td>\n<td colspan=\"2\" width=\"321\"><span style=\"color: #282828;\">3500 kg<\/span><\/td>\n<\/tr>\n<tr>\n<td width=\"346\"><span style=\"color: #282828;\">Nostokorkeus<\/span><\/td>\n<td colspan=\"2\" width=\"321\"><span style=\"color: #282828;\">1850 mm<\/span><\/td>\n<\/tr>\n<tr>\n<td width=\"346\"><span style=\"color: #282828;\">Minimikorkeus<\/span><\/td>\n<td colspan=\"2\" width=\"321\"><span style=\"color: #282828;\">105<\/span><\/td>\n<\/tr>\n<tr>\n<td width=\"346\"><span style=\"color: #282828;\">Nosto \/ laskuaika<\/span><\/td>\n<td colspan=\"2\" width=\"321\"><span style=\"color: #282828;\">27 sek<\/span><\/td>\n<\/tr>\n<tr>\n<td width=\"346\"><span style=\"color: #282828;\">Leveys<\/span><\/td>\n<td colspan=\"2\" width=\"321\"><span style=\"color: #282828;\">2030 mm<\/span><\/td>\n<\/tr>\n<tr>\n<td width=\"346\"><span style=\"color: #282828;\">Ajosillan pituus<\/span><\/p>\n<p><span style=\"color: #282828;\">Ajosiltojen v\u00e4lin leveys<\/span><\/td>\n<td colspan=\"2\" width=\"321\"><span style=\"color: #282828;\">1524 mm \u2013 2090 mm<\/span><\/p>\n<p><span style=\"color: #282828;\">830 mm<\/span><\/td>\n<\/tr>\n<tr>\n<td width=\"346\"><span style=\"color: #282828;\">Ajosillan leveys<\/span><\/td>\n<td colspan=\"2\" width=\"321\"><span style=\"color: #282828;\">600 mm<\/span><\/td>\n<\/tr>\n<tr>\n<td width=\"346\"><span style=\"color: #282828;\">Virtal\u00e4hde<\/span><\/p>\n<p><span style=\"color: #333333;\">Ohjausj\u00e4nnite\u00a0<\/span><\/td>\n<td colspan=\"2\" width=\"321\"><span style=\"color: #333333;\">400 V<\/span><\/p>\n<p><span style=\"color: #333333;\">24 V<\/span><\/td>\n<\/tr>\n<tr>\n<td width=\"346\"><span style=\"color: #333333;\">Moottoriteho<\/span><\/p>\n<p><span style=\"color: #333333;\">S\u00e4hk\u00f6lukot<\/span><\/td>\n<td colspan=\"2\" width=\"321\"><span style=\"color: #282828;\">2.2 kW<\/span><\/p>\n<p>24 V<\/td>\n<\/tr>\n<tr>\n<td width=\"346\"><span style=\"color: #282828;\">CE-hyv\u00e4ksytty<\/span><\/p>\n<p><span style=\"color: #282828;\">Takuu<\/span><\/td>\n<td colspan=\"2\" width=\"321\"><span style=\"color: #282828;\">Kyll\u00e4<\/span><\/p>\n<p><span style=\"color: #282828;\">1 vuosi<\/span><\/td>\n<\/tr>\n<tr>\n<td width=\"346\"><span style=\"color: #282828;\">Melutaso<\/span><\/td>\n<td colspan=\"2\" width=\"321\"><span style=\"color: #282828;\">\u226470 dB(A)<\/span><\/td>\n<\/tr>\n<tr>\n<td width=\"346\"><span style=\"color: #282828;\">Nettopaino<\/span><\/td>\n<td colspan=\"2\" width=\"321\"><span style=\"color: #282828;\">1028 kg<\/span><\/td>\n<\/tr>\n<\/tbody>\n<\/table>\n<p><img alt=\"\" fetchpriority=\"high\" decoding=\"async\" class=\" wp-image-12177 aligncenter\" src=\"http:\/\/toolhouse.fi\/wp-content\/uploads\/2022\/12\/px2.jpg\" alt=\"\" width=\"297\" height=\"204\" srcset=\"https:\/\/toolhouse.fi\/wp-content\/uploads\/2022\/12\/px2.jpg 1000w, https:\/\/toolhouse.fi\/wp-content\/uploads\/2022\/12\/px2-300x207.jpg 300w, https:\/\/toolhouse.fi\/wp-content\/uploads\/2022\/12\/px2-510x351.jpg 510w, https:\/\/toolhouse.fi\/wp-content\/uploads\/2022\/12\/px2-768x529.jpg 768w\" sizes=\"(max-width: 297px) 100vw, 297px\" \/><\/p>\n","protected":false},"excerpt":{"rendered":"<h3><strong>PX-3500WN<\/strong><\/h3>\n<p>&nbsp;<\/p>\n<ul>\n<li>Automaattiset s\u00e4hk\u00f6toimiset turvalukot<\/li>\n<li tabindex=\"0\" role=\"label\">Rasvanipat kaikissa niveliss\u00e4<\/li>\n<li tabindex=\"0\" role=\"label\">Hydraulinen<\/li>\n<li tabindex=\"0\" role=\"label\">Nostokyky 3500 kg<\/li>\n<li tabindex=\"0\" role=\"label\">Nostokorkeus 1850 mm<\/li>\n<li>Minimikorkeus 105 mm<\/li>\n<li tabindex=\"0\" role=\"label\">Ajorampit ovat lukittavissa nostosiltojen pidennyksiksi<\/li>\n<li>Toimitus sis\u00e4lt\u00e4\u00e4 4 kpl nostotyynyt<\/li>\n<li>400 V<\/li>\n<li tabindex=\"0\" role=\"label\">Kaikki varaosat saatavilla<\/li>\n<\/ul>\n<p>&nbsp;<\/p>\n<p>Laadukas 4-sylinterinen, kahdella hydraulipiirill\u00e4 varustettu kaksoissaksinostin s\u00e4hk\u00f6lukoilla.<\/p>\n<p>Nostokyky 3500 kg my\u00f6s ala-asennosta ja alin korkeus vain 10,5 cm.<\/p>\n<p>Automaattinen pys\u00e4ytys 300 mm korkeuteen alaslaskun aikana, loppulasku varoitus\u00e4\u00e4nimerkill\u00e4.<\/p>\n<p>Rasvanipat kaikissa niveliss\u00e4.<\/p>\n<p>&nbsp;<\/p>\n<div class=\"flex-shrink-0 flex flex-col relative items-end\">\n<div>\n<div class=\"pt-0\">\n<div class=\"gizmo-bot-avatar flex h-8 w-8 items-center justify-center overflow-hidden rounded-full\">\n<div class=\"relative p-1 rounded-sm flex items-center justify-center bg-token-main-surface-primary text-token-text-primary h-8 w-8\"><\/div>\n<\/div>\n<\/div>\n<\/div>\n<\/div>\n<div class=\"group\/conversation-turn relative flex w-full min-w-0 flex-col agent-turn\">\n<div class=\"flex-col gap-1 md:gap-3\">\n<div class=\"flex max-w-full flex-col flex-grow\">\n<div class=\"min-h-8 text-message flex w-full flex-col items-end gap-2 whitespace-normal break-words text-start [.text-message+&amp;]:mt-5\" dir=\"auto\" data-message-author-role=\"assistant\" data-message-id=\"8cf49dd9-fb17-486f-87b8-253ad8685e0e\" data-message-model-slug=\"gpt-4o\">\n<div class=\"flex w-full flex-col gap-1 empty:hidden first:pt-[3px]\">\n<div class=\"markdown prose w-full break-words dark:prose-invert light\">\n<p><strong>Helppo asennus<\/strong><\/p>\n<p>Px3500wn toimitetaan valmiiksi asennetulla liit\u00e4nt\u00e4kaapelilla ja 16A pistokkeella.<\/p>\n<p>Hydraulij\u00e4rjestelm\u00e4ss\u00e4 on automaattinen ilmaus ja nostotasojen automaattinen tason s\u00e4\u00e4t\u00f6, mik\u00e4 tekee asennuksesta sek\u00e4 nopean ett\u00e4 vaivattoman.<\/p>\n<\/div>\n<\/div>\n<\/div>\n<\/div>\n<\/div>\n<\/div>\n","protected":false},"featured_media":30204,"template":"","meta":{"_acf_changed":false,"_seopress_robots_primary_cat":"none","_seopress_titles_title":"","_seopress_titles_desc":"","_seopress_robots_index":""},"product_cat":[455,289],"product_tag":[],"class_list":{"0":"post-30197","1":"product","2":"type-product","3":"status-publish","4":"has-post-thumbnail","6":"product_cat-ajoneuvonostimet","7":"product_cat-saksinostimet","8":"product_shipping_class-frakt149e-fi","10":"first","11":"outofstock","12":"sale","13":"taxable","14":"shipping-taxable","15":"purchasable","16":"product-type-simple","swatches":"rey-swatches","show_selected":""},"acf":[],"_links":{"self":[{"href":"https:\/\/toolhouse.fi\/fi\/wp-json\/wp\/v2\/product\/30197","targetHints":{"allow":["GET"]}}],"collection":[{"href":"https:\/\/toolhouse.fi\/fi\/wp-json\/wp\/v2\/product"}],"about":[{"href":"https:\/\/toolhouse.fi\/fi\/wp-json\/wp\/v2\/types\/product"}],"version-history":[{"count":1,"href":"https:\/\/toolhouse.fi\/fi\/wp-json\/wp\/v2\/product\/30197\/revisions"}],"predecessor-version":[{"id":30202,"href":"https:\/\/toolhouse.fi\/fi\/wp-json\/wp\/v2\/product\/30197\/revisions\/30202"}],"wp:featuredmedia":[{"embeddable":true,"href":"https:\/\/toolhouse.fi\/fi\/wp-json\/wp\/v2\/media\/30204"}],"wp:attachment":[{"href":"https:\/\/toolhouse.fi\/fi\/wp-json\/wp\/v2\/media?parent=30197"}],"wp:term":[{"taxonomy":"product_cat","embeddable":true,"href":"https:\/\/toolhouse.fi\/fi\/wp-json\/wp\/v2\/product_cat?post=30197"},{"taxonomy":"product_tag","embeddable":true,"href":"https:\/\/toolhouse.fi\/fi\/wp-json\/wp\/v2\/product_tag?post=30197"}],"curies":[{"name":"wp","href":"https:\/\/api.w.org\/{rel}","templated":true}]}}