{"id":30266,"date":"2025-12-12T10:10:06","date_gmt":"2025-12-12T08:10:06","guid":{"rendered":"https:\/\/toolhouse.fi\/?post_type=product&#038;p=30266"},"modified":"2025-12-16T15:36:37","modified_gmt":"2025-12-16T13:36:37","slug":"pxd-5500n","status":"publish","type":"product","link":"https:\/\/toolhouse.fi\/fi\/tuote\/pxd-5500n\/","title":{"rendered":"PXD-5500N"},"content":{"rendered":"<table width=\"667\">\n<tbody>\n<tr>\n<td width=\"346\">Malli<\/td>\n<td colspan=\"2\" width=\"321\">Pxd-5500n<\/td>\n<\/tr>\n<tr>\n<td width=\"346\">Nostokyky<\/td>\n<td colspan=\"2\" width=\"321\">5500 kg<\/td>\n<\/tr>\n<tr>\n<td width=\"346\">Nostokorkeus<\/td>\n<td colspan=\"2\" width=\"321\">2160 \/ 1850 mm + 450 mm<\/td>\n<\/tr>\n<tr>\n<td width=\"346\">Minimikorkeus<\/td>\n<td colspan=\"2\" width=\"321\">0 mm \/ 350 mm<\/td>\n<\/tr>\n<tr>\n<td width=\"346\">Nosto \/ laskuaika<\/td>\n<td colspan=\"2\" width=\"321\">60 sek<\/td>\n<\/tr>\n<tr>\n<td width=\"346\">Leveys<\/td>\n<td colspan=\"2\" width=\"321\">2190 mm<\/td>\n<\/tr>\n<tr>\n<td width=\"346\">Ajosillan pituus<\/p>\n<p>Ajosiltojen v\u00e4lin leveys<\/td>\n<td colspan=\"2\" width=\"321\">5000 mm<\/p>\n<p>900 mm<\/td>\n<\/tr>\n<tr>\n<td width=\"346\">Ajosillan leveys<\/td>\n<td colspan=\"2\" width=\"321\">635 \/ 680 mm<\/td>\n<\/tr>\n<tr>\n<td width=\"346\">Virtal\u00e4hde<\/p>\n<p>Ohjausj\u00e4nnite<\/td>\n<td colspan=\"2\" width=\"321\">400 V<\/p>\n<p>24 V<\/td>\n<\/tr>\n<tr>\n<td width=\"346\">Moottoriteho<\/td>\n<td colspan=\"2\" width=\"321\">2.2 kW<\/td>\n<\/tr>\n<tr>\n<td width=\"346\">CE-hyv\u00e4ksytty<\/p>\n<p>Takuu<\/td>\n<td colspan=\"2\" width=\"321\">Kyll\u00e4<\/p>\n<p>1 vuosi<\/td>\n<\/tr>\n<tr>\n<td width=\"346\">Melutaso<\/td>\n<td colspan=\"2\" width=\"321\">\u226470 dB(A)<\/td>\n<\/tr>\n<tr>\n<td width=\"346\">Nettopaino<\/td>\n<td colspan=\"2\" width=\"321\">2690 kg<\/td>\n<\/tr>\n<\/tbody>\n<\/table>\n<p>&nbsp;<\/p>\n<table width=\"667\">\n<tbody>\n<tr>\n<td width=\"346\"><strong>Helmakevennin<\/strong><\/td>\n<td colspan=\"2\" width=\"321\"><\/td>\n<\/tr>\n<tr>\n<td width=\"346\"><\/td>\n<td colspan=\"2\" width=\"321\"><\/td>\n<\/tr>\n<tr>\n<td width=\"346\">Nostokorkeus<\/td>\n<td colspan=\"2\" width=\"321\">450 mm<\/td>\n<\/tr>\n<tr>\n<td width=\"346\"><\/td>\n<td colspan=\"2\" width=\"321\"><\/td>\n<\/tr>\n<tr>\n<td width=\"346\">Nosto \/ laskuaika<\/td>\n<td colspan=\"2\" width=\"321\">20 sek<\/td>\n<\/tr>\n<tr>\n<td width=\"346\">Leveys<\/td>\n<td colspan=\"2\" width=\"321\">635 mm<\/td>\n<\/tr>\n<tr>\n<td width=\"346\">Pituus<\/td>\n<td colspan=\"2\" width=\"321\">1450 mm \u2013 1800 mm<\/td>\n<\/tr>\n<tr>\n<td width=\"346\"><\/td>\n<td colspan=\"2\" width=\"321\"><\/td>\n<\/tr>\n<\/tbody>\n<\/table>\n","protected":false},"excerpt":{"rendered":"<p data-start=\"106\" data-end=\"147\"><strong data-start=\"106\" data-end=\"145\">PXD-5500N ajosiltanostin<\/strong><\/p>\n<ul>\n<li data-start=\"151\" data-end=\"175\">Nostokyky: 5500 kg<\/li>\n<li>Nostotasojen pituus 5000mm<\/li>\n<li data-start=\"212\" data-end=\"262\">Nostokorkeus pinta-asennettuna: 350\u20132160 mm<\/li>\n<li data-start=\"265\" data-end=\"322\">Nostokorkeus upotettuna lattiaan: 0\u20131850 mm<\/li>\n<li data-start=\"265\" data-end=\"322\">Helmakeventimen nostokorkeus: 450<span style=\"color: #484f56; font-size: 1.125rem;\">\u00a0mm<\/span><\/li>\n<li data-start=\"379\" data-end=\"430\">Helmakeventimen pituus: 1550\u20131800 mm<\/li>\n<li data-start=\"470\" data-end=\"514\">\u00c4\u00e4nimerkki ennen lopullista laskemista<\/li>\n<li data-start=\"517\" data-end=\"567\">Paineilmak\u00e4ytt\u00f6iset automaattiset turvalukot<\/li>\n<li data-start=\"570\" data-end=\"599\">Ajoneuvon putoamissuojat<\/li>\n<li data-start=\"602\" data-end=\"638\">Soveltuu nelipy\u00f6r\u00e4suuntaukseen<\/li>\n<li data-start=\"641\" data-end=\"678\">Kolot etupy\u00f6rien k\u00e4\u00e4nt\u00f6levyille<\/li>\n<li data-start=\"681\" data-end=\"710\">Liukulevyt takapy\u00f6rille<\/li>\n<\/ul>\n<p>&nbsp;<\/p>\n<p>Ramppit, joita k\u00e4ytet\u00e4\u00e4n, kun nostin on pinta-asennettu, sis\u00e4ltyv\u00e4t, pituus 1900 mm.<\/p>\n<p data-start=\"802\" data-end=\"857\">Lis\u00e4varusteena: <a href=\"https:\/\/toolhouse.fi\/fi\/tuote\/kaantolevyt-nelipilarinostimeen\/\">k\u00e4\u00e4nt\u00f6levyt<\/a> py\u00f6rien suuntaukseen.<\/p>\n<p>.<\/p>\n","protected":false},"featured_media":30246,"template":"","meta":{"_acf_changed":false,"_seopress_robots_primary_cat":"none","_seopress_titles_title":"","_seopress_titles_desc":"","_seopress_robots_index":""},"product_cat":[455,37,289],"product_tag":[],"class_list":{"0":"post-30266","1":"product","2":"type-product","3":"status-publish","4":"has-post-thumbnail","6":"product_cat-ajoneuvonostimet","7":"product_cat-autonostimet","8":"product_cat-saksinostimet","10":"first","11":"instock","12":"taxable","13":"shipping-taxable","14":"purchasable","15":"product-type-simple","swatches":"rey-swatches","show_selected":""},"acf":[],"_links":{"self":[{"href":"https:\/\/toolhouse.fi\/fi\/wp-json\/wp\/v2\/product\/30266","targetHints":{"allow":["GET"]}}],"collection":[{"href":"https:\/\/toolhouse.fi\/fi\/wp-json\/wp\/v2\/product"}],"about":[{"href":"https:\/\/toolhouse.fi\/fi\/wp-json\/wp\/v2\/types\/product"}],"version-history":[{"count":2,"href":"https:\/\/toolhouse.fi\/fi\/wp-json\/wp\/v2\/product\/30266\/revisions"}],"predecessor-version":[{"id":30270,"href":"https:\/\/toolhouse.fi\/fi\/wp-json\/wp\/v2\/product\/30266\/revisions\/30270"}],"wp:featuredmedia":[{"embeddable":true,"href":"https:\/\/toolhouse.fi\/fi\/wp-json\/wp\/v2\/media\/30246"}],"wp:attachment":[{"href":"https:\/\/toolhouse.fi\/fi\/wp-json\/wp\/v2\/media?parent=30266"}],"wp:term":[{"taxonomy":"product_cat","embeddable":true,"href":"https:\/\/toolhouse.fi\/fi\/wp-json\/wp\/v2\/product_cat?post=30266"},{"taxonomy":"product_tag","embeddable":true,"href":"https:\/\/toolhouse.fi\/fi\/wp-json\/wp\/v2\/product_tag?post=30266"}],"curies":[{"name":"wp","href":"https:\/\/api.w.org\/{rel}","templated":true}]}}