{"id":30276,"date":"2025-12-17T10:38:30","date_gmt":"2025-12-17T08:38:30","guid":{"rendered":"https:\/\/toolhouse.fi\/?post_type=product&#038;p=30276"},"modified":"2025-12-17T10:54:11","modified_gmt":"2025-12-17T08:54:11","slug":"puhdistuslaikka-pyorannavalle-1-2","status":"publish","type":"product","link":"https:\/\/toolhouse.fi\/fi\/tuote\/puhdistuslaikka-pyorannavalle-1-2\/","title":{"rendered":"Puhdistuslaikka py\u00f6r\u00e4nnavalle 1\/2&#8243;"},"content":{"rendered":"","protected":false},"excerpt":{"rendered":"<p>Nopeaan lian ja ruosteen poistoon py\u00f6r\u00e4n navoista, jarrulevyist\u00e4 ja pinnapulteista.<\/p>\n<p>K\u00e4ytett\u00e4v\u00e4 mutterinv\u00e4\u00e4ntimen tai porakoneen kanssa.<\/p>\n<ul>\n<li>Adapteri.<\/li>\n<li>10 kpl puhdistuslaikkoja<\/li>\n<li data-start=\"266\" data-end=\"291\">2 kpl tarrakiinnikkeit\u00e4<\/li>\n<li data-start=\"294\" data-end=\"326\">8 mm hylsy 1\/2&#8243; kiinnityksell\u00e4<\/li>\n<li>Halkaisija 40 mm<\/li>\n<\/ul>\n","protected":false},"featured_media":30282,"template":"","meta":{"_acf_changed":false,"_seopress_robots_primary_cat":"none","_seopress_titles_title":"","_seopress_titles_desc":"","_seopress_robots_index":""},"product_cat":[481,339,163,40],"product_tag":[],"class_list":{"0":"post-30276","1":"product","2":"type-product","3":"status-publish","4":"has-post-thumbnail","6":"product_cat-alusta-ja-voimansiirtotyokalut","7":"product_cat-autotyokalut","8":"product_cat-rengaskoneiden-tarvikkeet","9":"product_cat-korjaamolaitteet","10":"product_shipping_class-tillbehor-790e","12":"first","13":"instock","14":"sale","15":"taxable","16":"shipping-taxable","17":"purchasable","18":"product-type-simple","swatches":"rey-swatches","show_selected":""},"acf":[],"_links":{"self":[{"href":"https:\/\/toolhouse.fi\/fi\/wp-json\/wp\/v2\/product\/30276","targetHints":{"allow":["GET"]}}],"collection":[{"href":"https:\/\/toolhouse.fi\/fi\/wp-json\/wp\/v2\/product"}],"about":[{"href":"https:\/\/toolhouse.fi\/fi\/wp-json\/wp\/v2\/types\/product"}],"version-history":[{"count":1,"href":"https:\/\/toolhouse.fi\/fi\/wp-json\/wp\/v2\/product\/30276\/revisions"}],"predecessor-version":[{"id":30278,"href":"https:\/\/toolhouse.fi\/fi\/wp-json\/wp\/v2\/product\/30276\/revisions\/30278"}],"wp:featuredmedia":[{"embeddable":true,"href":"https:\/\/toolhouse.fi\/fi\/wp-json\/wp\/v2\/media\/30282"}],"wp:attachment":[{"href":"https:\/\/toolhouse.fi\/fi\/wp-json\/wp\/v2\/media?parent=30276"}],"wp:term":[{"taxonomy":"product_cat","embeddable":true,"href":"https:\/\/toolhouse.fi\/fi\/wp-json\/wp\/v2\/product_cat?post=30276"},{"taxonomy":"product_tag","embeddable":true,"href":"https:\/\/toolhouse.fi\/fi\/wp-json\/wp\/v2\/product_tag?post=30276"}],"curies":[{"name":"wp","href":"https:\/\/api.w.org\/{rel}","templated":true}]}}