{"id":30293,"date":"2025-12-17T11:35:53","date_gmt":"2025-12-17T09:35:53","guid":{"rendered":"https:\/\/toolhouse.fi\/?post_type=product&#038;p=30293"},"modified":"2025-12-17T11:48:33","modified_gmt":"2025-12-17T09:48:33","slug":"tvardy-askelporasarja-4-32-mm","status":"publish","type":"product","link":"https:\/\/toolhouse.fi\/fi\/tuote\/tvardy-askelporasarja-4-32-mm\/","title":{"rendered":"Tvardy askelporasarja 4 &#8211; 32 mm"},"content":{"rendered":"","protected":false},"excerpt":{"rendered":"<p data-start=\"28\" data-end=\"70\"><strong data-start=\"28\" data-end=\"68\">Tvardy askelporasarja<\/strong>, valmistettu korkealaatuisesta HSS M2 pikater\u00e4ksest\u00e4.<\/p>\n<p data-start=\"72\" data-end=\"332\">Ter\u00e4t ovat selke\u00e4sti numeroituja ja porrastettuja helppoon k\u00e4ytt\u00f6\u00f6n.<\/p>\n<ul>\n<li data-start=\"336\" data-end=\"355\">Materiaali: HSS M2<\/li>\n<li data-start=\"358\" data-end=\"407\">Porrastus: 1 tai 2 mm poran koosta riippuen<\/li>\n<li data-start=\"410\" data-end=\"462\">Poran halkaisijat: 4\u201312 mm, 4\u201320 mm ja 4\u201332 mm<\/li>\n<li data-start=\"465\" data-end=\"501\">Pituudet: 68 mm, 75 mm, 102 mm<\/li>\n<li data-start=\"597\" data-end=\"636\">3-viiste varsi: ei py\u00f6ri poraistukassa<\/li>\n<li data-start=\"504\" data-end=\"541\">Pakkaus: Kest\u00e4v\u00e4 alumiinikotelo<\/li>\n<\/ul>\n","protected":false},"featured_media":30300,"template":"","meta":{"_acf_changed":false,"_seopress_robots_primary_cat":"","_seopress_titles_title":"","_seopress_titles_desc":"","_seopress_robots_index":""},"product_cat":[262,472,473],"product_tag":[],"class_list":{"0":"post-30293","1":"product","2":"type-product","3":"status-publish","4":"has-post-thumbnail","6":"product_cat-hitsaus-metallityo","7":"product_cat-metallityo","8":"product_cat-metallityon-tarvikkeet","10":"first","11":"instock","12":"taxable","13":"shipping-taxable","14":"purchasable","15":"product-type-simple","swatches":"rey-swatches","show_selected":""},"acf":[],"_links":{"self":[{"href":"https:\/\/toolhouse.fi\/fi\/wp-json\/wp\/v2\/product\/30293","targetHints":{"allow":["GET"]}}],"collection":[{"href":"https:\/\/toolhouse.fi\/fi\/wp-json\/wp\/v2\/product"}],"about":[{"href":"https:\/\/toolhouse.fi\/fi\/wp-json\/wp\/v2\/types\/product"}],"version-history":[{"count":0,"href":"https:\/\/toolhouse.fi\/fi\/wp-json\/wp\/v2\/product\/30293\/revisions"}],"wp:featuredmedia":[{"embeddable":true,"href":"https:\/\/toolhouse.fi\/fi\/wp-json\/wp\/v2\/media\/30300"}],"wp:attachment":[{"href":"https:\/\/toolhouse.fi\/fi\/wp-json\/wp\/v2\/media?parent=30293"}],"wp:term":[{"taxonomy":"product_cat","embeddable":true,"href":"https:\/\/toolhouse.fi\/fi\/wp-json\/wp\/v2\/product_cat?post=30293"},{"taxonomy":"product_tag","embeddable":true,"href":"https:\/\/toolhouse.fi\/fi\/wp-json\/wp\/v2\/product_tag?post=30293"}],"curies":[{"name":"wp","href":"https:\/\/api.w.org\/{rel}","templated":true}]}}