{"id":30352,"date":"2025-12-22T16:55:20","date_gmt":"2025-12-22T14:55:20","guid":{"rendered":"https:\/\/toolhouse.fi\/?post_type=product&#038;p=30352"},"modified":"2026-03-15T18:59:17","modified_gmt":"2026-03-15T16:59:17","slug":"korikiinnikesarja-655-osaa","status":"publish","type":"product","link":"https:\/\/toolhouse.fi\/fi\/tuote\/korikiinnikesarja-655-osaa\/","title":{"rendered":"Korikiinnikesarja 655 osaa"},"content":{"rendered":"","protected":false},"excerpt":{"rendered":"<p data-start=\"33\" data-end=\"263\"><strong data-start=\"33\" data-end=\"67\">Geko 655-osainen verhoilukiinnikesarja <\/strong>on suunniteltu auton sis\u00e4verhoiluun, ovipaneeleihin sek\u00e4 muihin sis\u00e4- ja ulkopuolen osiin. Sarja sis\u00e4lt\u00e4\u00e4 16 erilaista kiinniketyyppi\u00e4, joten l\u00f6yd\u00e4t varmasti sopivan kiinnikkeen autoon.<\/p>\n<ul>\n<li data-start=\"267\" data-end=\"286\">\u00a0655 osaa<\/li>\n<li data-start=\"289\" data-end=\"319\">16 erilaista kiinniketyyppi\u00e4<\/li>\n<li data-start=\"322\" data-end=\"350\">4 paneelin irrotusty\u00f6kalua<\/li>\n<li data-start=\"353\" data-end=\"385\">1 kiinnikkeiden irrotusty\u00f6kalu<\/li>\n<li data-start=\"388\" data-end=\"415\">10 nippusiteit\u00e4 (2 kokoa)<\/li>\n<li data-start=\"418\" data-end=\"439\">20 pehme\u00e4\u00e4 v\u00e4likappaletta<\/li>\n<li data-start=\"442\" data-end=\"479\">Materiaali: kest\u00e4v\u00e4 nylon<\/li>\n<li data-start=\"482\" data-end=\"526\">S\u00e4ilytyslaatikon mitat: 180 x 180 x 180 mm<\/li>\n<\/ul>\n","protected":false},"featured_media":30361,"template":"","meta":{"_acf_changed":false,"_seopress_robots_primary_cat":"none","_seopress_titles_title":"","_seopress_titles_desc":"","_seopress_robots_index":""},"product_cat":[339,483,350,40],"product_tag":[],"class_list":{"0":"post-30352","1":"product","2":"type-product","3":"status-publish","4":"has-post-thumbnail","6":"product_cat-autotyokalut","7":"product_cat-korityokalut","8":"product_cat-muut","9":"product_cat-korjaamolaitteet","11":"first","12":"outofstock","13":"taxable","14":"shipping-taxable","15":"purchasable","16":"product-type-simple","swatches":"rey-swatches","show_selected":""},"acf":[],"_links":{"self":[{"href":"https:\/\/toolhouse.fi\/fi\/wp-json\/wp\/v2\/product\/30352","targetHints":{"allow":["GET"]}}],"collection":[{"href":"https:\/\/toolhouse.fi\/fi\/wp-json\/wp\/v2\/product"}],"about":[{"href":"https:\/\/toolhouse.fi\/fi\/wp-json\/wp\/v2\/types\/product"}],"version-history":[{"count":0,"href":"https:\/\/toolhouse.fi\/fi\/wp-json\/wp\/v2\/product\/30352\/revisions"}],"wp:featuredmedia":[{"embeddable":true,"href":"https:\/\/toolhouse.fi\/fi\/wp-json\/wp\/v2\/media\/30361"}],"wp:attachment":[{"href":"https:\/\/toolhouse.fi\/fi\/wp-json\/wp\/v2\/media?parent=30352"}],"wp:term":[{"taxonomy":"product_cat","embeddable":true,"href":"https:\/\/toolhouse.fi\/fi\/wp-json\/wp\/v2\/product_cat?post=30352"},{"taxonomy":"product_tag","embeddable":true,"href":"https:\/\/toolhouse.fi\/fi\/wp-json\/wp\/v2\/product_tag?post=30352"}],"curies":[{"name":"wp","href":"https:\/\/api.w.org\/{rel}","templated":true}]}}