{"id":30509,"date":"2026-01-02T16:51:27","date_gmt":"2026-01-02T14:51:27","guid":{"rendered":"https:\/\/toolhouse.fi\/?post_type=product&#038;p=30509"},"modified":"2026-01-02T17:03:41","modified_gmt":"2026-01-02T15:03:41","slug":"tvardy-lukkopihdit-pitka-karki-225mm","status":"publish","type":"product","link":"https:\/\/toolhouse.fi\/fi\/tuote\/tvardy-lukkopihdit-pitka-karki-225mm\/","title":{"rendered":"Tvardy Lukkopihdit pitk\u00e4 k\u00e4rki 225mm"},"content":{"rendered":"","protected":false},"excerpt":{"rendered":"<p data-start=\"56\" data-end=\"87\"><strong data-start=\"56\" data-end=\"87\">Tvardy hitsauspihdit 225 mm<\/strong><\/p>\n<p data-start=\"89\" data-end=\"302\">Tvardyn 225 mm pitk\u00e4k\u00e4rkiset lukituspihdit ovat kest\u00e4v\u00e4 ja monik\u00e4ytt\u00f6inen ty\u00f6kalu vaativaan k\u00e4ytt\u00f6\u00f6n. Pitk\u00e4t, uritetut leuat 0\u201355 mm puristusalueella takaavat pit\u00e4v\u00e4n otteen ja tarkan lukituksen erilaisissa ty\u00f6vaiheissa.<\/p>\n<p data-start=\"304\" data-end=\"324\"><strong data-start=\"304\" data-end=\"324\">Tekniset tiedot:<\/strong><\/p>\n<ul>\n<li data-start=\"327\" data-end=\"347\">Valmistaja: Tvardy<\/li>\n<li data-start=\"350\" data-end=\"389\">Materiaali: kromivanadiiniter\u00e4s (CrV)<\/li>\n<li data-start=\"392\" data-end=\"415\">Puristusalue: 0\u201355 mm<\/li>\n<li data-start=\"418\" data-end=\"440\">Pituus: 225 mm \/ 9&#8243;<\/li>\n<li data-start=\"443\" data-end=\"459\">Paino: 0,41 kg<\/li>\n<li data-start=\"462\" data-end=\"511\">Uritetut leuat parantavat pitoa ja vakautta<\/li>\n<li data-start=\"514\" data-end=\"554\">Tukeva ja luotettava lukitusmekkanismi<\/li>\n<li data-start=\"557\" data-end=\"598\">Eritt\u00e4in kest\u00e4v\u00e4 leuka- ja runkorakenne<\/li>\n<\/ul>\n","protected":false},"featured_media":30513,"template":"","meta":{"_acf_changed":false,"_seopress_robots_primary_cat":"none","_seopress_titles_title":"","_seopress_titles_desc":"","_seopress_robots_index":""},"product_cat":[262,467,488],"product_tag":[],"class_list":{"0":"post-30509","1":"product","2":"type-product","3":"status-publish","4":"has-post-thumbnail","6":"product_cat-hitsaus-metallityo","7":"product_cat-hitsaustarvikkeet","8":"product_cat-kasityokalut","10":"first","11":"instock","12":"taxable","13":"shipping-taxable","14":"purchasable","15":"product-type-simple","swatches":"rey-swatches","show_selected":""},"acf":[],"_links":{"self":[{"href":"https:\/\/toolhouse.fi\/fi\/wp-json\/wp\/v2\/product\/30509","targetHints":{"allow":["GET"]}}],"collection":[{"href":"https:\/\/toolhouse.fi\/fi\/wp-json\/wp\/v2\/product"}],"about":[{"href":"https:\/\/toolhouse.fi\/fi\/wp-json\/wp\/v2\/types\/product"}],"version-history":[{"count":1,"href":"https:\/\/toolhouse.fi\/fi\/wp-json\/wp\/v2\/product\/30509\/revisions"}],"predecessor-version":[{"id":30511,"href":"https:\/\/toolhouse.fi\/fi\/wp-json\/wp\/v2\/product\/30509\/revisions\/30511"}],"wp:featuredmedia":[{"embeddable":true,"href":"https:\/\/toolhouse.fi\/fi\/wp-json\/wp\/v2\/media\/30513"}],"wp:attachment":[{"href":"https:\/\/toolhouse.fi\/fi\/wp-json\/wp\/v2\/media?parent=30509"}],"wp:term":[{"taxonomy":"product_cat","embeddable":true,"href":"https:\/\/toolhouse.fi\/fi\/wp-json\/wp\/v2\/product_cat?post=30509"},{"taxonomy":"product_tag","embeddable":true,"href":"https:\/\/toolhouse.fi\/fi\/wp-json\/wp\/v2\/product_tag?post=30509"}],"curies":[{"name":"wp","href":"https:\/\/api.w.org\/{rel}","templated":true}]}}