{"id":30532,"date":"2026-01-02T17:52:42","date_gmt":"2026-01-02T15:52:42","guid":{"rendered":"https:\/\/toolhouse.fi\/?post_type=product&#038;p=30532"},"modified":"2026-01-02T17:57:05","modified_gmt":"2026-01-02T15:57:05","slug":"kutistesukkalajitelma-196-osaa","status":"publish","type":"product","link":"https:\/\/toolhouse.fi\/fi\/tuote\/kutistesukkalajitelma-196-osaa\/","title":{"rendered":"Kutistesukkalajitelma 196 osaa"},"content":{"rendered":"","protected":false},"excerpt":{"rendered":"<p data-start=\"0\" data-end=\"32\">Kutistesukka, 196 kpl, 2\u201312 mm<\/p>\n<p data-start=\"161\" data-end=\"274\"><strong data-start=\"161\" data-end=\"173\">Sis\u00e4lt\u00f6:<\/strong> 196 kpl, kutistussuhde 2:1, seuraavissa mitoissa (pituus x halkaisija ennen x halkaisija j\u00e4lkeen):<\/p>\n<ul>\n<li data-start=\"277\" data-end=\"317\">Valkoinen 56 kpl \u2013 10 cm \u2013 2 mm \/ 1 mm<\/li>\n<li data-start=\"320\" data-end=\"357\">Vihre\u00e4 28 kpl \u2013 10 cm \u2013 4 mm \/ 2 mm<\/li>\n<li data-start=\"360\" data-end=\"396\">Musta 14 kpl \u2013 10 cm \u2013 6 mm \/ 3 mm<\/li>\n<li data-start=\"399\" data-end=\"438\">Punainen 35 kpl \u2013 10 cm \u2013 8 mm \/ 4 mm<\/li>\n<li data-start=\"441\" data-end=\"482\">Keltainen 35 kpl \u2013 10 cm \u2013 10 mm \/ 5 mm<\/li>\n<li data-start=\"485\" data-end=\"524\">Sininen 28 kpl \u2013 10 cm \u2013 12 mm \/ 6 mm<\/li>\n<\/ul>\n<p data-start=\"526\" data-end=\"544\"><strong data-start=\"526\" data-end=\"542\">Tuotetiedot:<\/strong><\/p>\n<ul>\n<li data-start=\"547\" data-end=\"561\">Merkki: Geko<\/li>\n<li data-start=\"564\" data-end=\"579\">Koot: 2\u201312 mm<\/li>\n<li data-start=\"582\" data-end=\"598\">M\u00e4\u00e4r\u00e4: 196 kpl<\/li>\n<li data-start=\"601\" data-end=\"647\">S\u00e4ilytyslaatikko<\/li>\n<li data-start=\"650\" data-end=\"674\">UV-suojattu<\/li>\n<\/ul>\n","protected":false},"featured_media":30530,"template":"","meta":{"_acf_changed":false,"_seopress_robots_primary_cat":"","_seopress_titles_title":"","_seopress_titles_desc":"","_seopress_robots_index":""},"product_cat":[350,40],"product_tag":[],"class_list":{"0":"post-30532","1":"product","2":"type-product","3":"status-publish","4":"has-post-thumbnail","6":"product_cat-muut","7":"product_cat-korjaamolaitteet","9":"first","10":"instock","11":"taxable","12":"shipping-taxable","13":"purchasable","14":"product-type-simple","swatches":"rey-swatches","show_selected":""},"acf":[],"_links":{"self":[{"href":"https:\/\/toolhouse.fi\/fi\/wp-json\/wp\/v2\/product\/30532","targetHints":{"allow":["GET"]}}],"collection":[{"href":"https:\/\/toolhouse.fi\/fi\/wp-json\/wp\/v2\/product"}],"about":[{"href":"https:\/\/toolhouse.fi\/fi\/wp-json\/wp\/v2\/types\/product"}],"version-history":[{"count":1,"href":"https:\/\/toolhouse.fi\/fi\/wp-json\/wp\/v2\/product\/30532\/revisions"}],"predecessor-version":[{"id":30535,"href":"https:\/\/toolhouse.fi\/fi\/wp-json\/wp\/v2\/product\/30532\/revisions\/30535"}],"wp:featuredmedia":[{"embeddable":true,"href":"https:\/\/toolhouse.fi\/fi\/wp-json\/wp\/v2\/media\/30530"}],"wp:attachment":[{"href":"https:\/\/toolhouse.fi\/fi\/wp-json\/wp\/v2\/media?parent=30532"}],"wp:term":[{"taxonomy":"product_cat","embeddable":true,"href":"https:\/\/toolhouse.fi\/fi\/wp-json\/wp\/v2\/product_cat?post=30532"},{"taxonomy":"product_tag","embeddable":true,"href":"https:\/\/toolhouse.fi\/fi\/wp-json\/wp\/v2\/product_tag?post=30532"}],"curies":[{"name":"wp","href":"https:\/\/api.w.org\/{rel}","templated":true}]}}