{"id":30577,"date":"2026-01-07T14:53:24","date_gmt":"2026-01-07T12:53:24","guid":{"rendered":"https:\/\/toolhouse.fi\/?post_type=product&#038;p=30577"},"modified":"2026-01-07T14:57:02","modified_gmt":"2026-01-07T12:57:02","slug":"kompressorioljy-1-l","status":"publish","type":"product","link":"https:\/\/toolhouse.fi\/fi\/tuote\/kompressorioljy-1-l\/","title":{"rendered":"Kompressori\u00f6ljy 1 l"},"content":{"rendered":"","protected":false},"excerpt":{"rendered":"<div class=\"flex flex-col text-sm pb-25\">\n<article class=\"text-token-text-primary w-full focus:outline-none [--shadow-height:45px] has-data-writing-block:pointer-events-none has-data-writing-block:-mt-(--shadow-height) has-data-writing-block:pt-(--shadow-height) [&amp;:has([data-writing-block])&gt;*]:pointer-events-auto scroll-mt-[calc(var(--header-height)+min(200px,max(70px,20svh)))]\" dir=\"auto\" tabindex=\"-1\" data-turn-id=\"request-69415b6a-0ba8-832e-a673-be9cdae9a7f9-140\" data-testid=\"conversation-turn-348\" data-scroll-anchor=\"true\" data-turn=\"assistant\">\n<div class=\"text-base my-auto mx-auto pb-10 [--thread-content-margin:--spacing(4)] @w-sm\/main:[--thread-content-margin:--spacing(6)] @w-lg\/main:[--thread-content-margin:--spacing(16)] px-(--thread-content-margin)\">\n<div class=\"[--thread-content-max-width:40rem] @w-lg\/main:[--thread-content-max-width:48rem] mx-auto max-w-(--thread-content-max-width) flex-1 group\/turn-messages focus-visible:outline-hidden relative flex w-full min-w-0 flex-col agent-turn\" tabindex=\"-1\">\n<div class=\"flex max-w-full flex-col grow\">\n<div class=\"min-h-8 text-message relative flex w-full flex-col items-end gap-2 text-start break-words whitespace-normal [.text-message+&amp;]:mt-1\" dir=\"auto\" data-message-author-role=\"assistant\" data-message-id=\"9b7c88fa-a040-4a77-9033-a0894fc50046\" data-message-model-slug=\"gpt-5-2\">\n<div class=\"flex w-full flex-col gap-1 empty:hidden first:pt-[1px]\">\n<div class=\"markdown prose dark:prose-invert w-full break-words light markdown-new-styling\">\n<p data-start=\"0\" data-end=\"86\">Mineraalipohjainen kompressori\u00f6ljy, joka sopii kaikkiin yleisiin m\u00e4nt\u00e4kompressoreihin.<\/p>\n<p data-start=\"88\" data-end=\"134\">Tilavuus: 1 litra<br data-start=\"109\" data-end=\"112\" \/>Valmistaja: Geko<\/p>\n<p data-start=\"136\" data-end=\"168\"><strong data-start=\"136\" data-end=\"166\">Luokitukset ja standardit:<\/strong><\/p>\n<ul>\n<li data-start=\"171\" data-end=\"192\">DIN 51506: VB-L, VC<\/li>\n<li data-start=\"195\" data-end=\"215\">ISO 6743\/3A: L-DAA<\/li>\n<li data-start=\"218\" data-end=\"244\">ISO 3448: VG 46, 68, 100<\/li>\n<li data-start=\"247\" data-end=\"260\">PN-91\/C-96073<\/li>\n<\/ul>\n<\/div>\n<\/div>\n<\/div>\n<\/div>\n<div class=\"z-0 flex min-h-[46px] justify-start\"><\/div>\n<div class=\"mt-3 w-full empty:hidden\">\n<div class=\"text-center\"><\/div>\n<\/div>\n<\/div>\n<\/div>\n<\/article>\n<\/div>\n<div class=\"pointer-events-none h-px w-px absolute bottom-0\" aria-hidden=\"true\" data-edge=\"true\"><\/div>\n","protected":false},"featured_media":30575,"template":"","meta":{"_acf_changed":false,"_seopress_robots_primary_cat":"","_seopress_titles_title":"","_seopress_titles_desc":"","_seopress_robots_index":""},"product_cat":[217,331],"product_tag":[],"class_list":{"0":"post-30577","1":"product","2":"type-product","3":"status-publish","4":"has-post-thumbnail","6":"product_cat-kompressori-ja-paineilma","7":"product_cat-muut-paineilmalaitteet","9":"first","10":"instock","11":"taxable","12":"shipping-taxable","13":"purchasable","14":"product-type-simple","swatches":"rey-swatches","show_selected":""},"acf":[],"_links":{"self":[{"href":"https:\/\/toolhouse.fi\/fi\/wp-json\/wp\/v2\/product\/30577","targetHints":{"allow":["GET"]}}],"collection":[{"href":"https:\/\/toolhouse.fi\/fi\/wp-json\/wp\/v2\/product"}],"about":[{"href":"https:\/\/toolhouse.fi\/fi\/wp-json\/wp\/v2\/types\/product"}],"version-history":[{"count":1,"href":"https:\/\/toolhouse.fi\/fi\/wp-json\/wp\/v2\/product\/30577\/revisions"}],"predecessor-version":[{"id":30580,"href":"https:\/\/toolhouse.fi\/fi\/wp-json\/wp\/v2\/product\/30577\/revisions\/30580"}],"wp:featuredmedia":[{"embeddable":true,"href":"https:\/\/toolhouse.fi\/fi\/wp-json\/wp\/v2\/media\/30575"}],"wp:attachment":[{"href":"https:\/\/toolhouse.fi\/fi\/wp-json\/wp\/v2\/media?parent=30577"}],"wp:term":[{"taxonomy":"product_cat","embeddable":true,"href":"https:\/\/toolhouse.fi\/fi\/wp-json\/wp\/v2\/product_cat?post=30577"},{"taxonomy":"product_tag","embeddable":true,"href":"https:\/\/toolhouse.fi\/fi\/wp-json\/wp\/v2\/product_tag?post=30577"}],"curies":[{"name":"wp","href":"https:\/\/api.w.org\/{rel}","templated":true}]}}