{"id":30589,"date":"2026-01-07T15:32:23","date_gmt":"2026-01-07T13:32:23","guid":{"rendered":"https:\/\/toolhouse.fi\/?post_type=product&#038;p=30589"},"modified":"2026-01-07T16:08:35","modified_gmt":"2026-01-07T14:08:35","slug":"vedenerotin-1-4","status":"publish","type":"product","link":"https:\/\/toolhouse.fi\/fi\/tuote\/vedenerotin-1-4\/","title":{"rendered":"Vedenerotin 1\/4&#8243;"},"content":{"rendered":"","protected":false},"excerpt":{"rendered":"<div class=\"flex flex-col text-sm pb-25\">\n<article class=\"text-token-text-primary w-full focus:outline-none [--shadow-height:45px] has-data-writing-block:pointer-events-none has-data-writing-block:-mt-(--shadow-height) has-data-writing-block:pt-(--shadow-height) [&amp;:has([data-writing-block])&gt;*]:pointer-events-auto scroll-mt-[calc(var(--header-height)+min(200px,max(70px,20svh)))]\" dir=\"auto\" tabindex=\"-1\" data-turn-id=\"request-69415b6a-0ba8-832e-a673-be9cdae9a7f9-142\" data-testid=\"conversation-turn-352\" data-scroll-anchor=\"true\" data-turn=\"assistant\">\n<div class=\"text-base my-auto mx-auto pb-10 [--thread-content-margin:--spacing(4)] @w-sm\/main:[--thread-content-margin:--spacing(6)] @w-lg\/main:[--thread-content-margin:--spacing(16)] px-(--thread-content-margin)\">\n<div class=\"[--thread-content-max-width:40rem] @w-lg\/main:[--thread-content-max-width:48rem] mx-auto max-w-(--thread-content-max-width) flex-1 group\/turn-messages focus-visible:outline-hidden relative flex w-full min-w-0 flex-col agent-turn\" tabindex=\"-1\">\n<div class=\"flex max-w-full flex-col grow\">\n<div class=\"min-h-8 text-message relative flex w-full flex-col items-end gap-2 text-start break-words whitespace-normal [.text-message+&amp;]:mt-1\" dir=\"auto\" data-message-author-role=\"assistant\" data-message-id=\"f2c5de6c-3f54-4ffc-bf3c-7954c01146d5\" data-message-model-slug=\"gpt-5-2\">\n<div class=\"flex w-full flex-col gap-1 empty:hidden first:pt-[1px]\">\n<div class=\"markdown prose dark:prose-invert w-full break-words light markdown-new-styling\">\n<p data-start=\"0\" data-end=\"54\"><strong data-start=\"0\" data-end=\"54\">Vedenerotin 1\/4&#8243; suodattimella ja pikaliittimill\u00e4<\/strong><\/p>\n<p data-start=\"56\" data-end=\"238\">Vedenerotin poistaa tehokkaasti veden, kosteuden ja ep\u00e4puhtaudet paineilmasta. T\u00e4m\u00e4 pident\u00e4\u00e4 pneumaattisten ty\u00f6kalujen k\u00e4ytt\u00f6ik\u00e4\u00e4 ja varmistaa luotettavan ja h\u00e4iri\u00f6tt\u00f6m\u00e4n toiminnan.<\/p>\n<h3 data-start=\"240\" data-end=\"251\">Sis\u00e4lt\u00f6<\/h3>\n<ul>\n<li data-start=\"254\" data-end=\"296\">1\/4&#8243; paineilmasuodatin vedenerottimella<\/li>\n<li data-start=\"299\" data-end=\"334\">5 kpl liittimi\u00e4<\/li>\n<li data-start=\"337\" data-end=\"366\">Teflonteippi tiivist\u00e4miseen<\/li>\n<\/ul>\n<h3 data-start=\"368\" data-end=\"393\">Tuotteen ominaisuudet<\/h3>\n<ul>\n<li data-start=\"396\" data-end=\"422\">Maksimipaine: 12 bar<\/li>\n<li data-start=\"425\" data-end=\"451\">Ilmavirtaus: 500 l\/min<\/li>\n<li data-start=\"454\" data-end=\"485\">Suodatus: 40 \u00b5m (0,04 mm)<\/li>\n<li data-start=\"488\" data-end=\"508\">Liit\u00e4nt\u00e4: 1\/4&#8243;<\/li>\n<li data-start=\"511\" data-end=\"552\">Mitat: korkeus 100 mm, leveys 40 mm<\/li>\n<li data-start=\"555\" data-end=\"602\">Ker\u00e4yskuppi: 15 ml, tyhjennysventtiilill\u00e4<\/li>\n<li data-start=\"605\" data-end=\"638\">Materiaali: alumiini, muovi<\/li>\n<\/ul>\n<h3 data-start=\"640\" data-end=\"657\">K\u00e4ytt\u00f6kohteet<\/h3>\n<ul>\n<li data-start=\"660\" data-end=\"686\">Pneumaattiset asennukset<\/li>\n<li data-start=\"689\" data-end=\"724\">Kompressorit ja paineilmalaitteet<\/li>\n<li data-start=\"727\" data-end=\"830\">Ty\u00f6kalut, jotka vaativat puhdasta ja kuivaa ilmaa, kuten mutterinv\u00e4\u00e4ntimet, maaliruiskut ja naulaimet<\/li>\n<\/ul>\n<p data-start=\"832\" data-end=\"852\" data-is-last-node=\"\" data-is-only-node=\"\">Valmistaja<strong data-start=\"832\" data-end=\"847\">:<\/strong> Geko<\/p>\n<\/div>\n<\/div>\n<\/div>\n<\/div>\n<div class=\"z-0 flex min-h-[46px] justify-start\"><\/div>\n<div class=\"mt-3 w-full empty:hidden\">\n<div class=\"text-center\"><\/div>\n<\/div>\n<\/div>\n<\/div>\n<\/article>\n<\/div>\n<div class=\"pointer-events-none h-px w-px absolute bottom-0\" aria-hidden=\"true\" data-edge=\"true\"><\/div>\n","protected":false},"featured_media":30594,"template":"","meta":{"_acf_changed":false,"_seopress_robots_primary_cat":"none","_seopress_titles_title":"","_seopress_titles_desc":"","_seopress_robots_index":""},"product_cat":[217,331],"product_tag":[],"class_list":{"0":"post-30589","1":"product","2":"type-product","3":"status-publish","4":"has-post-thumbnail","6":"product_cat-kompressori-ja-paineilma","7":"product_cat-muut-paineilmalaitteet","9":"first","10":"instock","11":"taxable","12":"shipping-taxable","13":"purchasable","14":"product-type-simple","swatches":"rey-swatches","show_selected":""},"acf":[],"_links":{"self":[{"href":"https:\/\/toolhouse.fi\/fi\/wp-json\/wp\/v2\/product\/30589","targetHints":{"allow":["GET"]}}],"collection":[{"href":"https:\/\/toolhouse.fi\/fi\/wp-json\/wp\/v2\/product"}],"about":[{"href":"https:\/\/toolhouse.fi\/fi\/wp-json\/wp\/v2\/types\/product"}],"version-history":[{"count":1,"href":"https:\/\/toolhouse.fi\/fi\/wp-json\/wp\/v2\/product\/30589\/revisions"}],"predecessor-version":[{"id":30592,"href":"https:\/\/toolhouse.fi\/fi\/wp-json\/wp\/v2\/product\/30589\/revisions\/30592"}],"wp:featuredmedia":[{"embeddable":true,"href":"https:\/\/toolhouse.fi\/fi\/wp-json\/wp\/v2\/media\/30594"}],"wp:attachment":[{"href":"https:\/\/toolhouse.fi\/fi\/wp-json\/wp\/v2\/media?parent=30589"}],"wp:term":[{"taxonomy":"product_cat","embeddable":true,"href":"https:\/\/toolhouse.fi\/fi\/wp-json\/wp\/v2\/product_cat?post=30589"},{"taxonomy":"product_tag","embeddable":true,"href":"https:\/\/toolhouse.fi\/fi\/wp-json\/wp\/v2\/product_tag?post=30589"}],"curies":[{"name":"wp","href":"https:\/\/api.w.org\/{rel}","templated":true}]}}