{"id":30608,"date":"2026-01-07T16:29:41","date_gmt":"2026-01-07T14:29:41","guid":{"rendered":"https:\/\/toolhouse.fi\/?post_type=product&#038;p=30608"},"modified":"2026-01-07T16:34:36","modified_gmt":"2026-01-07T14:34:36","slug":"magneettipidin-mutterinvaantimelle","status":"publish","type":"product","link":"https:\/\/toolhouse.fi\/fi\/tuote\/magneettipidin-mutterinvaantimelle\/","title":{"rendered":"Magneettipidin mutterinv\u00e4\u00e4ntimelle"},"content":{"rendered":"","protected":false},"excerpt":{"rendered":"<p data-start=\"0\" data-end=\"246\"><strong data-start=\"0\" data-end=\"72\">K\u00e4yt\u00e4nn\u00f6llinen magneettipidike mutterinv\u00e4\u00e4ntimelle ja hylsyille.<\/strong><br data-start=\"72\" data-end=\"75\" \/>Mahdollistaa ty\u00f6kalujen ja tarvikkeiden turvallisen s\u00e4ilytyksen sek\u00e4 nopean saatavuuden ty\u00f6n aikana. Sopii erinomaisesti korjaamoon, autotalliin ja autonostimen yhteyteen.<\/p>\n<ul>\n<li data-start=\"248\" data-end=\"382\">Mitat: 400 \u00d7 135 \u00d7 115 mm<\/li>\n<li data-start=\"248\" data-end=\"382\">Mutterinv\u00e4\u00e4ntimen rei\u00e4n halkaisija: 75 mm<\/li>\n<li data-start=\"248\" data-end=\"382\">Magneetin halkaisija: 85 mm<\/li>\n<li data-start=\"248\" data-end=\"382\">Maksimikuormitus: enint\u00e4\u00e4n 15 kg<\/li>\n<\/ul>\n","protected":false},"featured_media":30614,"template":"","meta":{"_acf_changed":false,"_seopress_robots_primary_cat":"","_seopress_titles_title":"","_seopress_titles_desc":"","_seopress_robots_index":""},"product_cat":[217,323,331],"product_tag":[],"class_list":{"0":"post-30608","1":"product","2":"type-product","3":"status-publish","4":"has-post-thumbnail","6":"product_cat-kompressori-ja-paineilma","7":"product_cat-mutterinvaantimet","8":"product_cat-muut-paineilmalaitteet","10":"first","11":"instock","12":"taxable","13":"shipping-taxable","14":"purchasable","15":"product-type-simple","swatches":"rey-swatches","show_selected":""},"acf":[],"_links":{"self":[{"href":"https:\/\/toolhouse.fi\/fi\/wp-json\/wp\/v2\/product\/30608","targetHints":{"allow":["GET"]}}],"collection":[{"href":"https:\/\/toolhouse.fi\/fi\/wp-json\/wp\/v2\/product"}],"about":[{"href":"https:\/\/toolhouse.fi\/fi\/wp-json\/wp\/v2\/types\/product"}],"version-history":[{"count":1,"href":"https:\/\/toolhouse.fi\/fi\/wp-json\/wp\/v2\/product\/30608\/revisions"}],"predecessor-version":[{"id":30611,"href":"https:\/\/toolhouse.fi\/fi\/wp-json\/wp\/v2\/product\/30608\/revisions\/30611"}],"wp:featuredmedia":[{"embeddable":true,"href":"https:\/\/toolhouse.fi\/fi\/wp-json\/wp\/v2\/media\/30614"}],"wp:attachment":[{"href":"https:\/\/toolhouse.fi\/fi\/wp-json\/wp\/v2\/media?parent=30608"}],"wp:term":[{"taxonomy":"product_cat","embeddable":true,"href":"https:\/\/toolhouse.fi\/fi\/wp-json\/wp\/v2\/product_cat?post=30608"},{"taxonomy":"product_tag","embeddable":true,"href":"https:\/\/toolhouse.fi\/fi\/wp-json\/wp\/v2\/product_tag?post=30608"}],"curies":[{"name":"wp","href":"https:\/\/api.w.org\/{rel}","templated":true}]}}