{"id":30623,"date":"2026-01-07T17:03:18","date_gmt":"2026-01-07T15:03:18","guid":{"rendered":"https:\/\/toolhouse.fi\/?post_type=product&#038;p=30623"},"modified":"2026-01-07T17:10:38","modified_gmt":"2026-01-07T15:10:38","slug":"puutalttasarja-tvardy","status":"publish","type":"product","link":"https:\/\/toolhouse.fi\/fi\/tuote\/puutalttasarja-tvardy\/","title":{"rendered":"Puutalttasarja Tvardy"},"content":{"rendered":"","protected":false},"excerpt":{"rendered":"<p data-start=\"0\" data-end=\"137\">Tvardyn puutaltta yhdist\u00e4\u00e4 tarkkuuden, kest\u00e4vyyden ja k\u00e4ytt\u00f6mukavuuden \u2013 liukumaton kahva takaa turvallisen otteen ty\u00f6skentelyn aikana.<\/p>\n<p data-start=\"139\" data-end=\"158\"><strong data-start=\"139\" data-end=\"156\">Ominaisuudet:<\/strong><\/p>\n<ul>\n<li data-start=\"161\" data-end=\"269\">Ter\u00e4: Korkealaatuinen CrV-ter\u00e4s, eritt\u00e4in kest\u00e4v\u00e4 ja sopii my\u00f6s koville puulajeille.<\/li>\n<li data-start=\"272\" data-end=\"344\">Kahva: Ergonominen kaksikomponenttikahva liukumattomalla pinnalla.<\/li>\n<\/ul>\n<p data-start=\"453\" data-end=\"475\"><strong data-start=\"453\" data-end=\"473\">Tekniset tiedot:<\/strong><\/p>\n<ul>\n<li data-start=\"478\" data-end=\"513\">Leveydet: 10, 16, 20, 25 mm<\/li>\n<li data-start=\"478\" data-end=\"513\">Pituus: 264 mm<\/li>\n<li data-start=\"516\" data-end=\"556\">Kahva: Kaksikomponenttinen, liukumaton<\/li>\n<li data-start=\"559\" data-end=\"582\">Materiaali: CrV-ter\u00e4s<\/li>\n<li data-start=\"585\" data-end=\"599\">Paino: 0,95 kg<\/li>\n<\/ul>\n","protected":false},"featured_media":30629,"template":"","meta":{"_acf_changed":false,"_seopress_robots_primary_cat":"","_seopress_titles_title":"","_seopress_titles_desc":"","_seopress_robots_index":""},"product_cat":[488,350,337,40],"product_tag":[],"class_list":{"0":"post-30623","1":"product","2":"type-product","3":"status-publish","4":"has-post-thumbnail","6":"product_cat-kasityokalut","7":"product_cat-muut","8":"product_cat-tyokalut","9":"product_cat-korjaamolaitteet","11":"first","12":"instock","13":"taxable","14":"shipping-taxable","15":"purchasable","16":"product-type-simple","swatches":"rey-swatches","show_selected":""},"acf":[],"_links":{"self":[{"href":"https:\/\/toolhouse.fi\/fi\/wp-json\/wp\/v2\/product\/30623","targetHints":{"allow":["GET"]}}],"collection":[{"href":"https:\/\/toolhouse.fi\/fi\/wp-json\/wp\/v2\/product"}],"about":[{"href":"https:\/\/toolhouse.fi\/fi\/wp-json\/wp\/v2\/types\/product"}],"version-history":[{"count":0,"href":"https:\/\/toolhouse.fi\/fi\/wp-json\/wp\/v2\/product\/30623\/revisions"}],"wp:featuredmedia":[{"embeddable":true,"href":"https:\/\/toolhouse.fi\/fi\/wp-json\/wp\/v2\/media\/30629"}],"wp:attachment":[{"href":"https:\/\/toolhouse.fi\/fi\/wp-json\/wp\/v2\/media?parent=30623"}],"wp:term":[{"taxonomy":"product_cat","embeddable":true,"href":"https:\/\/toolhouse.fi\/fi\/wp-json\/wp\/v2\/product_cat?post=30623"},{"taxonomy":"product_tag","embeddable":true,"href":"https:\/\/toolhouse.fi\/fi\/wp-json\/wp\/v2\/product_tag?post=30623"}],"curies":[{"name":"wp","href":"https:\/\/api.w.org\/{rel}","templated":true}]}}