{"id":30647,"date":"2026-01-08T14:33:36","date_gmt":"2026-01-08T12:33:36","guid":{"rendered":"https:\/\/toolhouse.fi\/?post_type=product&#038;p=30647"},"modified":"2026-01-08T14:42:31","modified_gmt":"2026-01-08T12:42:31","slug":"turbon-painemittari-1-3-bar","status":"publish","type":"product","link":"https:\/\/toolhouse.fi\/fi\/tuote\/turbon-painemittari-1-3-bar\/","title":{"rendered":"Turbon painemittari -1 \u2013 3 bar"},"content":{"rendered":"","protected":false},"excerpt":{"rendered":"<p data-start=\"0\" data-end=\"108\">Geko turboahtimen painemittari mittaa nopeasti ja tarkasti turbon paineen. T\u00e4ydellinen turboahtimen vianetsint\u00e4\u00e4n.<\/p>\n<p data-start=\"0\" data-end=\"108\">\n<ul data-start=\"110\" data-end=\"163\">\n<li data-start=\"135\" data-end=\"163\">Valmistaja: Geko<\/li>\n<li data-start=\"135\" data-end=\"163\">\n<p data-start=\"137\" data-end=\"163\">Mitta-alue: -1\u20133 bar<\/p>\n<\/li>\n<\/ul>\n<p data-start=\"165\" data-end=\"180\"><strong data-start=\"165\" data-end=\"178\">Sis\u00e4lt\u00e4\u00e4:<\/strong><\/p>\n<ul data-start=\"181\" data-end=\"261\" data-is-last-node=\"\" data-is-only-node=\"\">\n<li data-start=\"181\" data-end=\"218\">\n<p data-start=\"183\" data-end=\"218\">\u00d868 mm manometri, pikaliit\u00e4nn\u00e4ll\u00e4<\/p>\n<\/li>\n<li data-start=\"219\" data-end=\"243\">\n<p data-start=\"221\" data-end=\"243\">Joustava \u00d84 mm x 2m letku<\/p>\n<\/li>\n<li data-start=\"244\" data-end=\"261\" data-is-last-node=\"\">\n<p data-start=\"246\" data-end=\"261\" data-is-last-node=\"\">2 neulaliitint\u00e4<\/p>\n<\/li>\n<\/ul>\n","protected":false},"featured_media":30652,"template":"","meta":{"_acf_changed":false,"_seopress_robots_primary_cat":"","_seopress_titles_title":"","_seopress_titles_desc":"","_seopress_robots_index":""},"product_cat":[339,480,40],"product_tag":[],"class_list":{"0":"post-30647","1":"product","2":"type-product","3":"status-publish","4":"has-post-thumbnail","6":"product_cat-autotyokalut","7":"product_cat-moottorityokalut","8":"product_cat-korjaamolaitteet","10":"first","11":"instock","12":"taxable","13":"shipping-taxable","14":"purchasable","15":"product-type-simple","swatches":"rey-swatches","show_selected":""},"acf":[],"_links":{"self":[{"href":"https:\/\/toolhouse.fi\/fi\/wp-json\/wp\/v2\/product\/30647","targetHints":{"allow":["GET"]}}],"collection":[{"href":"https:\/\/toolhouse.fi\/fi\/wp-json\/wp\/v2\/product"}],"about":[{"href":"https:\/\/toolhouse.fi\/fi\/wp-json\/wp\/v2\/types\/product"}],"version-history":[{"count":1,"href":"https:\/\/toolhouse.fi\/fi\/wp-json\/wp\/v2\/product\/30647\/revisions"}],"predecessor-version":[{"id":30650,"href":"https:\/\/toolhouse.fi\/fi\/wp-json\/wp\/v2\/product\/30647\/revisions\/30650"}],"wp:featuredmedia":[{"embeddable":true,"href":"https:\/\/toolhouse.fi\/fi\/wp-json\/wp\/v2\/media\/30652"}],"wp:attachment":[{"href":"https:\/\/toolhouse.fi\/fi\/wp-json\/wp\/v2\/media?parent=30647"}],"wp:term":[{"taxonomy":"product_cat","embeddable":true,"href":"https:\/\/toolhouse.fi\/fi\/wp-json\/wp\/v2\/product_cat?post=30647"},{"taxonomy":"product_tag","embeddable":true,"href":"https:\/\/toolhouse.fi\/fi\/wp-json\/wp\/v2\/product_tag?post=30647"}],"curies":[{"name":"wp","href":"https:\/\/api.w.org\/{rel}","templated":true}]}}