{"id":30672,"date":"2026-01-08T15:46:24","date_gmt":"2026-01-08T13:46:24","guid":{"rendered":"https:\/\/toolhouse.fi\/?post_type=product&#038;p=30672"},"modified":"2026-01-08T15:57:48","modified_gmt":"2026-01-08T13:57:48","slug":"pistehiekkapuhallin-2kg-hiekalla","status":"publish","type":"product","link":"https:\/\/toolhouse.fi\/fi\/tuote\/pistehiekkapuhallin-2kg-hiekalla\/","title":{"rendered":"Pistehiekkapuhallin 2kg hiekalla"},"content":{"rendered":"","protected":false},"excerpt":{"rendered":"<p data-start=\"0\" data-end=\"179\">Hiekkapuhalluspistooli ker\u00e4yspussilla, joka toimii hiekalla, lasilla ja korundilla jopa 1,4 mm raekokoon asti. Mukana nelj\u00e4 erilaista suutinta sek\u00e4 2 kg puhallusainetta (korundia).<\/p>\n<p data-start=\"181\" data-end=\"207\"><strong data-start=\"181\" data-end=\"207\">Tuotteen ominaisuudet:<\/strong><\/p>\n<ul>\n<li data-start=\"210\" data-end=\"236\">K\u00e4ytt\u00f6paine: 3,5\u20135,0 bar<\/li>\n<li data-start=\"239\" data-end=\"274\">Ker\u00e4yspussi puhallusaineelle<\/li>\n<li data-start=\"277\" data-end=\"302\">Ilmankulutus: 200 l\/min<\/li>\n<li data-start=\"305\" data-end=\"330\">Alumiinis\u00e4ili\u00f6: 1000 ml<\/li>\n<li data-start=\"333\" data-end=\"374\">Kevyt, tarkka ja k\u00e4yt\u00e4nn\u00f6llinen rakenne<\/li>\n<li data-start=\"377\" data-end=\"402\">Sis\u00e4lt\u00e4\u00e4 puhallusaineen<\/li>\n<li data-start=\"405\" data-end=\"423\">Ilmaliit\u00e4nt\u00e4: 1\/4&#8243;<\/li>\n<li data-start=\"405\" data-end=\"423\">Valmistaja: Geko<\/li>\n<\/ul>\n<p data-start=\"425\" data-end=\"448\"><strong data-start=\"425\" data-end=\"448\">Pakkauksen sis\u00e4lt\u00f6:<\/strong><\/p>\n<ul>\n<li data-start=\"451\" data-end=\"494\">Hiekkapuhalluspistooli 1 litran s\u00e4ili\u00f6ll\u00e4<\/li>\n<li data-start=\"497\" data-end=\"532\">Ker\u00e4yspussi puhallusaineelle<\/li>\n<li data-start=\"535\" data-end=\"573\">4 vaihdettavaa erimuotoista suutinta<\/li>\n<li data-start=\"576\" data-end=\"606\">2 kg puhallusainetta (korundi)<\/li>\n<\/ul>\n","protected":false},"featured_media":30666,"template":"","meta":{"_acf_changed":false,"_seopress_robots_primary_cat":"none","_seopress_titles_title":"","_seopress_titles_desc":"","_seopress_robots_index":""},"product_cat":[771,217],"product_tag":[],"class_list":{"0":"post-30672","1":"product","2":"type-product","3":"status-publish","4":"has-post-thumbnail","6":"product_cat-hiekkapuhallus","7":"product_cat-kompressori-ja-paineilma","9":"first","10":"instock","11":"taxable","12":"shipping-taxable","13":"purchasable","14":"product-type-simple","swatches":"rey-swatches","show_selected":""},"acf":[],"_links":{"self":[{"href":"https:\/\/toolhouse.fi\/fi\/wp-json\/wp\/v2\/product\/30672","targetHints":{"allow":["GET"]}}],"collection":[{"href":"https:\/\/toolhouse.fi\/fi\/wp-json\/wp\/v2\/product"}],"about":[{"href":"https:\/\/toolhouse.fi\/fi\/wp-json\/wp\/v2\/types\/product"}],"version-history":[{"count":2,"href":"https:\/\/toolhouse.fi\/fi\/wp-json\/wp\/v2\/product\/30672\/revisions"}],"predecessor-version":[{"id":30676,"href":"https:\/\/toolhouse.fi\/fi\/wp-json\/wp\/v2\/product\/30672\/revisions\/30676"}],"wp:featuredmedia":[{"embeddable":true,"href":"https:\/\/toolhouse.fi\/fi\/wp-json\/wp\/v2\/media\/30666"}],"wp:attachment":[{"href":"https:\/\/toolhouse.fi\/fi\/wp-json\/wp\/v2\/media?parent=30672"}],"wp:term":[{"taxonomy":"product_cat","embeddable":true,"href":"https:\/\/toolhouse.fi\/fi\/wp-json\/wp\/v2\/product_cat?post=30672"},{"taxonomy":"product_tag","embeddable":true,"href":"https:\/\/toolhouse.fi\/fi\/wp-json\/wp\/v2\/product_tag?post=30672"}],"curies":[{"name":"wp","href":"https:\/\/api.w.org\/{rel}","templated":true}]}}