{"id":30875,"date":"2026-01-28T11:16:59","date_gmt":"2026-01-28T09:16:59","guid":{"rendered":"https:\/\/toolhouse.fi\/?post_type=product&#038;p=30875"},"modified":"2026-02-05T15:09:08","modified_gmt":"2026-02-05T13:09:08","slug":"cormak-msm250-jalustalla","status":"publish","type":"product","link":"https:\/\/toolhouse.fi\/fi\/tuote\/cormak-msm250-jalustalla\/","title":{"rendered":"CORMAK MSM250 jalustalla."},"content":{"rendered":"<table border=\"1\">\n<tbody>\n<tr>\n<td>Hiomalaikka<\/td>\n<td>250 \u00d7 32 mm<\/td>\n<\/tr>\n<tr>\n<td>Hiomalaikan keski\u00f6reik\u00e4<\/td>\n<td>32 mm<\/td>\n<\/tr>\n<tr>\n<td>Hiomakiven karkeus<\/td>\n<td>K 40<\/td>\n<\/tr>\n<tr>\n<td>Hiomanauhan koko<\/td>\n<td>1020 \u00d7 75 mm<\/td>\n<\/tr>\n<tr>\n<td>Nauhan karkeus<\/td>\n<td>P 80<\/td>\n<\/tr>\n<tr>\n<td>Kierrosluku<\/td>\n<td>2,960 rpm<\/td>\n<\/tr>\n<tr>\n<td>Moottoriteho (S1)<\/td>\n<td>0.9 kW<\/td>\n<\/tr>\n<tr>\n<td>Moottoriteho (S6)<\/td>\n<td>1.5 kW<\/td>\n<\/tr>\n<tr>\n<td>J\u00e4nnite<br \/>\nMitat (L x S x K)<\/td>\n<td>400 V<\/p>\n<p>570 \u00d7 310 \u00d7 1,410 mm<\/td>\n<\/tr>\n<tr>\n<td>Paino<\/td>\n<td>50.5 kg<\/td>\n<\/tr>\n<tr>\n<td>H\u00e4t\u00e4pys\u00e4ytys<br \/>\nCE-merkitty<\/td>\n<td>Kyll\u00e4<br \/>\nKyll\u00e4<\/td>\n<\/tr>\n<\/tbody>\n<\/table>\n<p data-start=\"57\" data-end=\"124\">S1 \u2013 moottoriteho jatkuvassa k\u00e4yt\u00f6ss\u00e4 t\u00e4ydell\u00e4 kuormituksella<\/p>\n<p data-start=\"631\" data-end=\"711\">S6 \u2013 moottoriteho jaksottaisessa k\u00e4yt\u00f6ss\u00e4, jossa lepojaksoja enint\u00e4\u00e4n 40 %<\/p>\n","protected":false},"excerpt":{"rendered":"<p data-start=\"77\" data-end=\"376\"><strong>CORMAK MSM250<\/strong> on j\u00e4re\u00e4 ja tehokas yhdistelm\u00e4hiomakone, jossa on 250 mm hiomalaikka sek\u00e4 hiomanauha koossa 1020 \u00d7 72 mm. Yhdist\u00e4m\u00e4ll\u00e4 penkkihiomakoneen ja nauhahiomakoneen samaan laitteeseen kone tarjoaa maksimaalisen joustavuuden ja korkean suorituskyvyn metallin, puun ja muovin ty\u00f6st\u00f6ss\u00e4.<\/p>\n<p data-start=\"378\" data-end=\"631\">Kone on varustettu korkealaatuisilla NSK-kuulalaakereilla, jotka takaavat hiljaisen, t\u00e4rin\u00e4tt\u00f6m\u00e4n ja luotettavan k\u00e4ynnin my\u00f6s pitk\u00e4aikaisessa k\u00e4yt\u00f6ss\u00e4. T\u00e4m\u00e4 tekee MSM250-mallista selke\u00e4n premium-vaihtoehdon verrattuna yksinkertaisempiin laitteisiin.<\/p>\n<p data-start=\"633\" data-end=\"900\">Tehokas kuparik\u00e4\u00e4mitty moottori tuottaa suuren v\u00e4\u00e4nt\u00f6momentin ja tasaisen suorituskyvyn, mik\u00e4 tekee koneesta erinomaisen valinnan my\u00f6s vaativiin hiontat\u00f6ihin. Tasapainotettu roottori kuulalaakereilla varmistaa lis\u00e4ksi tasaisen k\u00e4ynnin ja korkean hiontatarkkuuden.<\/p>\n<p data-start=\"902\" data-end=\"1066\">MSM250 toimitetaan tukevalla jalustalla, integroidulla \u00d838 mm p\u00f6lynpoistoliit\u00e4nn\u00e4ll\u00e4 sek\u00e4 s\u00e4\u00e4dett\u00e4v\u00e4ll\u00e4 hiontatuella turvallista ja tarkkaa ty\u00f6skentely\u00e4 varten.<\/p>\n<h3 data-start=\"1068\" data-end=\"1087\">P\u00e4\u00e4ominaisuudet<\/h3>\n<ul>\n<li>Yhdistetty nauha- ja laikkahiomakone \u2013 kaksi toimintoa yhdess\u00e4 laitteessa<\/li>\n<li>Reilun kokoinen hiomakone 250 mm hiomalaikalla ja 1020 \u00d7 72 mm hiomanauhalla.<\/li>\n<li>Tukeva jalusta \u2013 ergonominen ty\u00f6skentelykorkeus ja helppo k\u00e4sittely<\/li>\n<li>NSK-teollisuuslaakerit \u2013 hiljainen k\u00e4ynti ja pitk\u00e4 k\u00e4ytt\u00f6ik\u00e4<\/li>\n<li>Metallin, puun ja muovin hiontaan \u2013 monipuolinen k\u00e4ytt\u00f6<\/li>\n<li>Hiomayksikk\u00f6 on k\u00e4ytett\u00e4viss\u00e4 sek\u00e4 vaaka-ett\u00e4 pystyasennossa<\/li>\n<li>Kuparik\u00e4\u00e4mitty moottori \u2013 tehoa, luotettavuutta ja korkeaa suorituskyky\u00e4<\/li>\n<li>\u00d838 mm p\u00f6lynpoistoliit\u00e4nt\u00e4 \u2013 puhtaampi ja turvallisempi ty\u00f6ymp\u00e4rist\u00f6<\/li>\n<li>3-vaihe pistotulppa ja 1300 mm kaapeli valmiiksi asennettuna<\/li>\n<li>LED-valaistus (ei asennettu kuvissa)<\/li>\n<\/ul>\n","protected":false},"featured_media":30906,"template":"","meta":{"_acf_changed":false,"_seopress_robots_primary_cat":"none","_seopress_titles_title":"","_seopress_titles_desc":"","_seopress_robots_index":""},"product_cat":[262,472,307],"product_tag":[],"class_list":{"0":"post-30875","1":"product","2":"type-product","3":"status-publish","4":"has-post-thumbnail","6":"product_cat-hitsaus-metallityo","7":"product_cat-metallityo","8":"product_cat-nauhahiomakoneet","10":"first","11":"instock","12":"taxable","13":"shipping-taxable","14":"purchasable","15":"product-type-simple","swatches":"rey-swatches","show_selected":""},"acf":[],"_links":{"self":[{"href":"https:\/\/toolhouse.fi\/fi\/wp-json\/wp\/v2\/product\/30875","targetHints":{"allow":["GET"]}}],"collection":[{"href":"https:\/\/toolhouse.fi\/fi\/wp-json\/wp\/v2\/product"}],"about":[{"href":"https:\/\/toolhouse.fi\/fi\/wp-json\/wp\/v2\/types\/product"}],"version-history":[{"count":0,"href":"https:\/\/toolhouse.fi\/fi\/wp-json\/wp\/v2\/product\/30875\/revisions"}],"wp:featuredmedia":[{"embeddable":true,"href":"https:\/\/toolhouse.fi\/fi\/wp-json\/wp\/v2\/media\/30906"}],"wp:attachment":[{"href":"https:\/\/toolhouse.fi\/fi\/wp-json\/wp\/v2\/media?parent=30875"}],"wp:term":[{"taxonomy":"product_cat","embeddable":true,"href":"https:\/\/toolhouse.fi\/fi\/wp-json\/wp\/v2\/product_cat?post=30875"},{"taxonomy":"product_tag","embeddable":true,"href":"https:\/\/toolhouse.fi\/fi\/wp-json\/wp\/v2\/product_tag?post=30875"}],"curies":[{"name":"wp","href":"https:\/\/api.w.org\/{rel}","templated":true}]}}