{"id":30937,"date":"2026-02-02T16:02:00","date_gmt":"2026-02-02T14:02:00","guid":{"rendered":"https:\/\/toolhouse.fi\/?post_type=product&#038;p=30937"},"modified":"2026-02-05T18:44:46","modified_gmt":"2026-02-05T16:44:46","slug":"vannesahantera-m42-20x09x2360-5-8","status":"publish","type":"product","link":"https:\/\/toolhouse.fi\/fi\/tuote\/vannesahantera-m42-20x09x2360-5-8\/","title":{"rendered":"Vannesahanter\u00e4 M42 20&#215;0,9&#215;2360 5\/8"},"content":{"rendered":"","protected":false},"excerpt":{"rendered":"<p>&nbsp;<\/p>\n<p>&nbsp;<\/p>\n<p>Laadukas Koronet Ultracut M42 Bimetal 20&#215;0,9&#215;2360 5\/8 yleister\u00e4 metallille.<\/p>\n<p>Ultracut M42 Bimetal- sopii k\u00e4ytett\u00e4v\u00e4ksi useimpiin kiinteiden ja paksusein\u00e4isten materiaalien sahauksiin, seostetulle ja seostamattomalle ter\u00e4kselle, valuraudalle sek\u00e4 ruostumattomalle ter\u00e4kselle.<\/p>\n<p>Muuttuva hammastus 10\/14<\/p>\n<p>Sopii: <a href=\"https:\/\/toolhouse.fi\/fi\/tuote\/cormak-bs712sw\/\">CORMAK BS712SW<\/a><\/p>\n<p>&nbsp;<\/p>\n<table>\n<tbody>\n<tr>\n<td>Sahater\u00e4n mitat<\/td>\n<td>20&#215;0,9&#215;2360<\/td>\n<\/tr>\n<tr>\n<td>Valmistaja<\/td>\n<td>Koronet<\/td>\n<\/tr>\n<tr>\n<td>Valmistusmaa<\/td>\n<td>Saksa<\/td>\n<\/tr>\n<tr>\n<td>Hammastus<\/td>\n<td>5\/8<\/td>\n<\/tr>\n<tr>\n<td><\/td>\n<td><\/td>\n<\/tr>\n<tr>\n<td><\/td>\n<td><\/td>\n<\/tr>\n<tr>\n<td><\/td>\n<td><\/td>\n<\/tr>\n<\/tbody>\n<\/table>\n","protected":false},"featured_media":31075,"template":"","meta":{"_acf_changed":false,"_seopress_robots_primary_cat":"none","_seopress_titles_title":"","_seopress_titles_desc":"","_seopress_robots_index":""},"product_cat":[311],"product_tag":[],"class_list":{"0":"post-30937","1":"product","2":"type-product","3":"status-publish","4":"has-post-thumbnail","6":"product_cat-metallisahat","8":"first","9":"instock","10":"taxable","11":"shipping-taxable","12":"purchasable","13":"product-type-simple","swatches":"rey-swatches","show_selected":""},"acf":[],"_links":{"self":[{"href":"https:\/\/toolhouse.fi\/fi\/wp-json\/wp\/v2\/product\/30937","targetHints":{"allow":["GET"]}}],"collection":[{"href":"https:\/\/toolhouse.fi\/fi\/wp-json\/wp\/v2\/product"}],"about":[{"href":"https:\/\/toolhouse.fi\/fi\/wp-json\/wp\/v2\/types\/product"}],"version-history":[{"count":0,"href":"https:\/\/toolhouse.fi\/fi\/wp-json\/wp\/v2\/product\/30937\/revisions"}],"wp:featuredmedia":[{"embeddable":true,"href":"https:\/\/toolhouse.fi\/fi\/wp-json\/wp\/v2\/media\/31075"}],"wp:attachment":[{"href":"https:\/\/toolhouse.fi\/fi\/wp-json\/wp\/v2\/media?parent=30937"}],"wp:term":[{"taxonomy":"product_cat","embeddable":true,"href":"https:\/\/toolhouse.fi\/fi\/wp-json\/wp\/v2\/product_cat?post=30937"},{"taxonomy":"product_tag","embeddable":true,"href":"https:\/\/toolhouse.fi\/fi\/wp-json\/wp\/v2\/product_tag?post=30937"}],"curies":[{"name":"wp","href":"https:\/\/api.w.org\/{rel}","templated":true}]}}