{"id":30948,"date":"2026-02-02T16:24:06","date_gmt":"2026-02-02T14:24:06","guid":{"rendered":"https:\/\/toolhouse.fi\/?post_type=product&#038;p=30948"},"modified":"2026-02-02T16:40:21","modified_gmt":"2026-02-02T14:40:21","slug":"cormak-zw400-lastumagneetti","status":"publish","type":"product","link":"https:\/\/toolhouse.fi\/fi\/tuote\/cormak-zw400-lastumagneetti\/","title":{"rendered":"CORMAK ZW400 lastumagneetti"},"content":{"rendered":"","protected":false},"excerpt":{"rendered":"<p data-start=\"0\" data-end=\"288\"><strong>CORMAK ZW400<\/strong> -magneettinen lastunker\u00e4\u00e4j\u00e4, jonka pituus on 420 mm, on k\u00e4yt\u00e4nn\u00f6llinen ja k\u00e4tev\u00e4 ty\u00f6kalu metallilastujen ker\u00e4\u00e4miseen ja poistamiseen, joita syntyy katkaisun, porauksen ja muiden koneistust\u00f6iden aikana. Sopii erinomaisesti sek\u00e4 teolliseen k\u00e4ytt\u00f6\u00f6n ett\u00e4 pienempiin verstaisiin.<\/p>\n<p data-start=\"290\" data-end=\"432\">Ved\u00e4 magneettitanko lastujen yli ker\u00e4t\u00e4ksesi ne, pid\u00e4 sitten tankoa astian yl\u00e4puolella ja vapautaa m\u00e4nt\u00e4\u00e4 \u2013 lastut putoavat automaattisesti pois.<\/p>\n<ul>\n<li data-start=\"436\" data-end=\"493\">Nopea ja tehokas lastujen keruu ilman suoraa kosketusta<\/li>\n<li data-start=\"496\" data-end=\"545\">K\u00e4yt\u00e4nn\u00f6llinen koukku helppoa s\u00e4ilytyst\u00e4 varten<\/li>\n<li data-start=\"548\" data-end=\"568\">Kompakti ty\u00f6pituus<\/li>\n<li data-start=\"571\" data-end=\"598\">Kest\u00e4v\u00e4 ja tukeva rakenne<\/li>\n<\/ul>\n<p data-start=\"600\" data-end=\"618\" data-is-last-node=\"\" data-is-only-node=\"\">Valmistaja: Cormak<\/p>\n","protected":false},"featured_media":30953,"template":"","meta":{"_acf_changed":false,"_seopress_robots_primary_cat":"none","_seopress_titles_title":"","_seopress_titles_desc":"","_seopress_robots_index":""},"product_cat":[262,472,473],"product_tag":[],"class_list":{"0":"post-30948","1":"product","2":"type-product","3":"status-publish","4":"has-post-thumbnail","6":"product_cat-hitsaus-metallityo","7":"product_cat-metallityo","8":"product_cat-metallityon-tarvikkeet","10":"first","11":"instock","12":"taxable","13":"shipping-taxable","14":"purchasable","15":"product-type-simple","swatches":"rey-swatches","show_selected":""},"acf":[],"_links":{"self":[{"href":"https:\/\/toolhouse.fi\/fi\/wp-json\/wp\/v2\/product\/30948","targetHints":{"allow":["GET"]}}],"collection":[{"href":"https:\/\/toolhouse.fi\/fi\/wp-json\/wp\/v2\/product"}],"about":[{"href":"https:\/\/toolhouse.fi\/fi\/wp-json\/wp\/v2\/types\/product"}],"version-history":[{"count":0,"href":"https:\/\/toolhouse.fi\/fi\/wp-json\/wp\/v2\/product\/30948\/revisions"}],"wp:featuredmedia":[{"embeddable":true,"href":"https:\/\/toolhouse.fi\/fi\/wp-json\/wp\/v2\/media\/30953"}],"wp:attachment":[{"href":"https:\/\/toolhouse.fi\/fi\/wp-json\/wp\/v2\/media?parent=30948"}],"wp:term":[{"taxonomy":"product_cat","embeddable":true,"href":"https:\/\/toolhouse.fi\/fi\/wp-json\/wp\/v2\/product_cat?post=30948"},{"taxonomy":"product_tag","embeddable":true,"href":"https:\/\/toolhouse.fi\/fi\/wp-json\/wp\/v2\/product_tag?post=30948"}],"curies":[{"name":"wp","href":"https:\/\/api.w.org\/{rel}","templated":true}]}}