{"id":31208,"date":"2026-02-08T16:41:12","date_gmt":"2026-02-08T14:41:12","guid":{"rendered":"https:\/\/toolhouse.fi\/?post_type=product&#038;p=31208"},"modified":"2026-03-10T15:33:10","modified_gmt":"2026-03-10T13:33:10","slug":"evo-45e-230v","status":"publish","type":"product","link":"https:\/\/toolhouse.fi\/fi\/tuote\/evo-45e-230v\/","title":{"rendered":"EVO-45E 230V"},"content":{"rendered":"<table style=\"height: 485px;\" border=\"0\" width=\"436\" cellspacing=\"0\" cellpadding=\"2\">\n<tbody>\n<tr>\n<td width=\"322\"><span style=\"color: #282828;\"><b>Nostokyky :<\/b><\/span><\/td>\n<td width=\"93\"><span style=\"color: #282828;\">4500 kg<\/span><\/td>\n<\/tr>\n<tr>\n<td bgcolor=\"#f1f1f1\" width=\"322\"><span style=\"color: #282828;\"><b>Nostokorkeus:<\/b><\/span><\/td>\n<td bgcolor=\"#f1f1f1\" width=\"93\">92 \u20131850mm<\/td>\n<\/tr>\n<tr>\n<td width=\"322\"><span style=\"color: #282828;\"><b>Automaattinen turvalukitus 24v:<\/b><\/span><\/td>\n<td width=\"93\"><span style=\"color: #282828;\">Kyll\u00e4<\/span><\/td>\n<\/tr>\n<tr>\n<td bgcolor=\"#f1f1f1\" width=\"322\"><span style=\"color: #282828;\"><b>K\u00e4ytt\u00f6 :<\/b><\/span><\/td>\n<td bgcolor=\"#f1f1f1\" width=\"93\"><span style=\"color: #282828;\">s\u00e4hk\u00f6hydraulinen<\/span><\/td>\n<\/tr>\n<tr>\n<td width=\"322\"><span style=\"color: #282828;\"><b>Nostoaika :<\/b><\/span><\/td>\n<td width=\"93\"><span style=\"color: #282828;\">30 sek<\/span><\/td>\n<\/tr>\n<tr>\n<td bgcolor=\"#f1f1f1\" width=\"322\"><span style=\"color: #282828;\"><b>230V pistorasia :<\/b><\/span><\/td>\n<td bgcolor=\"#f1f1f1\" width=\"93\"><span style=\"color: #282828;\">Kyll\u00e4<\/span><\/td>\n<\/tr>\n<tr>\n<td width=\"322\"><span style=\"color: #282828;\"><b><strong>Pilarien sis\u00e4leveys<\/strong>:<\/b><\/span><\/p>\n<p><span style=\"color: #282828;\"><strong>L\u00e4piajoleveys:<\/strong><\/span><\/td>\n<td width=\"93\"><span style=\"color: #282828;\">2800 mm<\/span><\/p>\n<p><span style=\"color: #282828;\">2550 mm<\/span><\/td>\n<\/tr>\n<tr>\n<td bgcolor=\"#f1f1f1\" width=\"322\"><span style=\"color: #282828;\"><b>Korkeus :<\/b><\/span><\/td>\n<td bgcolor=\"#f1f1f1\" width=\"93\"><span style=\"color: #282828;\">2880 mm<\/span><\/td>\n<\/tr>\n<tr>\n<td width=\"322\"><span style=\"color: #282828;\"><b>Ulkoleveys :<\/b><\/span><\/p>\n<p><span style=\"color: #282828;\"><strong>Paino:<\/strong><\/span><\/td>\n<td width=\"93\"><span style=\"color: #282828;\">3420 mm<\/span><\/p>\n<p><span style=\"color: #282828;\">690kg<\/span><\/td>\n<\/tr>\n<tr>\n<td bgcolor=\"#f1f1f1\" width=\"322\"><span style=\"color: #282828;\"><b>J\u00e4nnite :<\/b><\/span><\/td>\n<td bgcolor=\"#f1f1f1\" width=\"93\"><span style=\"color: #282828;\">230V<\/span><\/td>\n<\/tr>\n<tr>\n<td width=\"322\"><span style=\"color: #282828;\"><b>Takuu :<\/b><\/span><\/td>\n<td width=\"93\"><span style=\"color: #282828;\">12 kuukautta<\/span><\/td>\n<\/tr>\n<tr>\n<td bgcolor=\"#f1f1f1\" width=\"322\"><span style=\"color: #282828;\"><b>Ce h<\/b><strong>yv\u00e4ksytty :<\/strong><\/span><\/td>\n<td bgcolor=\"#f1f1f1\" width=\"93\"><span style=\"color: #282828;\">Kyll\u00e4<\/span><\/td>\n<\/tr>\n<tr>\n<td width=\"322\"><\/td>\n<td width=\"93\"><\/td>\n<\/tr>\n<tr>\n<td bgcolor=\"#f1f1f1\" width=\"322\"><span style=\"color: #282828;\"><strong>Moottorin teho:<\/strong><\/span><\/td>\n<td bgcolor=\"#f1f1f1\" width=\"93\"><span style=\"color: #282828;\">2,2kw<\/span><\/td>\n<\/tr>\n<tr>\n<td width=\"322\"><span style=\"color: #282828;\"><strong>Ohjausj\u00e4nnite:<\/strong><\/span><\/p>\n<p>&nbsp;<\/p>\n<p><span style=\"color: #282828;\"><strong>Malli<\/strong><\/span><\/td>\n<td width=\"93\"><span style=\"color: #282828;\">24 v<\/span><\/p>\n<p>&nbsp;<\/p>\n<p><span style=\"color: #282828;\">EVO 45E<\/span><\/td>\n<\/tr>\n<\/tbody>\n<\/table>\n<div class=\"ts-lookup-pivot\">\n<ul>\n<li>Takuu 1 vuosi.<\/li>\n<li>Kaikki varaosat saatavilla!<\/li>\n<li>Kaikki nostimet toimitetaan ilman hydrauli\u00f6ljyj\u00e4.<\/li>\n<\/ul>\n<\/div>\n<p>&nbsp;<\/p>\n","protected":false},"excerpt":{"rendered":"<ul>\n<li tabindex=\"0\" role=\"label\">Hydraulinen 2-pilarinostin.<\/li>\n<li tabindex=\"0\" role=\"label\">230V<\/li>\n<li tabindex=\"0\" role=\"label\">Nostokyky 4500kg.<\/li>\n<li tabindex=\"0\" role=\"label\">Pitk\u00e4t symmetriset 3-osaiset nostovarret<\/li>\n<li tabindex=\"0\" role=\"label\">Suuret nostotallat suurella s\u00e4\u00e4t\u00f6varalla<\/li>\n<li tabindex=\"0\" role=\"label\">Nostokorkeus 92 \u2013 1850 mm.<\/li>\n<li tabindex=\"0\" role=\"label\">Automaattiset 24V turvalukot.<\/li>\n<li tabindex=\"0\" role=\"label\">Korkeus 2880mm<\/li>\n<li tabindex=\"0\" role=\"label\">230V pistorasia<\/li>\n<\/ul>\n<p>&nbsp;<\/p>\n<p><strong data-start=\"120\" data-end=\"137\">Evolution 45E<\/strong> on tehokas ja luotettava hydraulinen kaksipilarinostin. Sen 4500 kg:n nostokapasiteetti sek\u00e4 pitk\u00e4t, symmetriset 3-osaiset nostovarret tekev\u00e4t siit\u00e4 erinomaisen valinnan.Nostin on valmistettu korkealaatuisista materiaaleista ja suunniteltu vaativaan k\u00e4ytt\u00f6\u00f6n, jossa turvallisuus ja kest\u00e4vyys ovat ensisijaisia. Kaksois-S-profiililla pilarit takaavat eritt\u00e4in suuren v\u00e4\u00e4nt\u00f6j\u00e4ykkyyden ja pitk\u00e4n k\u00e4ytt\u00f6i\u00e4n. Evo 45E on vakiovarusteena varustettu luotettavalla ja korkealaatuisella <strong data-start=\"683\" data-end=\"725\">Boucher Hydraulicsin<\/strong> hydrauliyksik\u00f6ll\u00e4.<\/p>\n<p>&nbsp;<\/p>\n<p>&nbsp;<\/p>\n<p><strong>Korkea turvallisuus<\/strong><\/p>\n<div class=\"ts-lookup-pivot\">\n<div id=\"Lookup\" class=\"ts-pivot-lookup-component\">\n<div class=\"ms-Grid ts-grid\">\n<div class=\"ms-Grid-row\">\n<div class=\"ts-textfield-container \" lang=\"fi\">\n<div class=\"ts-alignment-view-container\">\n<p>PK-4500A:ss\u00e4 lukitusj\u00e4rjestelm\u00e4 aktivoituu automaattisesti, kun autoa nostetaan.<\/p>\n<p>Lis\u00e4ksi nostoprosessi pys\u00e4htyy, kun auto saavuttaa maksimikorkeuden, se takaa t\u00e4ydellisen turvallisuuden k\u00e4ytett\u00e4ess\u00e4.<\/p>\n<p>Vakiovarusteena ovien kolhusuojat.<\/p>\n<p>Nostimessa on h\u00e4t\u00e4pys\u00e4ytys.<\/p>\n<\/div>\n<\/div>\n<\/div>\n<div class=\"ms-Grid-row\">\n<div class=\"ts-textfield-container \" lang=\"fi\">\n<div class=\"ts-alignment-view-container\">\n<p>&nbsp;<\/p>\n<\/div>\n<\/div>\n<\/div>\n<p>&nbsp;<\/p>\n<\/div>\n<\/div>\n<p><strong>Automaattinen<\/strong><\/p>\n<p data-start=\"1500\" data-end=\"1694\">Automaattinen toiminto mahdollistaa sujuvan ja turvallisen noston ja laskun. Kaikki toiminnot ohjataan ohjauspaneelista ilman tarvetta vapauttaa lukkoja manuaalisesti kummankin pilarin kohdalta.<\/p>\n<p data-start=\"1696\" data-end=\"1878\">Molemmat pilarit on varustettu 24 V s\u00e4hk\u00f6magneeteilla, jotka vapauttavat turvalukot automaattisesti, kun laskupainiketta painetaan. T\u00e4m\u00e4 mahdollistaa tehokkaan ja turvallisen k\u00e4yt\u00f6n.<\/p>\n<p data-start=\"1696\" data-end=\"1878\">\n<p><strong>Lis\u00e4tarvikkeet<\/strong><\/p>\n<p><a href=\"https:\/\/toolhouse.fi\/fi\/tuote\/iso-lattiakiinnike-evo-45e\/\">Iso lattiakiinnike\ud83d\udd17<\/a><\/p>\n<p><a href=\"https:\/\/toolhouse.fi\/fi\/tuote\/korotuspalat-1-ja-2-pilarinostimille-100mm\/\">Korotuspalat \ud83d\udd17<\/a><\/p>\n<\/div>\n<p>&nbsp;<\/p>\n","protected":false},"featured_media":31099,"template":"","meta":{"_acf_changed":false,"_seopress_robots_primary_cat":"none","_seopress_titles_title":"","_seopress_titles_desc":"","_seopress_robots_index":""},"product_cat":[285,455,37],"product_tag":[],"class_list":{"0":"post-31208","1":"product","2":"type-product","3":"status-publish","4":"has-post-thumbnail","6":"product_cat-2-pilarinostimet","7":"product_cat-ajoneuvonostimet","8":"product_cat-autonostimet","10":"first","11":"instock","12":"taxable","13":"shipping-taxable","14":"purchasable","15":"product-type-simple","swatches":"rey-swatches","show_selected":""},"acf":[],"_links":{"self":[{"href":"https:\/\/toolhouse.fi\/fi\/wp-json\/wp\/v2\/product\/31208","targetHints":{"allow":["GET"]}}],"collection":[{"href":"https:\/\/toolhouse.fi\/fi\/wp-json\/wp\/v2\/product"}],"about":[{"href":"https:\/\/toolhouse.fi\/fi\/wp-json\/wp\/v2\/types\/product"}],"version-history":[{"count":0,"href":"https:\/\/toolhouse.fi\/fi\/wp-json\/wp\/v2\/product\/31208\/revisions"}],"wp:featuredmedia":[{"embeddable":true,"href":"https:\/\/toolhouse.fi\/fi\/wp-json\/wp\/v2\/media\/31099"}],"wp:attachment":[{"href":"https:\/\/toolhouse.fi\/fi\/wp-json\/wp\/v2\/media?parent=31208"}],"wp:term":[{"taxonomy":"product_cat","embeddable":true,"href":"https:\/\/toolhouse.fi\/fi\/wp-json\/wp\/v2\/product_cat?post=31208"},{"taxonomy":"product_tag","embeddable":true,"href":"https:\/\/toolhouse.fi\/fi\/wp-json\/wp\/v2\/product_tag?post=31208"}],"curies":[{"name":"wp","href":"https:\/\/api.w.org\/{rel}","templated":true}]}}