{"id":31275,"date":"2026-02-12T16:38:04","date_gmt":"2026-02-12T14:38:04","guid":{"rendered":"https:\/\/toolhouse.fi\/?post_type=product&#038;p=31275"},"modified":"2026-03-09T16:07:00","modified_gmt":"2026-03-09T14:07:00","slug":"iso-lattiakiinnike-evo-45e","status":"publish","type":"product","link":"https:\/\/toolhouse.fi\/fi\/tuote\/iso-lattiakiinnike-evo-45e\/","title":{"rendered":"Iso lattiakiinnike EVO-45E"},"content":{"rendered":"","protected":false},"excerpt":{"rendered":"<p data-start=\"152\" data-end=\"337\"><strong data-start=\"152\" data-end=\"185\">Autonostimen lattakiinnikkeet<\/strong>, jotka pultataan nostimen olemassa oleviin pohjalevyihin sek\u00e4 lattiaan. Kolme keskimm\u00e4ist\u00e4 kiinnityskorvaa asennetaan nostimen pohjalevyn p\u00e4\u00e4lle.<\/p>\n<p data-start=\"339\" data-end=\"440\">Kiinnikkeet jakavat kuormituksen suuremmalle lattia-alalle ja tarjoavat useampia kiinnityspisteit\u00e4.<\/p>\n<p data-start=\"442\" data-end=\"464\"><strong data-start=\"442\" data-end=\"462\">Tekniset tiedot:<\/strong><\/p>\n<ul>\n<li data-start=\"467\" data-end=\"484\">Pituus: 1400 mm<\/li>\n<li data-start=\"487\" data-end=\"521\">Putki: 80 \u00d7 60 \u00d7 5 mm<\/li>\n<li data-start=\"524\" data-end=\"558\">Kiinnityskorvat: 60 \u00d7 60 \u00d7 12 mm<\/li>\n<li data-start=\"561\" data-end=\"580\">Pultit: M18 \u00d7 160<\/li>\n<li data-start=\"561\" data-end=\"580\">Paino: 32 kg<\/li>\n<\/ul>\n<p>Sopii:<\/p>\n<ul>\n<li class=\"product_title entry-title\"><a href=\"https:\/\/toolhouse.fi\/fi\/tuote\/evo-45e-230v\/\">EVO-45E 230V<\/a><\/li>\n<li><a href=\"https:\/\/toolhouse.fi\/fi\/tuote\/evo-45e-400v\/\">EVO-45E 400V<\/a><\/li>\n<\/ul>\n<p>Toimitetaan pareittain<\/p>\n","protected":false},"featured_media":31895,"template":"","meta":{"_acf_changed":false,"_seopress_robots_primary_cat":"none","_seopress_titles_title":"","_seopress_titles_desc":"","_seopress_robots_index":""},"product_cat":[285,455,37,290],"product_tag":[],"class_list":{"0":"post-31275","1":"product","2":"type-product","3":"status-publish","4":"has-post-thumbnail","6":"product_cat-2-pilarinostimet","7":"product_cat-ajoneuvonostimet","8":"product_cat-autonostimet","9":"product_cat-varaosat-ja-tarvikkeet","10":"product_shipping_class-k-160-1090e","12":"first","13":"instock","14":"taxable","15":"shipping-taxable","16":"purchasable","17":"product-type-simple","swatches":"rey-swatches","show_selected":""},"acf":[],"_links":{"self":[{"href":"https:\/\/toolhouse.fi\/fi\/wp-json\/wp\/v2\/product\/31275","targetHints":{"allow":["GET"]}}],"collection":[{"href":"https:\/\/toolhouse.fi\/fi\/wp-json\/wp\/v2\/product"}],"about":[{"href":"https:\/\/toolhouse.fi\/fi\/wp-json\/wp\/v2\/types\/product"}],"version-history":[{"count":3,"href":"https:\/\/toolhouse.fi\/fi\/wp-json\/wp\/v2\/product\/31275\/revisions"}],"predecessor-version":[{"id":31903,"href":"https:\/\/toolhouse.fi\/fi\/wp-json\/wp\/v2\/product\/31275\/revisions\/31903"}],"wp:featuredmedia":[{"embeddable":true,"href":"https:\/\/toolhouse.fi\/fi\/wp-json\/wp\/v2\/media\/31895"}],"wp:attachment":[{"href":"https:\/\/toolhouse.fi\/fi\/wp-json\/wp\/v2\/media?parent=31275"}],"wp:term":[{"taxonomy":"product_cat","embeddable":true,"href":"https:\/\/toolhouse.fi\/fi\/wp-json\/wp\/v2\/product_cat?post=31275"},{"taxonomy":"product_tag","embeddable":true,"href":"https:\/\/toolhouse.fi\/fi\/wp-json\/wp\/v2\/product_tag?post=31275"}],"curies":[{"name":"wp","href":"https:\/\/api.w.org\/{rel}","templated":true}]}}