{"id":31290,"date":"2026-02-10T14:51:44","date_gmt":"2026-02-10T12:51:44","guid":{"rendered":"https:\/\/toolhouse.fi\/?post_type=product&#038;p=31290"},"modified":"2026-02-13T10:59:56","modified_gmt":"2026-02-13T08:59:56","slug":"tyokaluvaunu-tyokaluilla-everforce-236-osaa","status":"publish","type":"product","link":"https:\/\/toolhouse.fi\/fi\/tuote\/tyokaluvaunu-tyokaluilla-everforce-236-osaa\/","title":{"rendered":"Ty\u00f6kaluvaunu ty\u00f6kaluilla Everforce 236 osaa"},"content":{"rendered":"","protected":false},"excerpt":{"rendered":"<p>Laadukas ty\u00f6kaluvaunu monipuolisella 236 -osaisella ty\u00f6kaluvalikoimalla, sopii autotalleihin tai korjaamoille.<br \/>\nTy\u00f6kalut on valmistettu kest\u00e4v\u00e4st\u00e4 CrV-ter\u00e4ksest\u00e4, Kaikille 236 ty\u00f6kalulle l\u00f6ytyy oma paikka foamista, jossa ne pysyv\u00e4t hyvin paikoillaan.<\/p>\n<p>&nbsp;<\/p>\n<ul>\n<li>7 itsest\u00e4\u00e4n sulkeutuvaa, kuulalaakeroitua laatikkoa ja sivukaappi.<\/li>\n<li>Yksi iso vapaa laatikko ja sivukaappi omille ty\u00f6kaluille.<\/li>\n<li>Lukitus keskuslukituksella.<\/li>\n<li>Runko on valmistettu jauhemaalatusta ter\u00e4ksest\u00e4.<\/li>\n<li>Suuret py\u00f6r\u00e4t, joista kaksi on lukittavia<\/li>\n<\/ul>\n<h2 data-start=\"96\" data-end=\"116\"><strong data-start=\"99\" data-end=\"116\">Laatikko No.1<\/strong><\/h2>\n<p data-start=\"118\" data-end=\"195\"><strong data-start=\"118\" data-end=\"141\">13 kpl hylsyj\u00e4 1\/4\u2033<\/strong><br data-start=\"141\" data-end=\"144\" \/>4, 4,5, 5, 5,5, 6, 7, 8, 9, 10, 11, 12, 13, 14 mm<\/p>\n<p data-start=\"197\" data-end=\"266\"><strong data-start=\"197\" data-end=\"220\">10 kpl hylsyj\u00e4 3\/8\u2033<\/strong><br data-start=\"220\" data-end=\"223\" \/>10, 11, 12, 13, 14, 15, 16, 17, 18, 19 mm<\/p>\n<p data-start=\"268\" data-end=\"365\"><strong data-start=\"268\" data-end=\"291\">17 kpl hylsyj\u00e4 1\/2\u2033<\/strong><br data-start=\"291\" data-end=\"294\" \/>10, 11, 12, 13, 14, 15, 16, 17, 18, 19, 20, 21, 22, 24, 27, 30, 32 mm<\/p>\n<p data-start=\"367\" data-end=\"434\"><strong data-start=\"367\" data-end=\"396\">7 kpl E-Torx-hylsyj\u00e4 3\/8\u2033<\/strong><br data-start=\"396\" data-end=\"399\" \/>E10, E11, E12, E14, E16, E18, E20<\/p>\n<p data-start=\"436\" data-end=\"493\"><strong data-start=\"436\" data-end=\"465\">7 kpl pitki\u00e4 hylsyj\u00e4 1\/4\u2033<\/strong><br data-start=\"465\" data-end=\"468\" \/>4, 5, 6, 7, 8, 9, 10 mm<\/p>\n<p data-start=\"495\" data-end=\"554\"><strong data-start=\"495\" data-end=\"524\">6 kpl pitki\u00e4 hylsyj\u00e4 3\/8\u2033<\/strong><br data-start=\"524\" data-end=\"527\" \/>10, 11, 12, 13, 14, 15 mm<\/p>\n<p data-start=\"556\" data-end=\"611\"><strong data-start=\"556\" data-end=\"585\">5 kpl pitki\u00e4 hylsyj\u00e4 1\/2\u2033<\/strong><br data-start=\"585\" data-end=\"588\" \/>16, 17, 18, 19, 22 mm<\/p>\n<p data-start=\"613\" data-end=\"667\"><strong data-start=\"613\" data-end=\"639\">2 kpl jatkovarsia 1\/4\u2033<\/strong><br data-start=\"639\" data-end=\"642\" \/>2\u2033 (51 mm), 4\u2033 (102 mm)<\/p>\n<p data-start=\"669\" data-end=\"723\"><strong data-start=\"669\" data-end=\"695\">2 kpl jatkovarsia 3\/8\u2033<\/strong><br data-start=\"695\" data-end=\"698\" \/>3\u2033 (76 mm), 6\u2033 (152 mm)<\/p>\n<p data-start=\"725\" data-end=\"781\"><strong data-start=\"725\" data-end=\"751\">2 kpl jatkovarsia 1\/2\u2033<\/strong><br data-start=\"751\" data-end=\"754\" \/>5\u2033 (127 mm), 10\u2033 (254 mm)<\/p>\n<p data-start=\"783\" data-end=\"825\"><strong data-start=\"783\" data-end=\"804\">3 kpl nivelvarsia<\/strong><br data-start=\"804\" data-end=\"807\" \/>1\/4\u2033, 3\/8\u2033, 1\/2\u2033<\/p>\n<p data-start=\"827\" data-end=\"897\"><strong data-start=\"827\" data-end=\"876\">3 kpl r\u00e4ikk\u00e4v\u00e4\u00e4ntimi\u00e4, 72-hampaiset<\/strong><br data-start=\"876\" data-end=\"879\" \/>1\/4\u2033, 3\/8\u2033, 1\/2\u2033<\/p>\n<p data-start=\"899\" data-end=\"937\"><strong data-start=\"899\" data-end=\"920\">1 kpl v\u00e4\u00e4nt\u00f6varsi<\/strong><br data-start=\"920\" data-end=\"923\" \/>14\u2033 (356 mm)<\/p>\n<p data-start=\"939\" data-end=\"991\"><strong data-start=\"939\" data-end=\"974\">2 kpl sytytystulppahylsyj\u00e4 1\/2\u2033<\/strong><br data-start=\"974\" data-end=\"977\" \/>16 mm, 21 mm<\/p>\n<p data-start=\"993\" data-end=\"1069\"><strong data-start=\"993\" data-end=\"1031\">9 kpl L-mallisia kuusiokoloavaimia<\/strong><br data-start=\"1031\" data-end=\"1034\" \/>1,5, 2, 2,5, 3, 4, 5, 6, 8, 10 mm<\/p>\n<hr data-start=\"1071\" data-end=\"1074\" \/>\n<h2 data-start=\"1076\" data-end=\"1096\"><strong data-start=\"1079\" data-end=\"1096\">Laatikko No.2<\/strong><\/h2>\n<p data-start=\"1098\" data-end=\"1228\"><strong data-start=\"1098\" data-end=\"1134\">23 kpl Kiintolenkkiavaimet 6\u201330 mm<\/strong><br data-start=\"1134\" data-end=\"1137\" \/>6, 7, 8, 9, 10, 11, 12, 13, 14, 15, 16, 17, 18, 19, 20, 21, 22, 23, 24, 25, 26, 27, 30 mm<\/p>\n<p data-start=\"1230\" data-end=\"1306\"><strong data-start=\"1230\" data-end=\"1268\">9 kpl L-mallisia kuusiokoloavaimia<\/strong><br data-start=\"1268\" data-end=\"1271\" \/>1,5, 2, 2,5, 3, 4, 5, 6, 8, 10 mm<\/p>\n<p data-start=\"1308\" data-end=\"1389\"><strong data-start=\"1308\" data-end=\"1341\">9 kpl L-mallisia Torx-avaimia<\/strong><br data-start=\"1341\" data-end=\"1344\" \/>T10, T15, T20, T25, T27, T30, T40, T45, T50<\/p>\n<p data-start=\"1391\" data-end=\"1441\"><strong data-start=\"1391\" data-end=\"1412\">2 kpl jakoavaimia<\/strong><br data-start=\"1412\" data-end=\"1415\" \/>6\u2033 (152 mm), 8\u2033 (203 mm)<\/p>\n<p data-start=\"1443\" data-end=\"1500\"><strong data-start=\"1443\" data-end=\"1482\">1 kpl momenttiavain 1\/2\u2033, 28\u2013210 Nm<\/strong><br data-start=\"1482\" data-end=\"1485\" \/>Pituus 465 mm<\/p>\n<hr data-start=\"1502\" data-end=\"1505\" \/>\n<h2 data-start=\"1507\" data-end=\"1527\"><strong data-start=\"1510\" data-end=\"1527\">Laatikko No.3<\/strong><\/h2>\n<p data-start=\"1529\" data-end=\"1576\"><strong data-start=\"1529\" data-end=\"1564\">25 kpl pitki\u00e4 voimahylsyj\u00e4 1\/2\u2033<\/strong><br data-start=\"1564\" data-end=\"1567\" \/>8\u201332 mm<\/p>\n<p data-start=\"1578\" data-end=\"1694\"><strong data-start=\"1578\" data-end=\"1606\">16 kpl bittihylsyj\u00e4 1\/2\u2033<\/strong><br data-start=\"1606\" data-end=\"1609\" \/>T27, T30, T40, T45, T50, T55, T60, T70<br data-start=\"1647\" data-end=\"1650\" \/>HW6, HW7, HW8, HW9, HW10, HW12, HW14, HW17<\/p>\n<p data-start=\"1696\" data-end=\"1742\"><strong data-start=\"1696\" data-end=\"1726\">1 kpl voimajatkovarsi 1\/2\u2033<\/strong><br data-start=\"1726\" data-end=\"1729\" \/>5\u2033 (127 mm)<\/p>\n<p data-start=\"1744\" data-end=\"1788\"><strong data-start=\"1744\" data-end=\"1771\">1 kpl nivelv\u00e4\u00e4nnin 1\/2\u2033<\/strong><br data-start=\"1771\" data-end=\"1774\" \/>10\u2033 (254 mm)<\/p>\n<p data-start=\"1790\" data-end=\"1847\"><strong data-start=\"1790\" data-end=\"1830\">1 kpl jatkovarsi \/ hylsyv\u00e4\u00e4nnin 1\/2\u2033<\/strong><br data-start=\"1830\" data-end=\"1833\" \/>10\u2033 (254 mm)<\/p>\n<hr data-start=\"1849\" data-end=\"1852\" \/>\n<h2 data-start=\"1854\" data-end=\"1874\"><strong data-start=\"1857\" data-end=\"1874\">Laatikko No.4<\/strong><\/h2>\n<p data-start=\"1876\" data-end=\"1920\"><strong data-start=\"1876\" data-end=\"1904\">4 kpl lukkorengaspihtej\u00e4<\/strong><br data-start=\"1904\" data-end=\"1907\" \/>7\u2033 (178 mm)<\/p>\n<p data-start=\"1922\" data-end=\"1970\"><strong data-start=\"1922\" data-end=\"1954\">1 kpl taivutettu k\u00e4rkipihdit<\/strong><br data-start=\"1954\" data-end=\"1957\" \/>6\u2033 (152 mm)<\/p>\n<p data-start=\"1972\" data-end=\"2009\"><strong data-start=\"1972\" data-end=\"1993\">1 kpl yleispihdit<\/strong><br data-start=\"1993\" data-end=\"1996\" \/>6\u2033 (152 mm)<\/p>\n<p data-start=\"2011\" data-end=\"2048\"><strong data-start=\"2011\" data-end=\"2032\">1 kpl k\u00e4rkipihdit<\/strong><br data-start=\"2032\" data-end=\"2035\" \/>6\u2033 (152 mm)<\/p>\n<p data-start=\"2050\" data-end=\"2089\"><strong data-start=\"2050\" data-end=\"2073\">1 kpl sivuleikkurit<\/strong><br data-start=\"2073\" data-end=\"2076\" \/>6\u2033 (152 mm)<\/p>\n<p data-start=\"2091\" data-end=\"2117\"><strong data-start=\"2091\" data-end=\"2107\">1 kpl vasara<\/strong><br data-start=\"2107\" data-end=\"2110\" \/>120 g<\/p>\n<p data-start=\"2119\" data-end=\"2161\"><strong data-start=\"2119\" data-end=\"2144\">1 kpl vesipumppupihdit<\/strong><br data-start=\"2144\" data-end=\"2147\" \/>10\u2033 (254 mm)<\/p>\n<p data-start=\"2163\" data-end=\"2245\"><strong data-start=\"2163\" data-end=\"2180\">6 kpl tuurna<\/strong><br data-start=\"2180\" data-end=\"2183\" \/>1,5\u00d7102 mm, 2\u00d7102 mm, 3\u00d7114 mm, 4\u00d7127 mm, 5\u00d7127 mm, 6\u00d7140 mm<\/p>\n<hr data-start=\"2247\" data-end=\"2250\" \/>\n<h2 data-start=\"2252\" data-end=\"2272\"><strong data-start=\"2255\" data-end=\"2272\">Laatikko No.5<\/strong><\/h2>\n<h3 data-start=\"2274\" data-end=\"2293\">Ly\u00f6ntimeisselit<\/h3>\n<p data-start=\"2294\" data-end=\"2384\"><strong data-start=\"2294\" data-end=\"2302\">Ura:<\/strong> 6\u00d738, 5\u00d775, 6\u00d7100, 8\u00d7150 mm<br data-start=\"2330\" data-end=\"2333\" \/><strong data-start=\"2333\" data-end=\"2346\">Phillips:<\/strong> PH2\u00d738, PH1\u00d775, PH2\u00d7100, PH3\u00d7150 mm<\/p>\n<h3 data-start=\"2386\" data-end=\"2406\">Ruuvimeisselit<\/h3>\n<p data-start=\"2407\" data-end=\"2518\"><strong data-start=\"2407\" data-end=\"2415\">Ura:<\/strong> 3\u00d775, 4\u00d775, 5\u00d775, 5\u00d7100, 6\u00d7100<br data-start=\"2446\" data-end=\"2449\" \/><strong data-start=\"2449\" data-end=\"2462\">Phillips:<\/strong> PH0\u00d775, PH1\u00d7175, PH1\u00d7100, PH2\u00d775, PH2\u00d7100, PH3\u00d7150 mm<\/p>\n<h3 data-start=\"2520\" data-end=\"2548\">Tarkkuusruuvimeisselit<\/h3>\n<p data-start=\"2549\" data-end=\"2598\"><strong data-start=\"2549\" data-end=\"2557\">Ura:<\/strong> 2,5\u00d7100 mm<br data-start=\"2568\" data-end=\"2571\" \/><strong data-start=\"2571\" data-end=\"2584\">Phillips:<\/strong> PH00\u00d7100 mm<\/p>\n<hr data-start=\"2600\" data-end=\"2603\" \/>\n<h2 data-start=\"2605\" data-end=\"2625\"><strong data-start=\"2608\" data-end=\"2625\">Laatikko No.6<\/strong><\/h2>\n<p data-start=\"2627\" data-end=\"2680\"><strong data-start=\"2627\" data-end=\"2649\">1 kpl vasara 120 g<\/strong><br data-start=\"2649\" data-end=\"2652\" \/><strong data-start=\"2652\" data-end=\"2678\">1 kpl kumivasara 400 g<\/strong><\/p>\n<p data-start=\"2682\" data-end=\"2779\"><strong data-start=\"2682\" data-end=\"2705\">7 kpl kartiotuurna<\/strong><br data-start=\"2705\" data-end=\"2708\" \/>2\u00d7170 mm, 3\u00d7170 mm, 4\u00d7170 mm, 5\u00d7170 mm, 6\u00d7170 mm, 8\u00d7170 mm, 10\u00d7170 mm<\/p>\n<p data-start=\"2781\" data-end=\"2818\"><strong data-start=\"2781\" data-end=\"2805\">1 kpl merkkaustuurna<\/strong><br data-start=\"2805\" data-end=\"2808\" \/>6\u00d7170 mm<\/p>\n<p data-start=\"2820\" data-end=\"2867\"><strong data-start=\"2820\" data-end=\"2842\">2 kpl lattatalttaa<\/strong><br data-start=\"2842\" data-end=\"2845\" \/>12\u00d7160 mm, 19\u00d7180 mm<\/p>\n<p data-start=\"2869\" data-end=\"2966\"><strong data-start=\"2869\" data-end=\"2892\">7 kpl ly\u00f6ntituurna<\/strong><br data-start=\"2892\" data-end=\"2895\" \/>2\u00d7170 mm, 3\u00d7170 mm, 4\u00d7170 mm, 5\u00d7170 mm, 6\u00d7170 mm, 8\u00d7170 mm, 10\u00d7170 mm<\/p>\n<p data-start=\"2968\" data-end=\"3003\"><strong data-start=\"2968\" data-end=\"2990\">1 kpl kartiotaltta<\/strong><br data-start=\"2990\" data-end=\"2993\" \/>6\u00d7180 mm<\/p>\n<p data-start=\"2968\" data-end=\"3003\">\n<table>\n<tbody>\n<tr>\n<th><\/th>\n<th>Leveys<\/th>\n<th>Syvyys<\/th>\n<th>Korkeus<\/th>\n<\/tr>\n<tr>\n<td><\/td>\n<td><\/td>\n<td><\/td>\n<td><\/td>\n<\/tr>\n<tr>\n<td>Vaunun mitat<\/td>\n<td>780mm<\/td>\n<td>460mm<\/td>\n<td>970mm<\/td>\n<\/tr>\n<tr>\n<td>Laatikko 1-6 mitat<\/td>\n<td>540mm<\/td>\n<td>400mm<\/td>\n<td>60mm<\/td>\n<\/tr>\n<tr>\n<td>Laatikko 7 mitat<\/td>\n<td>540mm<\/td>\n<td>400mm<\/td>\n<td>200mm<\/td>\n<\/tr>\n<tr>\n<td>Vaahtomuoviosan koko&nbsp;<\/p>\n<p>Kaapin hyllyn mitat<\/td>\n<td>530mm&nbsp;<\/p>\n<p>330mm<\/td>\n<td>390mm&nbsp;<\/p>\n<p>85mm<\/td>\n<td>36mm&nbsp;<\/p>\n<p>50mm<\/td>\n<\/tr>\n<tr>\n<td>Paino: 70 kg<\/td>\n<td><\/td>\n<td><\/td>\n<td><\/td>\n<\/tr>\n<\/tbody>\n<\/table>\n","protected":false},"featured_media":31329,"template":"","meta":{"_acf_changed":false,"_seopress_robots_primary_cat":"","_seopress_titles_title":"","_seopress_titles_desc":"","_seopress_robots_index":""},"product_cat":[337,40,484],"product_tag":[],"class_list":{"0":"post-31290","1":"product","2":"type-product","3":"status-publish","4":"has-post-thumbnail","6":"product_cat-tyokalut","7":"product_cat-korjaamolaitteet","8":"product_cat-tyokaluvaunut-tyokalujen-sailytys","10":"first","11":"instock","12":"taxable","13":"shipping-taxable","14":"purchasable","15":"product-type-simple","swatches":"rey-swatches","show_selected":""},"acf":[],"_links":{"self":[{"href":"https:\/\/toolhouse.fi\/fi\/wp-json\/wp\/v2\/product\/31290","targetHints":{"allow":["GET"]}}],"collection":[{"href":"https:\/\/toolhouse.fi\/fi\/wp-json\/wp\/v2\/product"}],"about":[{"href":"https:\/\/toolhouse.fi\/fi\/wp-json\/wp\/v2\/types\/product"}],"version-history":[{"count":0,"href":"https:\/\/toolhouse.fi\/fi\/wp-json\/wp\/v2\/product\/31290\/revisions"}],"wp:featuredmedia":[{"embeddable":true,"href":"https:\/\/toolhouse.fi\/fi\/wp-json\/wp\/v2\/media\/31329"}],"wp:attachment":[{"href":"https:\/\/toolhouse.fi\/fi\/wp-json\/wp\/v2\/media?parent=31290"}],"wp:term":[{"taxonomy":"product_cat","embeddable":true,"href":"https:\/\/toolhouse.fi\/fi\/wp-json\/wp\/v2\/product_cat?post=31290"},{"taxonomy":"product_tag","embeddable":true,"href":"https:\/\/toolhouse.fi\/fi\/wp-json\/wp\/v2\/product_tag?post=31290"}],"curies":[{"name":"wp","href":"https:\/\/api.w.org\/{rel}","templated":true}]}}