{"id":31337,"date":"2026-02-13T16:17:21","date_gmt":"2026-02-13T14:17:21","guid":{"rendered":"https:\/\/toolhouse.fi\/?post_type=product&#038;p=31337"},"modified":"2026-02-16T15:54:01","modified_gmt":"2026-02-16T13:54:01","slug":"evolution-300-pro-55kw-400v-125bar","status":"publish","type":"product","link":"https:\/\/toolhouse.fi\/fi\/tuote\/evolution-300-pro-55kw-400v-125bar\/","title":{"rendered":"Evolution-300-PRO 5,5KW \/ 400V \/ 12,5bar"},"content":{"rendered":"<table>\n<tbody>\n<tr>\n<td><strong><span class=\"\">Valmistaja<\/span><\/strong><\/td>\n<td><strong>Evolution<\/strong><\/td>\n<\/tr>\n<tr>\n<td><strong>Malli<\/strong><\/td>\n<td><strong>300-pro<\/strong><\/td>\n<\/tr>\n<tr>\n<td><strong>Imutuotto (L\/Min)<\/strong><\/td>\n<td><strong>670<\/strong><\/td>\n<\/tr>\n<tr>\n<td><\/td>\n<td><\/td>\n<\/tr>\n<tr>\n<td><strong>Paine (bar)<\/strong><\/td>\n<td><strong>12,5<\/strong><\/td>\n<\/tr>\n<tr>\n<td><strong>Teho (kW\/HP)<\/strong><\/td>\n<td><strong>5,5 \/ 7,5<\/strong><\/td>\n<\/tr>\n<tr>\n<td><strong>S\u00e4ili\u00f6n Tilavuus (L)<\/strong><\/td>\n<td><strong>300<\/strong><\/td>\n<\/tr>\n<tr>\n<td><strong>Sylinteri m\u00e4\u00e4r\u00e4<\/strong><\/td>\n<td><strong>2 kpl<\/strong><\/td>\n<\/tr>\n<tr>\n<td><\/td>\n<td><\/td>\n<\/tr>\n<tr>\n<td><strong>Leveys (mm)<\/strong><\/td>\n<td><strong>520<\/strong><\/td>\n<\/tr>\n<tr>\n<td><strong>Korkeus (mm)<\/strong><\/td>\n<td><strong>1190<\/strong><\/td>\n<\/tr>\n<tr>\n<td><strong>Pituus (mm)<\/strong><\/td>\n<td><strong>1610<\/strong><\/td>\n<\/tr>\n<\/tbody>\n<\/table>\n<table>\n<tbody>\n<tr>\n<td><strong>Paino (kg<\/strong><strong>)<\/strong><strong style=\"font-family: inherit; font-size: inherit; color: #484f56;\">\u00a0 \u00a0 \u00a0 \u00a0 \u00a0 \u00a0 \u00a0<\/strong><\/td>\n<td><strong>220\u00a0 \u00a0 <\/strong><strong style=\"font-family: inherit; font-size: inherit; color: #484f56;\">\u00a0 \u00a0 \u00a0 \u00a0 \u00a0 \u00a0 \u00a0 \u00a0 \u00a0 \u00a0 \u00a0.<\/strong><\/td>\n<\/tr>\n<tr>\n<td><strong>J\u00e4nnite (V)<\/strong><\/td>\n<td><strong>400<\/strong><\/td>\n<\/tr>\n<tr>\n<td><\/td>\n<td><\/td>\n<\/tr>\n<tr>\n<td><strong>CE-hyv\u00e4ksytty<\/strong><\/td>\n<td><strong>Kyll\u00e4<\/strong><\/td>\n<\/tr>\n<tr>\n<td><strong>Takuu<\/strong><\/td>\n<td><strong>1 vuosi<\/strong><\/td>\n<\/tr>\n<\/tbody>\n<\/table>\n","protected":false},"excerpt":{"rendered":"<div class=\"flex flex-col text-sm\">\n<article class=\"text-token-text-primary w-full focus:outline-none [--shadow-height:45px] has-data-writing-block:pointer-events-none has-data-writing-block:-mt-(--shadow-height) has-data-writing-block:pt-(--shadow-height) [&amp;:has([data-writing-block])&gt;*]:pointer-events-auto scroll-mt-[calc(var(--header-height)+min(200px,max(70px,20svh)))]\" dir=\"auto\" tabindex=\"-1\" data-turn-id=\"request-WEB:a90fc8d8-a1c6-4e81-b224-651e3b777cac-116\" data-testid=\"conversation-turn-78\" data-scroll-anchor=\"true\" data-turn=\"assistant\">\n<div class=\"text-base my-auto mx-auto pb-10 [--thread-content-margin:--spacing(4)] @w-sm\/main:[--thread-content-margin:--spacing(6)] @w-lg\/main:[--thread-content-margin:--spacing(16)] px-(--thread-content-margin)\">\n<div class=\"[--thread-content-max-width:40rem] @w-lg\/main:[--thread-content-max-width:48rem] mx-auto max-w-(--thread-content-max-width) flex-1 group\/turn-messages focus-visible:outline-hidden relative flex w-full min-w-0 flex-col agent-turn\" tabindex=\"-1\">\n<div class=\"flex max-w-full flex-col grow\">\n<div class=\"min-h-8 text-message relative flex w-full flex-col items-end gap-2 text-start break-words whitespace-normal [.text-message+&amp;]:mt-1\" dir=\"auto\" data-message-author-role=\"assistant\" data-message-id=\"87f254f8-3f5e-409a-bf0a-126b0c80f028\" data-message-model-slug=\"gpt-5-2\">\n<div class=\"flex w-full flex-col gap-1 empty:hidden first:pt-[1px]\">\n<div class=\"markdown prose dark:prose-invert w-full wrap-break-word light markdown-new-styling\">\n<p data-start=\"39\" data-end=\"107\" data-is-last-node=\"\" data-is-only-node=\"\"><strong data-start=\"39\" data-end=\"107\" data-is-last-node=\"\">EVO-300 Pro \u2013 Tehokas kompressori kaksivaiheisella puristuksella<\/strong><\/p>\n<\/div>\n<\/div>\n<\/div>\n<\/div>\n<\/div>\n<\/div>\n<\/article>\n<\/div>\n<ul>\n<li data-start=\"123\" data-end=\"310\">Maksimipaine: 12,5 bar<\/li>\n<li data-start=\"123\" data-end=\"310\">Moottoriteho: 5,5 kW \/ 7,5 hv<\/li>\n<li data-start=\"123\" data-end=\"310\">S\u00e4ili\u00f6n tilavuus: 300 litraa<\/li>\n<li data-start=\"123\" data-end=\"310\">Imutuotto: 670 l\/min<\/li>\n<li data-start=\"123\" data-end=\"310\">Kaksivaiheinen puristus<\/li>\n<li data-start=\"123\" data-end=\"310\">2-sylinterinen<\/li>\n<\/ul>\n<p data-start=\"312\" data-end=\"520\">EVO-300 Pro on tehokas ja luotettava kompressori vaativaan k\u00e4ytt\u00f6\u00f6n. Kaksivaiheisen puristuksen ansiosta se tarjoaa korkean suorituskyvyn, paremman hy\u00f6tysuhteen ja tasaisen ilmanpaineen jopa 12,5 bariin asti.<\/p>\n<p data-start=\"522\" data-end=\"692\">Suuri 300 litran s\u00e4ili\u00f6 yhdess\u00e4 670 l\/min imutuoton kanssa tekee siit\u00e4 erinomaisen valinnan ty\u00f6kaluille ja t\u00f6ihin, jotka vaativat tasaista ja runsasta paineilman sy\u00f6tt\u00f6\u00e4.<\/p>\n<p data-start=\"694\" data-end=\"851\">Nelj\u00e4 py\u00f6r\u00e4\u00e4 takaavat paremman vakauden ja tekev\u00e4t kompressorista helpon siirt\u00e4\u00e4. Toisin kuin kolmipy\u00f6r\u00e4iset mallit, EVO-300 Pro seisoo tukevasti eik\u00e4 kaadu.<\/p>\n<p data-start=\"17\" data-end=\"113\">Suuri vauhtipy\u00f6r\u00e4 sek\u00e4 suuret v\u00e4li- ja j\u00e4lkij\u00e4\u00e4hdyttimet varmistavat tehokkaan j\u00e4\u00e4hdytyksen. Hihnapy\u00f6r\u00e4t ja sylinterit on valmistettu valuraudasta.<\/p>\n<div class=\"flex flex-col text-sm\">\n<article class=\"text-token-text-primary w-full focus:outline-none [--shadow-height:45px] has-data-writing-block:pointer-events-none has-data-writing-block:-mt-(--shadow-height) has-data-writing-block:pt-(--shadow-height) [&amp;:has([data-writing-block])&gt;*]:pointer-events-auto scroll-mt-[calc(var(--header-height)+min(200px,max(70px,20svh)))]\" dir=\"auto\" tabindex=\"-1\" data-turn-id=\"request-WEB:c64fd88a-5c89-4169-9bc5-4a639cd24fd2-7\" data-testid=\"conversation-turn-16\" data-scroll-anchor=\"true\" data-turn=\"assistant\">\n<div class=\"text-base my-auto mx-auto pb-10 [--thread-content-margin:--spacing(4)] @w-sm\/main:[--thread-content-margin:--spacing(6)] @w-lg\/main:[--thread-content-margin:--spacing(16)] px-(--thread-content-margin)\">\n<div class=\"[--thread-content-max-width:40rem] @w-lg\/main:[--thread-content-max-width:48rem] mx-auto max-w-(--thread-content-max-width) flex-1 group\/turn-messages focus-visible:outline-hidden relative flex w-full min-w-0 flex-col agent-turn\" tabindex=\"-1\">\n<div class=\"z-0 flex min-h-[46px] justify-start\"><\/div>\n<div class=\"mt-3 w-full empty:hidden\">\n<div class=\"text-center\"><\/div>\n<\/div>\n<\/div>\n<\/div>\n<\/article>\n<\/div>\n<div class=\"pointer-events-none h-px w-px absolute bottom-0\" aria-hidden=\"true\" data-edge=\"true\"><\/div>\n<h3 data-start=\"853\" data-end=\"872\">Valmis k\u00e4ytt\u00f6\u00f6n<\/h3>\n<ul>\n<li>Paineens\u00e4\u00e4din kahdella l\u00e4ht\u00f6liit\u00e4nn\u00e4ll\u00e4.<\/li>\n<li>L\u00e4ht\u00f6liitin suoraan s\u00e4ili\u00f6st\u00e4.<\/li>\n<li>Valmius nelj\u00e4lle lis\u00e4l\u00e4ht\u00f6liit\u00e4nn\u00e4lle\u00a0 (3x 1\/2&#8243;, 1x 1\/4&#8243;)<\/li>\n<li data-start=\"999\" data-end=\"1051\">S\u00e4hk\u00f6johto ja 16 A pistotulppa valmiiksi asennettu<\/li>\n<\/ul>\n<p data-pm-slice=\"1 1 []\">\n","protected":false},"featured_media":31356,"template":"","meta":{"_acf_changed":false,"_seopress_robots_primary_cat":"none","_seopress_titles_title":"","_seopress_titles_desc":"","_seopress_robots_index":""},"product_cat":[217,322],"product_tag":[],"class_list":{"0":"post-31337","1":"product","2":"type-product","3":"status-publish","4":"has-post-thumbnail","6":"product_cat-kompressori-ja-paineilma","7":"product_cat-kompressorit","9":"first","10":"instock","11":"taxable","12":"shipping-taxable","13":"purchasable","14":"product-type-simple","swatches":"rey-swatches","show_selected":""},"acf":[],"_links":{"self":[{"href":"https:\/\/toolhouse.fi\/fi\/wp-json\/wp\/v2\/product\/31337","targetHints":{"allow":["GET"]}}],"collection":[{"href":"https:\/\/toolhouse.fi\/fi\/wp-json\/wp\/v2\/product"}],"about":[{"href":"https:\/\/toolhouse.fi\/fi\/wp-json\/wp\/v2\/types\/product"}],"version-history":[{"count":5,"href":"https:\/\/toolhouse.fi\/fi\/wp-json\/wp\/v2\/product\/31337\/revisions"}],"predecessor-version":[{"id":31455,"href":"https:\/\/toolhouse.fi\/fi\/wp-json\/wp\/v2\/product\/31337\/revisions\/31455"}],"wp:featuredmedia":[{"embeddable":true,"href":"https:\/\/toolhouse.fi\/fi\/wp-json\/wp\/v2\/media\/31356"}],"wp:attachment":[{"href":"https:\/\/toolhouse.fi\/fi\/wp-json\/wp\/v2\/media?parent=31337"}],"wp:term":[{"taxonomy":"product_cat","embeddable":true,"href":"https:\/\/toolhouse.fi\/fi\/wp-json\/wp\/v2\/product_cat?post=31337"},{"taxonomy":"product_tag","embeddable":true,"href":"https:\/\/toolhouse.fi\/fi\/wp-json\/wp\/v2\/product_tag?post=31337"}],"curies":[{"name":"wp","href":"https:\/\/api.w.org\/{rel}","templated":true}]}}