{"id":31358,"date":"2026-02-14T13:02:09","date_gmt":"2026-02-14T11:02:09","guid":{"rendered":"https:\/\/toolhouse.fi\/?post_type=product&#038;p=31358"},"modified":"2026-02-16T14:17:46","modified_gmt":"2026-02-16T12:17:46","slug":"ruuvipenkki-150mm-14kg","status":"publish","type":"product","link":"https:\/\/toolhouse.fi\/fi\/tuote\/ruuvipenkki-150mm-14kg\/","title":{"rendered":"Ruuvipenkki 150mm, 14kg"},"content":{"rendered":"","protected":false},"excerpt":{"rendered":"<p data-start=\"35\" data-end=\"102\"><strong data-start=\"35\" data-end=\"102\">Eritt\u00e4in vankka ruuvipuristin, leukaleveys 150 mm, paino 14 kg.<\/strong><\/p>\n<p data-start=\"104\" data-end=\"264\">Varustettu suurella taontatasolla (90&#215;90 mm), trapetsikierteell\u00e4 ja karkaistuilla leuoilla \u2013 kest\u00e4v\u00e4 ja monipuolinen valinta vaativaan k\u00e4ytt\u00f6\u00f6n.<\/p>\n<p data-start=\"266\" data-end=\"286\"><strong data-start=\"266\" data-end=\"286\">Tekniset tiedot:<\/strong><\/p>\n<ul>\n<li data-start=\"290\" data-end=\"308\">Paino: 14 kg<\/li>\n<li data-start=\"311\" data-end=\"341\">Leuan leveys: 150 mm (6\u2033)<\/li>\n<li data-start=\"344\" data-end=\"369\">Aukeama: 125 mm<\/li>\n<li data-start=\"372\" data-end=\"391\">Kitasyvyys: 70 mm<\/li>\n<li data-start=\"394\" data-end=\"427\">Taontataso: 90 x 90 mm<\/li>\n<li data-start=\"394\" data-end=\"427\">Pituus: 378 mm<\/li>\n<li data-start=\"394\" data-end=\"427\">Korkeus: 181 mm<\/li>\n<li data-start=\"430\" data-end=\"457\">Materiaali: Valurauta<\/li>\n<li>Karkaistu ja hammastettu leuka.<\/li>\n<li data-start=\"460\" data-end=\"515\">K\u00e4\u00e4ntyv\u00e4 jalusta<\/li>\n<li data-start=\"550\" data-end=\"587\">Valmistaja: Smart equipment<\/li>\n<\/ul>\n","protected":false},"featured_media":26232,"template":"","meta":{"_acf_changed":false,"_seopress_robots_primary_cat":"none","_seopress_titles_title":"","_seopress_titles_desc":"","_seopress_robots_index":""},"product_cat":[720,348,337,40],"product_tag":[],"class_list":{"0":"post-31358","1":"product","2":"type-product","3":"status-publish","4":"has-post-thumbnail","6":"product_cat-koneruuvipuristimet","7":"product_cat-ruuvipenkit","8":"product_cat-tyokalut","9":"product_cat-korjaamolaitteet","11":"first","12":"instock","13":"taxable","14":"shipping-taxable","15":"purchasable","16":"product-type-simple","swatches":"rey-swatches","show_selected":""},"acf":[],"_links":{"self":[{"href":"https:\/\/toolhouse.fi\/fi\/wp-json\/wp\/v2\/product\/31358","targetHints":{"allow":["GET"]}}],"collection":[{"href":"https:\/\/toolhouse.fi\/fi\/wp-json\/wp\/v2\/product"}],"about":[{"href":"https:\/\/toolhouse.fi\/fi\/wp-json\/wp\/v2\/types\/product"}],"version-history":[{"count":2,"href":"https:\/\/toolhouse.fi\/fi\/wp-json\/wp\/v2\/product\/31358\/revisions"}],"predecessor-version":[{"id":31441,"href":"https:\/\/toolhouse.fi\/fi\/wp-json\/wp\/v2\/product\/31358\/revisions\/31441"}],"wp:featuredmedia":[{"embeddable":true,"href":"https:\/\/toolhouse.fi\/fi\/wp-json\/wp\/v2\/media\/26232"}],"wp:attachment":[{"href":"https:\/\/toolhouse.fi\/fi\/wp-json\/wp\/v2\/media?parent=31358"}],"wp:term":[{"taxonomy":"product_cat","embeddable":true,"href":"https:\/\/toolhouse.fi\/fi\/wp-json\/wp\/v2\/product_cat?post=31358"},{"taxonomy":"product_tag","embeddable":true,"href":"https:\/\/toolhouse.fi\/fi\/wp-json\/wp\/v2\/product_tag?post=31358"}],"curies":[{"name":"wp","href":"https:\/\/api.w.org\/{rel}","templated":true}]}}