{"id":31362,"date":"2026-02-14T15:10:10","date_gmt":"2026-02-14T13:10:10","guid":{"rendered":"https:\/\/toolhouse.fi\/?post_type=product&#038;p=31362"},"modified":"2026-02-16T16:33:30","modified_gmt":"2026-02-16T14:33:30","slug":"sm26jf-pro-10-24%e2%80%b3","status":"publish","type":"product","link":"https:\/\/toolhouse.fi\/fi\/tuote\/sm26jf-pro-10-24%e2%80%b3\/","title":{"rendered":"SM26JF PRO 10-24\u2033"},"content":{"rendered":"<table class=\"n54117_dictionary\">\n<tbody>\n<tr>\n<td class=\"n54117_item_a1\">Malli:<\/td>\n<td class=\"n54117_item_b1\">\n<div class=\"n54117_item_b_sub\">Smart equipment SM26JF PRO<\/div>\n<\/td>\n<\/tr>\n<tr>\n<td class=\"n54117_item_a2\"><span style=\"color: #333333;\"><span class=\"n67256colon\">J\u00e4nnite:<\/span><\/span><\/td>\n<td class=\"n54117_item_b2\">\n<div class=\"n54117_item_b_sub\"><span style=\"color: #333333;\">230V<\/span><\/div>\n<\/td>\n<\/tr>\n<tr>\n<td class=\"n54117_item_a1\"><span style=\"color: #333333;\">Py\u00f6rimisnopeus:<\/span><\/td>\n<td class=\"n54117_item_b1\">\n<div class=\"n54117_item_b_sub\"><span style=\"color: #333333;\">6<\/span><\/div>\n<\/td>\n<\/tr>\n<tr>\n<td class=\"n54117_item_a2\"><span style=\"color: #333333;\">Puristuspaine:<\/span><\/td>\n<td class=\"n54117_item_b2\">\n<div class=\"n54117_item_b_sub\"><span style=\"color: #333333;\">2500 kg<\/span><\/div>\n<\/td>\n<\/tr>\n<tr>\n<td class=\"n54117_item_a1\"><span style=\"color: #333333;\">Py\u00f6r\u00e4n maksimihalkaisija:<\/span><\/td>\n<td class=\"n54117_item_b1\">\n<div class=\"n54117_item_b_sub\"><span style=\"color: #333333;\">1040 mm<\/span><\/div>\n<\/td>\n<\/tr>\n<tr>\n<td class=\"n54117_item_a2\"><span style=\"color: #333333;\">Py\u00f6r\u00e4n maksimileveys:<\/span><\/td>\n<td class=\"n54117_item_b2\">\n<div class=\"n54117_item_b_sub\"><span style=\"color: #333333;\">355 mm<\/span><\/div>\n<\/td>\n<\/tr>\n<tr>\n<td class=\"n54117_item_a1\"><span style=\"color: #333333;\">Vanteen koko (sis\u00e4):<\/span><\/td>\n<td class=\"n54117_item_b1\">\n<div class=\"n54117_item_b_sub\"><span style=\"color: #333333;\">12 \u201c- 24\u201d<\/span><\/div>\n<\/td>\n<\/tr>\n<tr>\n<td class=\"n54117_item_a2\"><span style=\"color: #333333;\">Vanteen koko (ulko):<\/span><\/td>\n<td class=\"n54117_item_b2\">\n<div class=\"n54117_item_b_sub\"><span style=\"color: #333333;\">10 \u201c- 21\u201d<\/span><\/div>\n<\/td>\n<\/tr>\n<tr>\n<td class=\"n54117_item_a1\"><span style=\"color: #333333;\">Ilmanpaine:<\/span><\/td>\n<td class=\"n54117_item_b1\">\n<div class=\"n54117_item_b_sub\"><span style=\"color: #333333;\">8 \u2013 10 Bar<\/span><\/div>\n<\/td>\n<\/tr>\n<tr>\n<td class=\"n54117_item_a2\"><span style=\"color: #333333;\">Melutaso:<\/span><\/td>\n<td class=\"n54117_item_b2\">\n<div class=\"n54117_item_b_sub\"><span style=\"color: #333333;\">&lt;75 dB<\/span><\/div>\n<\/td>\n<\/tr>\n<tr>\n<td class=\"n54117_item_a1\"><span style=\"color: #333333;\">Teho:<\/span><\/td>\n<td class=\"n54117_item_b1\">\n<div class=\"n54117_item_b_sub\"><span style=\"color: #333333;\">0,75 kW<\/span><\/div>\n<\/td>\n<\/tr>\n<tr>\n<td class=\"n54117_item_a2\"><\/td>\n<td class=\"n54117_item_b2\">\n<div class=\"n54117_item_b_sub\"><\/div>\n<\/td>\n<\/tr>\n<tr>\n<td class=\"n54117_item_a1\"><\/td>\n<td class=\"n54117_item_b1\">\n<div class=\"n54117_item_b_sub\"><\/div>\n<\/td>\n<\/tr>\n<tr>\n<td class=\"n54117_item_a2\"><\/td>\n<td class=\"n54117_item_b2\">\n<div class=\"n54117_item_b_sub\"><\/div>\n<\/td>\n<\/tr>\n<tr>\n<td class=\"n54117_item_a1\"><span style=\"color: #333333;\">Vakiovarusteet:<\/span><\/td>\n<td class=\"n54117_item_b1\"><span style=\"color: #333333;\">Apuvarret, rulla \/ apuk\u00e4si<\/span><\/p>\n<p class=\"product-title\"><span style=\"color: #333333;\">Paineens\u00e4\u00e4din vedenerottimella ja \u00f6ljystimell\u00e4<\/span><\/p>\n<p><span style=\"color: #333333;\">Renkaant\u00e4ytt\u00f6laite\u00a0<\/span><\/p>\n<p><span style=\"color: #333333;\"><span lang=\"fi-FI\">Muovisuojukset asennusp\u00e4\u00e4h\u00e4n<\/span><\/span><\/p>\n<p>Palteenirroittajan suoja<\/p>\n<p><span style=\"color: #333333;\">Muovisuojat k\u00e4p\u00e4liin<\/span><\/p>\n<p><span style=\"color: #333333;\">Rengasrauta rft 50cm<\/span><\/td>\n<\/tr>\n<tr>\n<td class=\"n54117_item_a2\"><span style=\"color: #333333;\"><span class=\"n67256colon\">Paino:<\/span><\/span><\/td>\n<td class=\"n54117_item_b2\">\n<div class=\"n54117_item_b_sub\"><span style=\"color: #333333;\">230 kg<\/span><\/div>\n<\/td>\n<\/tr>\n<tr>\n<td class=\"n54117_item_a1\"><span style=\"color: #333333;\">Takuu\u00a0<span class=\"n67256colon\">:<\/span><\/span><\/p>\n<p><span style=\"color: #333333;\">CE-hyv\u00e4ksytty<\/span><\/td>\n<td class=\"n54117_item_b1\">\n<div class=\"n54117_item_b_sub\"><span style=\"color: #333333;\">1 vuosi<\/span><\/div>\n<div><span style=\"color: #333333;\">Kyll\u00e4<\/span><\/div>\n<\/td>\n<\/tr>\n<\/tbody>\n<\/table>\n","protected":false},"excerpt":{"rendered":"<p data-start=\"50\" data-end=\"90\"><strong data-start=\"50\" data-end=\"90\">Rengaskone apuvarrella SM26JF PRO<\/strong><\/p>\n<p data-start=\"50\" data-end=\"90\">SM26JF PRO on varustettu kahdella pneumaattisella apuvarrella, jotka helpottavat merkitt\u00e4v\u00e4sti matalaprofiilirenkaiden k\u00e4sittely\u00e4.<\/p>\n<ul>\n<li data-start=\"94\" data-end=\"170\">Apuvarret: rulla \/ apuk\u00e4si<\/li>\n<li data-start=\"173\" data-end=\"213\">Vanteen koko (sis\u00e4): 12&#8243;\u201324&#8243;<\/li>\n<li data-start=\"216\" data-end=\"255\">Vanteen koko (ulko): 10&#8243;\u201321&#8243;<\/li>\n<li data-start=\"258\" data-end=\"297\">Maksimi py\u00f6r\u00e4n halkaisija: 1040 mm<\/li>\n<li data-start=\"300\" data-end=\"336\">Maksimi py\u00f6r\u00e4n leveys: 355 mm<\/li>\n<li data-start=\"339\" data-end=\"367\">Puristusvoima: 2500 kg<\/li>\n<li data-start=\"421\" data-end=\"444\">Virtal\u00e4hde: 230 V<\/li>\n<li data-start=\"447\" data-end=\"466\">Paino: 230 kg<\/li>\n<\/ul>\n<p data-start=\"383\" data-end=\"401\"><strong>Vakiovarusteet<\/strong><\/p>\n<ul>\n<li data-start=\"404\" data-end=\"422\">Ilmant\u00e4ytt\u00f6laite<\/li>\n<li data-start=\"425\" data-end=\"452\">Muovisuojat asennusp\u00e4\u00e4lle<\/li>\n<li data-start=\"455\" data-end=\"493\">Muovisuojat p\u00f6yd\u00e4n kiinnityskynsille<\/li>\n<li data-start=\"496\" data-end=\"532\">Muovisuojus palteenirrottajalle<\/li>\n<li data-start=\"535\" data-end=\"548\">Rengasrauta 50cm<\/li>\n<\/ul>\n","protected":false},"featured_media":31390,"template":"","meta":{"_acf_changed":false,"_seopress_robots_primary_cat":"none","_seopress_titles_title":"","_seopress_titles_desc":"","_seopress_robots_index":""},"product_cat":[188,39,566],"product_tag":[],"class_list":{"0":"post-31362","1":"product","2":"type-product","3":"status-publish","4":"has-post-thumbnail","6":"product_cat-rengaskoneet","7":"product_cat-rengastyo","8":"product_cat-renkaan-asennuskoneet","10":"first","11":"instock","12":"sale","13":"taxable","14":"shipping-taxable","15":"purchasable","16":"product-type-simple","swatches":"rey-swatches","show_selected":""},"acf":[],"_links":{"self":[{"href":"https:\/\/toolhouse.fi\/fi\/wp-json\/wp\/v2\/product\/31362","targetHints":{"allow":["GET"]}}],"collection":[{"href":"https:\/\/toolhouse.fi\/fi\/wp-json\/wp\/v2\/product"}],"about":[{"href":"https:\/\/toolhouse.fi\/fi\/wp-json\/wp\/v2\/types\/product"}],"version-history":[{"count":5,"href":"https:\/\/toolhouse.fi\/fi\/wp-json\/wp\/v2\/product\/31362\/revisions"}],"predecessor-version":[{"id":31457,"href":"https:\/\/toolhouse.fi\/fi\/wp-json\/wp\/v2\/product\/31362\/revisions\/31457"}],"wp:featuredmedia":[{"embeddable":true,"href":"https:\/\/toolhouse.fi\/fi\/wp-json\/wp\/v2\/media\/31390"}],"wp:attachment":[{"href":"https:\/\/toolhouse.fi\/fi\/wp-json\/wp\/v2\/media?parent=31362"}],"wp:term":[{"taxonomy":"product_cat","embeddable":true,"href":"https:\/\/toolhouse.fi\/fi\/wp-json\/wp\/v2\/product_cat?post=31362"},{"taxonomy":"product_tag","embeddable":true,"href":"https:\/\/toolhouse.fi\/fi\/wp-json\/wp\/v2\/product_tag?post=31362"}],"curies":[{"name":"wp","href":"https:\/\/api.w.org\/{rel}","templated":true}]}}