{"id":31462,"date":"2026-02-16T16:57:06","date_gmt":"2026-02-16T14:57:06","guid":{"rendered":"https:\/\/toolhouse.fi\/?post_type=product&#038;p=31462"},"modified":"2026-02-16T17:00:31","modified_gmt":"2026-02-16T15:00:31","slug":"asennuspaan-muovisuojus-sm26jf-pro","status":"publish","type":"product","link":"https:\/\/toolhouse.fi\/fi\/tuote\/asennuspaan-muovisuojus-sm26jf-pro\/","title":{"rendered":"Asennusp\u00e4\u00e4n muovisuojus SM26JF PRO"},"content":{"rendered":"","protected":false},"excerpt":{"rendered":"<p>Muovisuojat est\u00e4m\u00e4\u00e4n vanteen naarmuuntumista.<br \/>\nSarja sis\u00e4lt\u00e4\u00e4 suuren ja pienen muovisuojan.<br \/>\nSopii: SM26JF PRO<\/p>\n","protected":false},"featured_media":31464,"template":"","meta":{"_acf_changed":false,"_seopress_robots_primary_cat":"none","_seopress_titles_title":"","_seopress_titles_desc":"","_seopress_robots_index":""},"product_cat":[475,39],"product_tag":[],"class_list":{"0":"post-31462","1":"product","2":"type-product","3":"status-publish","4":"has-post-thumbnail","6":"product_cat-lisavarusteet-ja-varaosat","7":"product_cat-rengastyo","9":"first","10":"instock","11":"taxable","12":"shipping-taxable","13":"purchasable","14":"product-type-simple","swatches":"rey-swatches","show_selected":""},"acf":[],"_links":{"self":[{"href":"https:\/\/toolhouse.fi\/fi\/wp-json\/wp\/v2\/product\/31462","targetHints":{"allow":["GET"]}}],"collection":[{"href":"https:\/\/toolhouse.fi\/fi\/wp-json\/wp\/v2\/product"}],"about":[{"href":"https:\/\/toolhouse.fi\/fi\/wp-json\/wp\/v2\/types\/product"}],"version-history":[{"count":1,"href":"https:\/\/toolhouse.fi\/fi\/wp-json\/wp\/v2\/product\/31462\/revisions"}],"predecessor-version":[{"id":31466,"href":"https:\/\/toolhouse.fi\/fi\/wp-json\/wp\/v2\/product\/31462\/revisions\/31466"}],"wp:featuredmedia":[{"embeddable":true,"href":"https:\/\/toolhouse.fi\/fi\/wp-json\/wp\/v2\/media\/31464"}],"wp:attachment":[{"href":"https:\/\/toolhouse.fi\/fi\/wp-json\/wp\/v2\/media?parent=31462"}],"wp:term":[{"taxonomy":"product_cat","embeddable":true,"href":"https:\/\/toolhouse.fi\/fi\/wp-json\/wp\/v2\/product_cat?post=31462"},{"taxonomy":"product_tag","embeddable":true,"href":"https:\/\/toolhouse.fi\/fi\/wp-json\/wp\/v2\/product_tag?post=31462"}],"curies":[{"name":"wp","href":"https:\/\/api.w.org\/{rel}","templated":true}]}}