{"id":31468,"date":"2026-02-16T17:28:51","date_gmt":"2026-02-16T15:28:51","guid":{"rendered":"https:\/\/toolhouse.fi\/?post_type=product&#038;p=31468"},"modified":"2026-02-16T17:51:30","modified_gmt":"2026-02-16T15:51:30","slug":"palteennostin-12l-smart-equipment","status":"publish","type":"product","link":"https:\/\/toolhouse.fi\/fi\/tuote\/palteennostin-12l-smart-equipment\/","title":{"rendered":"Palteennostin 12L Smart equipment"},"content":{"rendered":"<table class=\"n54117_dictionary\">\n<tbody>\n<tr>\n<td class=\"n54117_item_a1\">Valmistaja\u00a0<span class=\"n67256colon\">:<\/span><\/td>\n<td class=\"n54117_item_b1\">\n<div class=\"n54117_item_b_sub\">Smart equipment<\/div>\n<\/td>\n<\/tr>\n<tr>\n<td class=\"n54117_item_a2\">S\u00e4ili\u00f6\u00a0<span class=\"n67256colon\">:<\/span><\/td>\n<td class=\"n54117_item_b2\">\n<div class=\"n54117_item_b_sub\">12 L.<\/div>\n<\/td>\n<\/tr>\n<tr>\n<td class=\"n54117_item_a1\">Max paine\u00a0<span class=\"n67256colon\">:<\/span><\/td>\n<td class=\"n54117_item_b1\">\n<div class=\"n54117_item_b_sub\">10 Bar<\/div>\n<\/td>\n<\/tr>\n<tr>\n<td class=\"n54117_item_a2\">CE hyv\u00e4ksytty<\/td>\n<td class=\"n54117_item_b2\">\n<div class=\"n54117_item_b_sub\">kyll\u00e4<\/div>\n<\/td>\n<\/tr>\n<tr>\n<td class=\"n54117_item_a1\">Mitat(PxLxK)<\/p>\n<p>Ty\u00f6paine\u00a0<span class=\"n67256colon\">:<\/span><\/td>\n<td class=\"n54117_item_b1\">\n<div>700x150x200 mm<\/div>\n<div class=\"n54117_item_b_sub\">8 Bar<\/div>\n<\/td>\n<\/tr>\n<tr>\n<td class=\"n54117_item_a2\">Ylipaineventtiili\u00a0<span class=\"n67256colon\">:<\/span><\/p>\n<p>Paino:<\/td>\n<td class=\"n54117_item_b2\">\n<div class=\"n54117_item_b_sub\">kyll\u00e4<\/div>\n<div>6,3 kg<\/div>\n<\/td>\n<\/tr>\n<tr>\n<td class=\"n54117_item_a1\">Takuu\u00a0<span class=\"n67256colon\">:<\/span><\/td>\n<td class=\"n54117_item_b1\">\n<div class=\"n54117_item_b_sub\">1 vuosi<\/div>\n<\/td>\n<\/tr>\n<\/tbody>\n<\/table>\n","protected":false},"excerpt":{"rendered":"<p>Kompakti ja tehokas 12 litran Ilmaiskulaite\u00a0, ihanteellinen henkil\u00f6- ja pakettiauton renkaisiin.<\/p>\n<ul>\n<li>Tukevat kahvat tekev\u00e4t k\u00e4yt\u00f6st\u00e4 mukavaa ja helppoa<\/li>\n<li>Varustettu ylipaineventtiilill\u00e4 turvallista k\u00e4ytt\u00f6\u00e4 varten<\/li>\n<li>Selke\u00e4 painemittari takaa tarkan ilmanpaineen hallinnan<\/li>\n<\/ul>\n","protected":false},"featured_media":31479,"template":"","meta":{"_acf_changed":false,"_seopress_robots_primary_cat":"none","_seopress_titles_title":"","_seopress_titles_desc":"","_seopress_robots_index":""},"product_cat":[309,39],"product_tag":[],"class_list":{"0":"post-31468","1":"product","2":"type-product","3":"status-publish","4":"has-post-thumbnail","6":"product_cat-palteennostin","7":"product_cat-rengastyo","9":"first","10":"instock","11":"taxable","12":"shipping-taxable","13":"purchasable","14":"product-type-simple","swatches":"rey-swatches","show_selected":""},"acf":[],"_links":{"self":[{"href":"https:\/\/toolhouse.fi\/fi\/wp-json\/wp\/v2\/product\/31468","targetHints":{"allow":["GET"]}}],"collection":[{"href":"https:\/\/toolhouse.fi\/fi\/wp-json\/wp\/v2\/product"}],"about":[{"href":"https:\/\/toolhouse.fi\/fi\/wp-json\/wp\/v2\/types\/product"}],"version-history":[{"count":2,"href":"https:\/\/toolhouse.fi\/fi\/wp-json\/wp\/v2\/product\/31468\/revisions"}],"predecessor-version":[{"id":31482,"href":"https:\/\/toolhouse.fi\/fi\/wp-json\/wp\/v2\/product\/31468\/revisions\/31482"}],"wp:featuredmedia":[{"embeddable":true,"href":"https:\/\/toolhouse.fi\/fi\/wp-json\/wp\/v2\/media\/31479"}],"wp:attachment":[{"href":"https:\/\/toolhouse.fi\/fi\/wp-json\/wp\/v2\/media?parent=31468"}],"wp:term":[{"taxonomy":"product_cat","embeddable":true,"href":"https:\/\/toolhouse.fi\/fi\/wp-json\/wp\/v2\/product_cat?post=31468"},{"taxonomy":"product_tag","embeddable":true,"href":"https:\/\/toolhouse.fi\/fi\/wp-json\/wp\/v2\/product_tag?post=31468"}],"curies":[{"name":"wp","href":"https:\/\/api.w.org\/{rel}","templated":true}]}}