{"id":31520,"date":"2026-02-17T15:06:59","date_gmt":"2026-02-17T13:06:59","guid":{"rendered":"https:\/\/toolhouse.fi\/?post_type=product&#038;p=31520"},"modified":"2026-02-17T15:46:06","modified_gmt":"2026-02-17T13:46:06","slug":"katkaisukone-75-mm-rotake","status":"publish","type":"product","link":"https:\/\/toolhouse.fi\/fi\/tuote\/katkaisukone-75-mm-rotake\/","title":{"rendered":"Katkaisukone 75 mm Rotake"},"content":{"rendered":"","protected":false},"excerpt":{"rendered":"<p data-start=\"59\" data-end=\"109\"><strong data-start=\"59\" data-end=\"107\">ROTAKE RT3701-C \u2013 pneumaattinen katkaisukone<\/strong><\/p>\n<p data-start=\"111\" data-end=\"427\">Tehokas ja kevyt katkaisukone (0,77 kg), t\u00e4ydellinen kori- ja metallity\u00f6h\u00f6n. Jopa 20 000 kierroksen\/min nopeudella se leikkaa nopeasti ja tehokkaasti pelti\u00e4, ruuveja, putkia, muovia ja komposiittimateriaaleja. Pehme\u00e4 kumip\u00e4\u00e4llysteinen kahva tekee koneesta helpon ja miellytt\u00e4v\u00e4n k\u00e4ytt\u00e4\u00e4 my\u00f6s pidemp\u00e4\u00e4n ty\u00f6skennelt\u00e4ess\u00e4.<\/p>\n<p data-start=\"111\" data-end=\"427\">\n<h3 data-start=\"429\" data-end=\"440\">Edut:<\/h3>\n<ul>\n<li data-start=\"443\" data-end=\"501\">Pieni ja k\u00e4tev\u00e4\u2013 helppo k\u00e4ytt\u00e4\u00e4 my\u00f6s ahtaissa tiloissa<\/li>\n<li data-start=\"482\" data-end=\"506\">\n<p data-start=\"484\" data-end=\"506\">Mukava ja pit\u00e4v\u00e4 ote<\/p>\n<\/li>\n<li>Korkea kierrosnopeus nopeaan leikkaukseen<\/li>\n<li data-start=\"503\" data-end=\"579\">\n<p data-start=\"505\" data-end=\"579\">Monipuolinen \u2013 soveltuu metallille, pellille, muoville ja komposiiteille<\/p>\n<\/li>\n<\/ul>\n<h3 data-start=\"642\" data-end=\"664\">Tekniset tiedot:<\/h3>\n<ul>\n<li data-start=\"667\" data-end=\"695\">Laikan halkaisija: 3&#8243; (75 mm)<\/li>\n<li data-start=\"698\" data-end=\"736\">Py\u00f6rimisnopeus: 20 000 kierrosta\/min<\/li>\n<li data-start=\"739\" data-end=\"767\">Ty\u00f6paine: 90 psi \/ 6,2 bar<\/li>\n<li data-start=\"770\" data-end=\"795\">Ilmankulutus: 140 l\/min<\/li>\n<li data-start=\"798\" data-end=\"814\">Paino: 0,77 kg<\/li>\n<li data-start=\"817\" data-end=\"833\">Pituus: 185 mm<\/li>\n<\/ul>\n","protected":false},"featured_media":31509,"template":"","meta":{"_acf_changed":false,"_seopress_robots_primary_cat":"none","_seopress_titles_title":"","_seopress_titles_desc":"","_seopress_robots_index":""},"product_cat":[217,331],"product_tag":[],"class_list":{"0":"post-31520","1":"product","2":"type-product","3":"status-publish","4":"has-post-thumbnail","6":"product_cat-kompressori-ja-paineilma","7":"product_cat-muut-paineilmalaitteet","9":"first","10":"instock","11":"taxable","12":"shipping-taxable","13":"purchasable","14":"product-type-simple","swatches":"rey-swatches","show_selected":""},"acf":[],"_links":{"self":[{"href":"https:\/\/toolhouse.fi\/fi\/wp-json\/wp\/v2\/product\/31520","targetHints":{"allow":["GET"]}}],"collection":[{"href":"https:\/\/toolhouse.fi\/fi\/wp-json\/wp\/v2\/product"}],"about":[{"href":"https:\/\/toolhouse.fi\/fi\/wp-json\/wp\/v2\/types\/product"}],"version-history":[{"count":2,"href":"https:\/\/toolhouse.fi\/fi\/wp-json\/wp\/v2\/product\/31520\/revisions"}],"predecessor-version":[{"id":31527,"href":"https:\/\/toolhouse.fi\/fi\/wp-json\/wp\/v2\/product\/31520\/revisions\/31527"}],"wp:featuredmedia":[{"embeddable":true,"href":"https:\/\/toolhouse.fi\/fi\/wp-json\/wp\/v2\/media\/31509"}],"wp:attachment":[{"href":"https:\/\/toolhouse.fi\/fi\/wp-json\/wp\/v2\/media?parent=31520"}],"wp:term":[{"taxonomy":"product_cat","embeddable":true,"href":"https:\/\/toolhouse.fi\/fi\/wp-json\/wp\/v2\/product_cat?post=31520"},{"taxonomy":"product_tag","embeddable":true,"href":"https:\/\/toolhouse.fi\/fi\/wp-json\/wp\/v2\/product_tag?post=31520"}],"curies":[{"name":"wp","href":"https:\/\/api.w.org\/{rel}","templated":true}]}}