{"id":31549,"date":"2026-02-17T16:45:02","date_gmt":"2026-02-17T14:45:02","guid":{"rendered":"https:\/\/toolhouse.fi\/?post_type=product&#038;p=31549"},"modified":"2026-02-18T13:37:36","modified_gmt":"2026-02-18T11:37:36","slug":"silent-laakerin-tyokalusarja-bmw","status":"publish","type":"product","link":"https:\/\/toolhouse.fi\/fi\/tuote\/silent-laakerin-tyokalusarja-bmw\/","title":{"rendered":"Silent-laakerin ty\u00f6kalusarja BMW"},"content":{"rendered":"","protected":false},"excerpt":{"rendered":"<p data-start=\"0\" data-end=\"34\"><strong data-start=\"0\" data-end=\"34\">BMW Silent-laakerin ty\u00f6kalusarja<\/strong><\/p>\n<p data-start=\"36\" data-end=\"233\">Ty\u00f6kalusarja pallonivelten, silent-laakerien (ns. narinahelat) ja puslien irrotukseen ja asennukseen useisiin BMW-malleihin, mukaan lukien 1-, 3-, 5-, 6-, 7- ja 8-sarjat sek\u00e4 Z4 ja MINI Cooper S R53.<\/p>\n<p data-start=\"235\" data-end=\"247\"><strong data-start=\"235\" data-end=\"247\">Sis\u00e4lt\u00f6:<\/strong><\/p>\n<ul>\n<li data-start=\"251\" data-end=\"308\">Kara M12 x 1,5 laakeroidulla mutterilla, pituus: 225 mm<\/li>\n<li data-start=\"251\" data-end=\"308\">V\u00e4\u00e4nti\u00f6 kuusiokulma SW 24 mm<\/li>\n<li data-start=\"311\" data-end=\"335\">Levyt, \u00d8 48, 55, 65 mm<\/li>\n<li data-start=\"338\" data-end=\"391\">Holkki, sis\u00e4-\u00d8: 47 mm, ulko-\u00d8: 55 mm, pituus: 72 mm<\/li>\n<li data-start=\"394\" data-end=\"447\">Holkki, sis\u00e4-\u00d8: 50 mm, ulko-\u00d8: 64 mm, pituus: 70 mm<\/li>\n<li data-start=\"450\" data-end=\"519\">Porrastettu holkki, sis\u00e4-\u00d8: 36, 40 mm, ulko-\u00d8: 45 mm, pituus: 30 mm<\/li>\n<li data-start=\"522\" data-end=\"591\">Porrastettu holkki, sis\u00e4-\u00d8: 47, 53 mm, ulko-\u00d8: 58 mm, pituus: 43 mm<\/li>\n<li data-start=\"594\" data-end=\"663\">Porrastettu holkki, sis\u00e4-\u00d8: 47, 53 mm, ulko-\u00d8: 58 mm, pituus: 61 mm<\/li>\n<li data-start=\"666\" data-end=\"719\">Holkki, sis\u00e4-\u00d8: 32 mm, ulko-\u00d8: 46 mm, pituus: 26 mm<\/li>\n<li data-start=\"722\" data-end=\"775\">Holkki, sis\u00e4-\u00d8: 46 mm, ulko-\u00d8: 55 mm, pituus: 32 mm<\/li>\n<li data-start=\"778\" data-end=\"831\">Holkki, sis\u00e4-\u00d8: 47 mm, ulko-\u00d8: 51 mm, pituus: 35 mm<\/li>\n<li data-start=\"834\" data-end=\"897\">Viistetty holkki, sis\u00e4-\u00d8: 47 mm, ulko-\u00d8: 55 mm, pituus: 32 mm<\/li>\n<li data-start=\"900\" data-end=\"976\">Porrastettu, madallettu levy, sis\u00e4-\u00d8: 57 mm, ulko-\u00d8: 70 mm, paksuus: 13 mm<\/li>\n<li data-start=\"979\" data-end=\"1043\">Holkki, 1\/3 avoin, sis\u00e4-\u00d8: 59 mm, ulko-\u00d8: 70 mm, pituus: 55 mm<\/li>\n<\/ul>\n<hr data-start=\"1045\" data-end=\"1048\" \/>\n<h3 data-start=\"1050\" data-end=\"1084\">Sopii seuraaviin BMW-malleihin<\/h3>\n<p data-start=\"1086\" data-end=\"1159\"><strong data-start=\"1086\" data-end=\"1128\">Pallonivelten irrotus \/ asennus taakse<\/strong>, sopii seuraaviin malleihin:<\/p>\n<ul>\n<li data-start=\"1162\" data-end=\"1194\">5-sarja: E39 \/ E60 \/ E61 \/ E70<\/li>\n<li data-start=\"1197\" data-end=\"1217\">6-sarja: E63 \/ E64<\/li>\n<li data-start=\"1220\" data-end=\"1252\">7-sarja: E38 \/ E65 \/ E66 \/ E67<\/li>\n<li data-start=\"1255\" data-end=\"1269\">8-sarja: E52<\/li>\n<\/ul>\n<p data-start=\"1271\" data-end=\"1366\"><strong data-start=\"1271\" data-end=\"1335\">Pallonivelten ja kumilaakerien irrotus \/ asennus tukivarteen<\/strong>, sopii seuraaviin malleihin:<\/p>\n<ul>\n<li data-start=\"1369\" data-end=\"1395\">3-sarja: E36 \/ E46 \/ E83<\/li>\n<li data-start=\"1398\" data-end=\"1430\">5-sarja: E39 \/ E60 \/ E61 \/ E70<\/li>\n<li data-start=\"1433\" data-end=\"1453\">6-sarja: E63 \/ E64<\/li>\n<li data-start=\"1456\" data-end=\"1488\">7-sarja: E38 \/ E65 \/ E66 \/ E67<\/li>\n<li data-start=\"1491\" data-end=\"1511\">8-sarja: E31 \/ E52<\/li>\n<li data-start=\"1514\" data-end=\"1536\">Z4-mallit: E85 \/ E86<\/li>\n<\/ul>\n<p data-start=\"1538\" data-end=\"1621\"><strong data-start=\"1538\" data-end=\"1590\">Kumipuslan irrotus \/ asennus taka-akselipalkkiin<\/strong>, sopii seuraaviin malleihin:<\/p>\n<ul>\n<li data-start=\"1624\" data-end=\"1650\">3-sarja: E36 \/ E46 \/ E83<\/li>\n<li data-start=\"1653\" data-end=\"1667\">8-sarja: E31<\/li>\n<li data-start=\"1670\" data-end=\"1692\">Z4-mallit: E85 \/ E86<\/li>\n<\/ul>\n<p data-start=\"1694\" data-end=\"1801\"><strong data-start=\"1694\" data-end=\"1770\">Kumilaakerien irrotus \/ asennus voimansiirron kiinnikkeisiin (etu ja taka)<\/strong>, sopii seuraaviin malleihin:<\/p>\n<ul>\n<li data-start=\"1804\" data-end=\"1824\">1-sarja: E81 \/ E87<\/li>\n<li data-start=\"1827\" data-end=\"1877\">3-sarja: E36 \/ E46 \/ E83 \/ E90 \/ E91 \/ E92 \/ E93<\/li>\n<li data-start=\"1880\" data-end=\"1900\">5-sarja: E60 \/ E61<\/li>\n<li data-start=\"1903\" data-end=\"1923\">6-sarja: E63 \/ E64<\/li>\n<li data-start=\"1926\" data-end=\"1958\">7-sarja: E38 \/ E65 \/ E66 \/ E67<\/li>\n<li data-start=\"1961\" data-end=\"1975\">8-sarja: E31<\/li>\n<li data-start=\"1978\" data-end=\"2000\">Z4-mallit: E85 \/ E86<\/li>\n<li data-start=\"2003\" data-end=\"2023\">MINI Cooper S: R53<\/li>\n<\/ul>\n<p data-start=\"2025\" data-end=\"2056\" data-is-last-node=\"\" data-is-only-node=\"\"><strong data-start=\"2025\" data-end=\"2056\" data-is-last-node=\"\">Valmistaja: Smart Equipment<\/strong><\/p>\n","protected":false},"featured_media":31545,"template":"","meta":{"_acf_changed":false,"_seopress_robots_primary_cat":"","_seopress_titles_title":"","_seopress_titles_desc":"","_seopress_robots_index":""},"product_cat":[481,339,40],"product_tag":[],"class_list":{"0":"post-31549","1":"product","2":"type-product","3":"status-publish","4":"has-post-thumbnail","6":"product_cat-alusta-ja-voimansiirtotyokalut","7":"product_cat-autotyokalut","8":"product_cat-korjaamolaitteet","10":"first","11":"instock","12":"taxable","13":"shipping-taxable","14":"purchasable","15":"product-type-simple","swatches":"rey-swatches","show_selected":""},"acf":[],"_links":{"self":[{"href":"https:\/\/toolhouse.fi\/fi\/wp-json\/wp\/v2\/product\/31549","targetHints":{"allow":["GET"]}}],"collection":[{"href":"https:\/\/toolhouse.fi\/fi\/wp-json\/wp\/v2\/product"}],"about":[{"href":"https:\/\/toolhouse.fi\/fi\/wp-json\/wp\/v2\/types\/product"}],"version-history":[{"count":1,"href":"https:\/\/toolhouse.fi\/fi\/wp-json\/wp\/v2\/product\/31549\/revisions"}],"predecessor-version":[{"id":31552,"href":"https:\/\/toolhouse.fi\/fi\/wp-json\/wp\/v2\/product\/31549\/revisions\/31552"}],"wp:featuredmedia":[{"embeddable":true,"href":"https:\/\/toolhouse.fi\/fi\/wp-json\/wp\/v2\/media\/31545"}],"wp:attachment":[{"href":"https:\/\/toolhouse.fi\/fi\/wp-json\/wp\/v2\/media?parent=31549"}],"wp:term":[{"taxonomy":"product_cat","embeddable":true,"href":"https:\/\/toolhouse.fi\/fi\/wp-json\/wp\/v2\/product_cat?post=31549"},{"taxonomy":"product_tag","embeddable":true,"href":"https:\/\/toolhouse.fi\/fi\/wp-json\/wp\/v2\/product_tag?post=31549"}],"curies":[{"name":"wp","href":"https:\/\/api.w.org\/{rel}","templated":true}]}}