{"id":31562,"date":"2026-02-18T14:24:40","date_gmt":"2026-02-18T12:24:40","guid":{"rendered":"https:\/\/toolhouse.fi\/?post_type=product&#038;p=31562"},"modified":"2026-02-18T14:36:08","modified_gmt":"2026-02-18T12:36:08","slug":"pyoralaakeri-tyokalusarja-31-os-condor-werkzeug","status":"publish","type":"product","link":"https:\/\/toolhouse.fi\/fi\/tuote\/pyoralaakeri-tyokalusarja-31-os-condor-werkzeug\/","title":{"rendered":"Py\u00f6r\u00e4laakeri-ty\u00f6kalusarja, 31-os Condor Werkzeug"},"content":{"rendered":"","protected":false},"excerpt":{"rendered":"<p data-start=\"0\" data-end=\"38\"><strong data-start=\"0\" data-end=\"38\">Py\u00f6r\u00e4nlaakerity\u00f6kalusarja, 31 osaa<\/strong><\/p>\n<p data-start=\"40\" data-end=\"148\">Ammattik\u00e4ytt\u00f6\u00f6n tarkoitettu ty\u00f6kalusarja, joka soveltuu py\u00f6r\u00e4nlaakereille monissa yleisiss\u00e4 henkil\u00f6autoissa.<\/p>\n<ul>\n<li data-start=\"152\" data-end=\"209\">Yleismallinen \u2013 sopii moniin suosittuihin automalleihin<\/li>\n<li data-start=\"212\" data-end=\"275\">Laakereiden ja napojen asennus ja irrotus suoraan ajoneuvossa<\/li>\n<li data-start=\"316\" data-end=\"356\">Ei vaadi py\u00f6r\u00e4nsuuntausta ty\u00f6n j\u00e4lkeen<\/li>\n<li data-start=\"359\" data-end=\"413\">Tukeva ja tarkka painoruuvi turvalliseen asennukseen<\/li>\n<\/ul>\n<p data-start=\"415\" data-end=\"437\"><strong data-start=\"415\" data-end=\"437\">Sis\u00e4lt\u00f6 (31 osaa):<\/strong><\/p>\n<ul>\n<li data-start=\"441\" data-end=\"453\">Painoruuvi<\/li>\n<li data-start=\"456\" data-end=\"479\">3 kpl pulttia M12x1,5<\/li>\n<li data-start=\"482\" data-end=\"505\">3 kpl pulttia M14x1,5<\/li>\n<li data-start=\"508\" data-end=\"552\">4 kpl adaptereita: 76, 86, 91, 102 mm<\/li>\n<li data-start=\"555\" data-end=\"679\">14 kpl painolevyj\u00e4:<br data-start=\"574\" data-end=\"577\" \/>50,0 \/ 55,0 \/ 59,0 \/ 63,3 \/ 66,6 \/ 70,3 \/ 71,5 \/ 73,1 \/ 73,4 \/ 74,8 \/ 77,5 \/ 81,5 \/ 83,4 \/ 88,4 mm<\/li>\n<\/ul>\n<p data-start=\"681\" data-end=\"720\" data-is-last-node=\"\" data-is-only-node=\"\"><strong data-start=\"681\" data-end=\"696\">Valmistaja:<\/strong> Condor Werkzeug (Saksa)<\/p>\n","protected":false},"featured_media":31558,"template":"","meta":{"_acf_changed":false,"_seopress_robots_primary_cat":"","_seopress_titles_title":"","_seopress_titles_desc":"","_seopress_robots_index":""},"product_cat":[481,339,40],"product_tag":[],"class_list":{"0":"post-31562","1":"product","2":"type-product","3":"status-publish","4":"has-post-thumbnail","6":"product_cat-alusta-ja-voimansiirtotyokalut","7":"product_cat-autotyokalut","8":"product_cat-korjaamolaitteet","10":"first","11":"instock","12":"sale","13":"taxable","14":"shipping-taxable","15":"purchasable","16":"product-type-simple","swatches":"rey-swatches","show_selected":""},"acf":[],"_links":{"self":[{"href":"https:\/\/toolhouse.fi\/fi\/wp-json\/wp\/v2\/product\/31562","targetHints":{"allow":["GET"]}}],"collection":[{"href":"https:\/\/toolhouse.fi\/fi\/wp-json\/wp\/v2\/product"}],"about":[{"href":"https:\/\/toolhouse.fi\/fi\/wp-json\/wp\/v2\/types\/product"}],"version-history":[{"count":1,"href":"https:\/\/toolhouse.fi\/fi\/wp-json\/wp\/v2\/product\/31562\/revisions"}],"predecessor-version":[{"id":31565,"href":"https:\/\/toolhouse.fi\/fi\/wp-json\/wp\/v2\/product\/31562\/revisions\/31565"}],"wp:featuredmedia":[{"embeddable":true,"href":"https:\/\/toolhouse.fi\/fi\/wp-json\/wp\/v2\/media\/31558"}],"wp:attachment":[{"href":"https:\/\/toolhouse.fi\/fi\/wp-json\/wp\/v2\/media?parent=31562"}],"wp:term":[{"taxonomy":"product_cat","embeddable":true,"href":"https:\/\/toolhouse.fi\/fi\/wp-json\/wp\/v2\/product_cat?post=31562"},{"taxonomy":"product_tag","embeddable":true,"href":"https:\/\/toolhouse.fi\/fi\/wp-json\/wp\/v2\/product_tag?post=31562"}],"curies":[{"name":"wp","href":"https:\/\/api.w.org\/{rel}","templated":true}]}}