{"id":31597,"date":"2026-02-20T14:49:14","date_gmt":"2026-02-20T12:49:14","guid":{"rendered":"https:\/\/toolhouse.fi\/?post_type=product&#038;p=31597"},"modified":"2026-02-20T14:57:00","modified_gmt":"2026-02-20T12:57:00","slug":"jarruputkityokalusarja-hydraulinen","status":"publish","type":"product","link":"https:\/\/toolhouse.fi\/fi\/tuote\/jarruputkityokalusarja-hydraulinen\/","title":{"rendered":"Jarruputkity\u00f6kalusarja hydraulinen"},"content":{"rendered":"","protected":false},"excerpt":{"rendered":"<p data-start=\"118\" data-end=\"181\"><strong data-start=\"118\" data-end=\"181\">Hydraulinen jarruputkity\u00f6kalu p\u00e4ivitt\u00e4iseen ammattik\u00e4ytt\u00f6\u00f6n ASTA A-ROG 103<\/strong><\/p>\n<p data-start=\"183\" data-end=\"327\">Laadukas ja kest\u00e4v\u00e4 hydraulinen jarruputkity\u00f6kalu ammattik\u00e4ytt\u00f6\u00f6n. Kevyt mutta vahvarakenteinen malli, jota voidaan k\u00e4ytt\u00e4\u00e4 suoraan ajoneuvossa.<\/p>\n<p data-start=\"329\" data-end=\"355\"><strong data-start=\"329\" data-end=\"353\">Sopii putkikokoihin:<\/strong><\/p>\n<ul>\n<li data-start=\"358\" data-end=\"375\">4,75 mm (3\/16&#8243;)<\/li>\n<li data-start=\"378\" data-end=\"387\">5,00 mm<\/li>\n<li data-start=\"390\" data-end=\"399\">6,00 mm<\/li>\n<\/ul>\n<p data-start=\"401\" data-end=\"422\"><strong data-start=\"401\" data-end=\"420\">Yhteensopivuus:<\/strong><\/p>\n<ul>\n<li data-start=\"425\" data-end=\"471\">Ter\u00e4s-, alumiini-, messinki- ja kupariputket<\/li>\n<li data-start=\"474\" data-end=\"513\">Soveltuu my\u00f6s pinnoitetuille putkille<\/li>\n<li data-start=\"516\" data-end=\"556\">Sopii sek\u00e4 SAE- ett\u00e4 DIN-mitoituksille<\/li>\n<\/ul>\n<p data-start=\"558\" data-end=\"625\">Pakkaukseen sis\u00e4ltyy putkileikkuri, jossa on j\u00e4ysteenpoistoty\u00f6kalu.<\/p>\n<p data-start=\"627\" data-end=\"648\"><strong data-start=\"627\" data-end=\"637\">Malli:<\/strong> ASTA A-ROG 103<\/p>\n","protected":false},"featured_media":31602,"template":"","meta":{"_acf_changed":false,"_seopress_robots_primary_cat":"","_seopress_titles_title":"","_seopress_titles_desc":"","_seopress_robots_index":""},"product_cat":[339,482,40],"product_tag":[],"class_list":{"0":"post-31597","1":"product","2":"type-product","3":"status-publish","4":"has-post-thumbnail","6":"product_cat-autotyokalut","7":"product_cat-jarrutyokalut","8":"product_cat-korjaamolaitteet","10":"first","11":"outofstock","12":"taxable","13":"shipping-taxable","14":"purchasable","15":"product-type-simple","swatches":"rey-swatches","show_selected":""},"acf":[],"_links":{"self":[{"href":"https:\/\/toolhouse.fi\/fi\/wp-json\/wp\/v2\/product\/31597","targetHints":{"allow":["GET"]}}],"collection":[{"href":"https:\/\/toolhouse.fi\/fi\/wp-json\/wp\/v2\/product"}],"about":[{"href":"https:\/\/toolhouse.fi\/fi\/wp-json\/wp\/v2\/types\/product"}],"version-history":[{"count":1,"href":"https:\/\/toolhouse.fi\/fi\/wp-json\/wp\/v2\/product\/31597\/revisions"}],"predecessor-version":[{"id":31600,"href":"https:\/\/toolhouse.fi\/fi\/wp-json\/wp\/v2\/product\/31597\/revisions\/31600"}],"wp:featuredmedia":[{"embeddable":true,"href":"https:\/\/toolhouse.fi\/fi\/wp-json\/wp\/v2\/media\/31602"}],"wp:attachment":[{"href":"https:\/\/toolhouse.fi\/fi\/wp-json\/wp\/v2\/media?parent=31597"}],"wp:term":[{"taxonomy":"product_cat","embeddable":true,"href":"https:\/\/toolhouse.fi\/fi\/wp-json\/wp\/v2\/product_cat?post=31597"},{"taxonomy":"product_tag","embeddable":true,"href":"https:\/\/toolhouse.fi\/fi\/wp-json\/wp\/v2\/product_tag?post=31597"}],"curies":[{"name":"wp","href":"https:\/\/api.w.org\/{rel}","templated":true}]}}