{"id":31611,"date":"2026-02-20T15:07:45","date_gmt":"2026-02-20T13:07:45","guid":{"rendered":"https:\/\/toolhouse.fi\/?post_type=product&#038;p=31611"},"modified":"2026-02-20T15:25:00","modified_gmt":"2026-02-20T13:25:00","slug":"kumityyny-nostimille-100mm-4-kpl","status":"publish","type":"product","link":"https:\/\/toolhouse.fi\/fi\/tuote\/kumityyny-nostimille-100mm-4-kpl\/","title":{"rendered":"Kumityyny nostimille 100mm 4 kpl"},"content":{"rendered":"","protected":false},"excerpt":{"rendered":"<p><strong>Autonostimen pehmiketyynyt JBM.<\/strong><\/p>\n<ul>\n<li>Oikeaa kumia, n\u00e4ill\u00e4 est\u00e4t auton helmoja vaurioitumasta nostettaessa autoa nosturilla.<\/li>\n<li>Kovaa kumia, eiv\u00e4t painu kasaan, mutta pehmustavat riitt\u00e4v\u00e4sti.<\/li>\n<li>\u00d6ljynkest\u00e4v\u00e4 kumi<\/li>\n<li class=\"product_name__name m-0\">PxLxK:160x120x100mm<\/li>\n<\/ul>\n<p>Toimitus sis\u00e4lt\u00e4\u00e4 4 kpl kumityynyy<\/p>\n","protected":false},"featured_media":31613,"template":"","meta":{"_acf_changed":false,"_seopress_robots_primary_cat":"none","_seopress_titles_title":"","_seopress_titles_desc":"","_seopress_robots_index":""},"product_cat":[455,290],"product_tag":[],"class_list":{"0":"post-31611","1":"product","2":"type-product","3":"status-publish","4":"has-post-thumbnail","6":"product_cat-ajoneuvonostimet","7":"product_cat-varaosat-ja-tarvikkeet","8":"product_shipping_class-tillbehor-790e","10":"first","11":"instock","12":"taxable","13":"shipping-taxable","14":"purchasable","15":"product-type-simple","swatches":"rey-swatches","show_selected":""},"acf":[],"_links":{"self":[{"href":"https:\/\/toolhouse.fi\/fi\/wp-json\/wp\/v2\/product\/31611","targetHints":{"allow":["GET"]}}],"collection":[{"href":"https:\/\/toolhouse.fi\/fi\/wp-json\/wp\/v2\/product"}],"about":[{"href":"https:\/\/toolhouse.fi\/fi\/wp-json\/wp\/v2\/types\/product"}],"version-history":[{"count":1,"href":"https:\/\/toolhouse.fi\/fi\/wp-json\/wp\/v2\/product\/31611\/revisions"}],"predecessor-version":[{"id":31617,"href":"https:\/\/toolhouse.fi\/fi\/wp-json\/wp\/v2\/product\/31611\/revisions\/31617"}],"wp:featuredmedia":[{"embeddable":true,"href":"https:\/\/toolhouse.fi\/fi\/wp-json\/wp\/v2\/media\/31613"}],"wp:attachment":[{"href":"https:\/\/toolhouse.fi\/fi\/wp-json\/wp\/v2\/media?parent=31611"}],"wp:term":[{"taxonomy":"product_cat","embeddable":true,"href":"https:\/\/toolhouse.fi\/fi\/wp-json\/wp\/v2\/product_cat?post=31611"},{"taxonomy":"product_tag","embeddable":true,"href":"https:\/\/toolhouse.fi\/fi\/wp-json\/wp\/v2\/product_tag?post=31611"}],"curies":[{"name":"wp","href":"https:\/\/api.w.org\/{rel}","templated":true}]}}