{"id":31667,"date":"2026-02-23T14:23:09","date_gmt":"2026-02-23T12:23:09","guid":{"rendered":"https:\/\/toolhouse.fi\/?post_type=product&#038;p=31667"},"modified":"2026-02-23T14:25:14","modified_gmt":"2026-02-23T12:25:14","slug":"varinanvaimentimen-pidatinavain-ford-volvo","status":"publish","type":"product","link":"https:\/\/toolhouse.fi\/fi\/tuote\/varinanvaimentimen-pidatinavain-ford-volvo\/","title":{"rendered":"V\u00e4rin\u00e4nvaimentimen pid\u00e4tinavain, Ford &#8211; Volvo"},"content":{"rendered":"","protected":false},"excerpt":{"rendered":"<h2 data-start=\"59\" data-end=\"108\">Condor kampiakselin vastaty\u00f6kalu, Ford \/ Volvo<\/h2>\n<p data-start=\"110\" data-end=\"221\">Ty\u00f6kalu v\u00e4rin\u00e4nvaimentimen (hihnapy\u00f6r\u00e4n) paikallaan pit\u00e4miseen kampiakselin keskimm\u00e4ist\u00e4 pulttia irrotettaessa.<\/p>\n<h3 data-start=\"223\" data-end=\"257\">Sopii seuraaviin moottoreihin:<\/h3>\n<h3 data-start=\"259\" data-end=\"269\">Ford<\/h3>\n<p data-start=\"270\" data-end=\"350\">2.5L Duratec -bensiinimoottorit, esim.:<br data-start=\"309\" data-end=\"312\" \/>Focus, Galaxy, Kuga, Mondeo ja S-Max<\/p>\n<h3 data-start=\"352\" data-end=\"363\">Volvo<\/h3>\n<p data-start=\"364\" data-end=\"453\">Bensiinimoottorit 1.6, 1.8, 1.9, 2.0, 2.3, 2.4, 2.5, 2.8 ja 2.9L<br data-start=\"428\" data-end=\"431\" \/>(4- ja 5-sylinteriset)<\/p>\n<p data-start=\"455\" data-end=\"501\">Dieselmoottorit 2.0 ja 2.4L<br data-start=\"482\" data-end=\"485\" \/>(5-sylinteriset)<\/p>\n<p data-start=\"503\" data-end=\"582\">Esimerkkimalleja:<br data-start=\"520\" data-end=\"523\" \/>C30, C70, S40, S60, S70, S80, V40, V50, V70, XC70 ja XC90<\/p>\n<hr data-start=\"584\" data-end=\"587\" \/>\n<h3 data-start=\"589\" data-end=\"623\">Esimerkkej\u00e4 moottorikoodeista:<\/h3>\n<p data-start=\"625\" data-end=\"673\"><strong data-start=\"625\" data-end=\"634\">Ford:<\/strong><br data-start=\"634\" data-end=\"637\" \/>HUBA, HUWA, HYDA, HYDB, JZDA, LCBD<\/p>\n<p data-start=\"675\" data-end=\"781\"><strong data-start=\"675\" data-end=\"685\">Volvo:<\/strong><br data-start=\"685\" data-end=\"688\" \/>B4164, B4184, B4194, B4204, B5204, B5234, B5244, B5254,<br data-start=\"743\" data-end=\"746\" \/>B6284, B6294, B6304, D5204, D5244<\/p>\n<hr data-start=\"783\" data-end=\"786\" \/>\n<h3 data-start=\"788\" data-end=\"803\">Muut tiedot<\/h3>\n<ul>\n<li data-start=\"807\" data-end=\"846\">OEM-vertailunumero: 3031179 \/ 9995433<\/li>\n<li data-start=\"849\" data-end=\"891\">Sopii ajoneuvovalmistajille: Ford, Volvo<\/li>\n<li data-start=\"894\" data-end=\"909\">Paino: 0,6 kg<\/li>\n<li data-start=\"912\" data-end=\"928\">Pituus: 255 mm<\/li>\n<\/ul>\n","protected":false},"featured_media":31672,"template":"","meta":{"_acf_changed":false,"_seopress_robots_primary_cat":"","_seopress_titles_title":"","_seopress_titles_desc":"","_seopress_robots_index":""},"product_cat":[339,480,40],"product_tag":[],"class_list":{"0":"post-31667","1":"product","2":"type-product","3":"status-publish","4":"has-post-thumbnail","6":"product_cat-autotyokalut","7":"product_cat-moottorityokalut","8":"product_cat-korjaamolaitteet","10":"first","11":"instock","12":"taxable","13":"shipping-taxable","14":"purchasable","15":"product-type-simple","swatches":"rey-swatches","show_selected":""},"acf":[],"_links":{"self":[{"href":"https:\/\/toolhouse.fi\/fi\/wp-json\/wp\/v2\/product\/31667","targetHints":{"allow":["GET"]}}],"collection":[{"href":"https:\/\/toolhouse.fi\/fi\/wp-json\/wp\/v2\/product"}],"about":[{"href":"https:\/\/toolhouse.fi\/fi\/wp-json\/wp\/v2\/types\/product"}],"version-history":[{"count":1,"href":"https:\/\/toolhouse.fi\/fi\/wp-json\/wp\/v2\/product\/31667\/revisions"}],"predecessor-version":[{"id":31670,"href":"https:\/\/toolhouse.fi\/fi\/wp-json\/wp\/v2\/product\/31667\/revisions\/31670"}],"wp:featuredmedia":[{"embeddable":true,"href":"https:\/\/toolhouse.fi\/fi\/wp-json\/wp\/v2\/media\/31672"}],"wp:attachment":[{"href":"https:\/\/toolhouse.fi\/fi\/wp-json\/wp\/v2\/media?parent=31667"}],"wp:term":[{"taxonomy":"product_cat","embeddable":true,"href":"https:\/\/toolhouse.fi\/fi\/wp-json\/wp\/v2\/product_cat?post=31667"},{"taxonomy":"product_tag","embeddable":true,"href":"https:\/\/toolhouse.fi\/fi\/wp-json\/wp\/v2\/product_tag?post=31667"}],"curies":[{"name":"wp","href":"https:\/\/api.w.org\/{rel}","templated":true}]}}