{"id":31703,"date":"2026-02-26T16:31:17","date_gmt":"2026-02-26T14:31:17","guid":{"rendered":"https:\/\/toolhouse.fi\/?post_type=product&#038;p=31703"},"modified":"2026-03-03T14:13:36","modified_gmt":"2026-03-03T12:13:36","slug":"halkaisukone-geko-7t","status":"publish","type":"product","link":"https:\/\/toolhouse.fi\/fi\/tuote\/halkaisukone-geko-7t\/","title":{"rendered":"Halkaisukone Geko 7T"},"content":{"rendered":"<table class=\"w-fit min-w-(--thread-content-width)\" data-start=\"1436\" data-end=\"1833\">\n<thead data-start=\"1436\" data-end=\"1460\">\n<tr data-start=\"1436\" data-end=\"1460\">\n<th data-start=\"1436\" data-end=\"1452\" data-col-size=\"sm\"><\/th>\n<th data-start=\"1452\" data-end=\"1460\" data-col-size=\"sm\"><\/th>\n<\/tr>\n<\/thead>\n<tbody data-start=\"1484\" data-end=\"1833\">\n<tr data-start=\"1484\" data-end=\"1517\">\n<td data-start=\"1484\" data-end=\"1492\" data-col-size=\"sm\">Moottori<\/td>\n<td data-col-size=\"sm\" data-start=\"1492\" data-end=\"1517\">2,2 kW\u00a0 230 V<\/td>\n<\/tr>\n<tr data-start=\"1518\" data-end=\"1539\">\n<td data-start=\"1518\" data-end=\"1530\" data-col-size=\"sm\">Halkaisuvoima<\/td>\n<td data-col-size=\"sm\" data-start=\"1530\" data-end=\"1539\">7 t<\/td>\n<\/tr>\n<tr data-start=\"1540\" data-end=\"1567\">\n<td data-start=\"1540\" data-end=\"1557\" data-col-size=\"sm\">Suurin puun pituus<\/td>\n<td data-col-size=\"sm\" data-start=\"1557\" data-end=\"1567\">520 mm<\/td>\n<\/tr>\n<tr data-start=\"1568\" data-end=\"1599\">\n<td data-start=\"1568\" data-end=\"1584\" data-col-size=\"sm\">Suurin puun halkaisija<\/td>\n<td data-col-size=\"sm\" data-start=\"1584\" data-end=\"1599\">250 mm<\/td>\n<\/tr>\n<tr data-start=\"1600\" data-end=\"1646\">\n<td data-start=\"1600\" data-end=\"1626\" data-col-size=\"sm\">Halkaisunopeus<\/td>\n<td data-col-size=\"sm\" data-start=\"1626\" data-end=\"1646\">3,08 cm\/s<\/td>\n<\/tr>\n<tr data-start=\"1647\" data-end=\"1683\">\n<td data-start=\"1647\" data-end=\"1671\" data-col-size=\"sm\">Palautusnopeus<\/td>\n<td data-col-size=\"sm\" data-start=\"1671\" data-end=\"1683\">5,29 cm\/s<\/td>\n<\/tr>\n<tr data-start=\"1684\" data-end=\"1714\">\n<td data-start=\"1684\" data-end=\"1703\" data-col-size=\"sm\">Suurin hydraulipaine<\/td>\n<td data-col-size=\"sm\" data-start=\"1703\" data-end=\"1714\">208 bar<\/td>\n<\/tr>\n<tr data-start=\"1715\" data-end=\"1744\">\n<td data-start=\"1715\" data-end=\"1733\" data-col-size=\"sm\">Hydrauli\u00f6ljys\u00e4ili\u00f6n tilavuus<\/td>\n<td data-col-size=\"sm\" data-start=\"1733\" data-end=\"1744\">3,5 l<\/td>\n<\/tr>\n<tr data-start=\"1745\" data-end=\"1790\">\n<td data-start=\"1745\" data-end=\"1764\" data-col-size=\"sm\">Mitat (P \u00d7 L)<\/td>\n<td data-col-size=\"sm\" data-start=\"1764\" data-end=\"1790\">1180&#215;520 mm<\/td>\n<\/tr>\n<tr data-start=\"1791\" data-end=\"1808\">\n<td data-start=\"1791\" data-end=\"1798\" data-col-size=\"sm\">Paino<\/td>\n<td data-col-size=\"sm\" data-start=\"1798\" data-end=\"1808\">62 kg<\/td>\n<\/tr>\n<tr data-start=\"1809\" data-end=\"1833\">\n<td data-start=\"1809\" data-end=\"1823\" data-col-size=\"sm\">CE-hyv\u00e4ksytty<\/p>\n<p>Valmistaja<\/td>\n<td data-col-size=\"sm\" data-start=\"1823\" data-end=\"1833\">Kyll\u00e4<\/p>\n<p>Geko<\/td>\n<\/tr>\n<\/tbody>\n<\/table>\n","protected":false},"excerpt":{"rendered":"<h3 data-start=\"0\" data-end=\"61\"><strong>Geko 7 tonnin halkomakone 230V<\/strong><\/h3>\n<p data-start=\"63\" data-end=\"253\">Tehokas ja tukeva halkomakone, jonka halkaisuvoima on 7 tonnia. Soveltuu enint\u00e4\u00e4n 520 mm pituisten puiden halkaisuun. Mukana jalusta, joka tarjoaa miellytt\u00e4v\u00e4n ja ergonomisen ty\u00f6skentelykorkeuden.<\/p>\n<div class=\"flex flex-col text-sm\">\n<article class=\"text-token-text-primary w-full focus:outline-none [--shadow-height:45px] has-data-writing-block:pointer-events-none has-data-writing-block:-mt-(--shadow-height) has-data-writing-block:pt-(--shadow-height) [&amp;:has([data-writing-block])&gt;*]:pointer-events-auto scroll-mt-[calc(var(--header-height)+min(200px,max(70px,20svh)))]\" dir=\"auto\" tabindex=\"-1\" data-turn-id=\"66b27550-d9f9-4756-922d-c883e367719d\" data-testid=\"conversation-turn-36\" data-scroll-anchor=\"true\" data-turn=\"assistant\">\n<div class=\"text-base my-auto mx-auto pb-10 [--thread-content-margin:--spacing(4)] @w-sm\/main:[--thread-content-margin:--spacing(6)] @w-lg\/main:[--thread-content-margin:--spacing(16)] px-(--thread-content-margin)\">\n<div class=\"[--thread-content-max-width:40rem] @w-lg\/main:[--thread-content-max-width:48rem] mx-auto max-w-(--thread-content-max-width) flex-1 group\/turn-messages focus-visible:outline-hidden relative flex w-full min-w-0 flex-col agent-turn\" tabindex=\"-1\">\n<div class=\"z-0 flex min-h-[46px] justify-start\"><\/div>\n<\/div>\n<\/div>\n<\/article>\n<\/div>\n<h3 data-start=\"255\" data-end=\"271\">Ominaisuudet<\/h3>\n<ul>\n<li data-start=\"315\" data-end=\"341\">Jalusta kuljetuspy\u00f6rill\u00e4<\/li>\n<li data-start=\"315\" data-end=\"341\">Halkaisupituus: 52 cm<\/li>\n<li data-start=\"344\" data-end=\"366\">K\u00e4ytt\u00f6j\u00e4nnite: 230 V<\/li>\n<li data-start=\"541\" data-end=\"580\">Tehokas ja luotettava 2,2 kW moottori<\/li>\n<li>Hydraulisylinteri automaattisella m\u00e4nn\u00e4n palautuksella<\/li>\n<li data-start=\"421\" data-end=\"477\">S\u00e4\u00e4dett\u00e4v\u00e4 palautusliike nopeampaa ty\u00f6skentely\u00e4 varten<\/li>\n<li data-start=\"480\" data-end=\"538\">Sivutasot helpottavat puiden k\u00e4sittely\u00e4 halkaisun aikana<\/li>\n<li data-start=\"583\" data-end=\"623\">Tukevat suojat halkaisuter\u00e4n ymp\u00e4rill\u00e4<\/li>\n<li>Turvallinen k\u00e4ytt\u00f6 kaksik\u00e4siohjauksella<\/li>\n<li>Toimitetaan valmiiksi t\u00e4ytettyn\u00e4 hydrauli\u00f6ljy\u00e4<\/li>\n<li>Hydraul\u00f6ljyn tasonosoitin<\/li>\n<li data-start=\"748\" data-end=\"788\">Kuljetuspy\u00f6r\u00e4t helpottavat siirt\u00e4mist\u00e4<\/li>\n<\/ul>\n","protected":false},"featured_media":31727,"template":"","meta":{"_acf_changed":false,"_seopress_robots_primary_cat":"none","_seopress_titles_title":"","_seopress_titles_desc":"","_seopress_robots_index":""},"product_cat":[782,780],"product_tag":[],"class_list":{"0":"post-31703","1":"product","2":"type-product","3":"status-publish","4":"has-post-thumbnail","6":"product_cat-halkaisukoneet","7":"product_cat-piha-puutarha","9":"first","10":"instock","11":"sale","12":"taxable","13":"shipping-taxable","14":"purchasable","15":"product-type-simple","swatches":"rey-swatches","show_selected":""},"acf":[],"_links":{"self":[{"href":"https:\/\/toolhouse.fi\/fi\/wp-json\/wp\/v2\/product\/31703","targetHints":{"allow":["GET"]}}],"collection":[{"href":"https:\/\/toolhouse.fi\/fi\/wp-json\/wp\/v2\/product"}],"about":[{"href":"https:\/\/toolhouse.fi\/fi\/wp-json\/wp\/v2\/types\/product"}],"version-history":[{"count":3,"href":"https:\/\/toolhouse.fi\/fi\/wp-json\/wp\/v2\/product\/31703\/revisions"}],"predecessor-version":[{"id":31741,"href":"https:\/\/toolhouse.fi\/fi\/wp-json\/wp\/v2\/product\/31703\/revisions\/31741"}],"wp:featuredmedia":[{"embeddable":true,"href":"https:\/\/toolhouse.fi\/fi\/wp-json\/wp\/v2\/media\/31727"}],"wp:attachment":[{"href":"https:\/\/toolhouse.fi\/fi\/wp-json\/wp\/v2\/media?parent=31703"}],"wp:term":[{"taxonomy":"product_cat","embeddable":true,"href":"https:\/\/toolhouse.fi\/fi\/wp-json\/wp\/v2\/product_cat?post=31703"},{"taxonomy":"product_tag","embeddable":true,"href":"https:\/\/toolhouse.fi\/fi\/wp-json\/wp\/v2\/product_tag?post=31703"}],"curies":[{"name":"wp","href":"https:\/\/api.w.org\/{rel}","templated":true}]}}